{"id":117144,"date":"2022-09-13T15:24:45","date_gmt":"2022-09-13T13:24:45","guid":{"rendered":"https:\/\/keramamueblesdejardin.com\/uncategorized\/garten-essgruppe-klapptisch-120x70-4-stuehle-holz-und-rattan-enea-synthetisch-mit-armlehnen-java-light\/"},"modified":"2024-10-22T16:43:53","modified_gmt":"2024-10-22T14:43:53","slug":"garten-esstisch-klappgarnitur-120x70-4-stuhle-holz-und-ratan-enea-kunststoff-mit-armen-java-licht","status":"publish","type":"product","link":"https:\/\/keramamueblesdejardin.com\/de\/speisesale-im-freien\/gartentisch-und-stuhlgarnitur\/garten-esstisch-klappgarnitur-120x70-4-stuhle-holz-und-ratan-enea-kunststoff-mit-armen-java-licht\/","title":{"rendered":"Garten-Essgruppe Klapptisch 120&#215;70 + 4 St\u00fchle Holz und Rattan enea synthetisch mit Armlehnen &#8211; Java Light"},"content":{"rendered":"<p>Packung mit 4 klappbaren St\u00fchlen aus Akazienholz mit Armlehnen. Die Basis des Sitzes und die R\u00fcckenlehne bestehen aus synthetischem Rattan, das ein nat\u00fcrliches Finish imitiert. Das Finish des Holzes ist in hellem Farbton gehalten. Ma\u00dfe: 56,5&#215;53,5x85cm. Gewicht 7kg<br \/>\nKlappbarer Gartentisch aus Akazienholz FSC hellfarbig. Aufgrund seines faltbaren Charakters ist er ideal f\u00fcr kleine R\u00e4ume oder als Erg\u00e4nzung zu jedem Garten oder jeder Terrasse. Es hat ein Loch f\u00fcr Sonnenschirm. Ma\u00dfe: 120x70x72cm<\/p>\n","protected":false},"excerpt":{"rendered":"<ul>\n<li>4er-Pack Stuhl mit klappbaren Gartenarmlehnen aus Akazienholz<\/li>\n<li>Helle Holzoberfl\u00e4che<\/li>\n<li>Sitz und R\u00fcckenlehne aus synthetischem Rattan in Naturoptik, das enea imitiert<\/li>\n<li>Klappbarer Gartentisch 120x70x72 cm<\/li>\n<\/ul>\n","protected":false},"featured_media":117183,"comment_status":"closed","ping_status":"closed","template":"","meta":{"_acf_changed":false},"product_brand":[],"product_cat":[3241,3238],"product_tag":[3266,3383,3264,3261,3361],"class_list":{"0":"post-117144","1":"product","2":"type-product","3":"status-publish","4":"has-post-thumbnail","6":"product_cat-gartentisch-und-stuhlgarnitur","7":"product_cat-speisesale-im-freien","8":"product_tag-akazie","9":"product_tag-erweiterbar","10":"product_tag-holz","11":"product_tag-java-de","12":"product_tag-zusammenklappbar","13":"product_shipping_class-envio-gratuito-de","14":"pa_ancho-230-de","15":"pa_asientos-4-de","16":"pa_caracteristicas-armlehne","17":"pa_caracteristicas-zusammenklappbar","18":"pa_coleccion-java-light-de","19":"pa_coleccion-serena-de","20":"pa_forma-rechteckig","21":"pa_largo-120-de","22":"pa_m2-276-de","23":"pa_material-helles-holz-de","24":"pa_material-rattan-de","25":"pa_tamano-espacio-gros","27":"first","28":"instock","29":"sale","30":"purchasable","31":"product-type-simple","32":"add-to-wishlist-before_image"},"acf":[],"yoast_head":"<!-- This site is optimized with the Yoast SEO plugin v27.2 - https:\/\/yoast.com\/product\/yoast-seo-wordpress\/ -->\n<title>Garten-Essgruppe Klapptisch 120x70 + 4 St\u00fchle Holz und Rattan enea synthetisch mit Armlehnen - Java Light - Kerama<\/title>\n<meta name=\"robots\" content=\"index, follow, max-snippet:-1, max-image-preview:large, max-video-preview:-1\" \/>\n<link rel=\"canonical\" href=\"https:\/\/keramamueblesdejardin.com\/de\/speisesale-im-freien\/gartentisch-und-stuhlgarnitur\/garten-esstisch-klappgarnitur-120x70-4-stuhle-holz-und-ratan-enea-kunststoff-mit-armen-java-licht\/\" \/>\n<meta property=\"og:locale\" content=\"de_DE\" \/>\n<meta property=\"og:type\" content=\"article\" \/>\n<meta property=\"og:title\" content=\"Garten-Essgruppe Klapptisch 120x70 + 4 St\u00fchle Holz und Rattan enea synthetisch mit Armlehnen - Java Light - Kerama\" \/>\n<meta property=\"og:description\" content=\"4er-Pack Stuhl mit klappbaren Gartenarmlehnen aus Akazienholz  Helle Holzoberfl\u00e4che  Sitz und R\u00fcckenlehne aus synthetischem Rattan in Naturoptik, das enea imitiert  Klappbarer Gartentisch 120x70x72 cm\" \/>\n<meta property=\"og:url\" content=\"https:\/\/keramamueblesdejardin.com\/de\/speisesale-im-freien\/gartentisch-und-stuhlgarnitur\/garten-esstisch-klappgarnitur-120x70-4-stuhle-holz-und-ratan-enea-kunststoff-mit-armen-java-licht\/\" \/>\n<meta property=\"og:site_name\" content=\"Kerama\" \/>\n<meta property=\"article:publisher\" content=\"https:\/\/www.facebook.com\/Kerama-Muebles-de-Jard%c3%adn-106209328312568\/\" \/>\n<meta property=\"article:modified_time\" content=\"2024-10-22T14:43:53+00:00\" \/>\n<meta property=\"og:image\" content=\"https:\/\/keramamueblesdejardin.com\/wp-content\/uploads\/2022\/09\/enea-120-4.jpg\" \/>\n\t<meta property=\"og:image:width\" content=\"1200\" \/>\n\t<meta property=\"og:image:height\" content=\"1200\" \/>\n\t<meta property=\"og:image:type\" content=\"image\/jpeg\" \/>\n<meta name=\"twitter:card\" content=\"summary_large_image\" \/>\n<script type=\"application\/ld+json\" class=\"yoast-schema-graph\">{\"@context\":\"https:\/\/schema.org\",\"@graph\":[{\"@type\":\"WebPage\",\"@id\":\"https:\/\/keramamueblesdejardin.com\/de\/speisesale-im-freien\/gartentisch-und-stuhlgarnitur\/garten-esstisch-klappgarnitur-120x70-4-stuhle-holz-und-ratan-enea-kunststoff-mit-armen-java-licht\/\",\"url\":\"https:\/\/keramamueblesdejardin.com\/de\/speisesale-im-freien\/gartentisch-und-stuhlgarnitur\/garten-esstisch-klappgarnitur-120x70-4-stuhle-holz-und-ratan-enea-kunststoff-mit-armen-java-licht\/\",\"name\":\"Garten-Essgruppe Klapptisch 120x70 + 4 St\u00fchle Holz und Rattan enea synthetisch mit Armlehnen - Java Light - Kerama\",\"isPartOf\":{\"@id\":\"https:\/\/keramamueblesdejardin.com\/de\/#website\"},\"primaryImageOfPage\":{\"@id\":\"https:\/\/keramamueblesdejardin.com\/de\/speisesale-im-freien\/gartentisch-und-stuhlgarnitur\/garten-esstisch-klappgarnitur-120x70-4-stuhle-holz-und-ratan-enea-kunststoff-mit-armen-java-licht\/#primaryimage\"},\"image\":{\"@id\":\"https:\/\/keramamueblesdejardin.com\/de\/speisesale-im-freien\/gartentisch-und-stuhlgarnitur\/garten-esstisch-klappgarnitur-120x70-4-stuhle-holz-und-ratan-enea-kunststoff-mit-armen-java-licht\/#primaryimage\"},\"thumbnailUrl\":\"https:\/\/keramamueblesdejardin.com\/wp-content\/uploads\/2022\/09\/enea-120-4.jpg\",\"datePublished\":\"2022-09-13T13:24:45+00:00\",\"dateModified\":\"2024-10-22T14:43:53+00:00\",\"breadcrumb\":{\"@id\":\"https:\/\/keramamueblesdejardin.com\/de\/speisesale-im-freien\/gartentisch-und-stuhlgarnitur\/garten-esstisch-klappgarnitur-120x70-4-stuhle-holz-und-ratan-enea-kunststoff-mit-armen-java-licht\/#breadcrumb\"},\"inLanguage\":\"de\",\"potentialAction\":[{\"@type\":\"ReadAction\",\"target\":[\"https:\/\/keramamueblesdejardin.com\/de\/speisesale-im-freien\/gartentisch-und-stuhlgarnitur\/garten-esstisch-klappgarnitur-120x70-4-stuhle-holz-und-ratan-enea-kunststoff-mit-armen-java-licht\/\"]}]},{\"@type\":\"ImageObject\",\"inLanguage\":\"de\",\"@id\":\"https:\/\/keramamueblesdejardin.com\/de\/speisesale-im-freien\/gartentisch-und-stuhlgarnitur\/garten-esstisch-klappgarnitur-120x70-4-stuhle-holz-und-ratan-enea-kunststoff-mit-armen-java-licht\/#primaryimage\",\"url\":\"https:\/\/keramamueblesdejardin.com\/wp-content\/uploads\/2022\/09\/enea-120-4.jpg\",\"contentUrl\":\"https:\/\/keramamueblesdejardin.com\/wp-content\/uploads\/2022\/09\/enea-120-4.jpg\",\"width\":1200,\"height\":1200},{\"@type\":\"BreadcrumbList\",\"@id\":\"https:\/\/keramamueblesdejardin.com\/de\/speisesale-im-freien\/gartentisch-und-stuhlgarnitur\/garten-esstisch-klappgarnitur-120x70-4-stuhle-holz-und-ratan-enea-kunststoff-mit-armen-java-licht\/#breadcrumb\",\"itemListElement\":[{\"@type\":\"ListItem\",\"position\":1,\"name\":\"Home\",\"item\":\"https:\/\/keramamueblesdejardin.com\/de\/\"},{\"@type\":\"ListItem\",\"position\":2,\"name\":\"Laden\",\"item\":\"https:\/\/keramamueblesdejardin.com\/de\/laden\/\"},{\"@type\":\"ListItem\",\"position\":3,\"name\":\"Speises\u00e4le im Freien\",\"item\":\"https:\/\/keramamueblesdejardin.com\/de\/speisesale-im-freien\/\"},{\"@type\":\"ListItem\",\"position\":4,\"name\":\"Gartentisch- und Stuhlgarnitur\",\"item\":\"https:\/\/keramamueblesdejardin.com\/de\/speisesale-im-freien\/gartentisch-und-stuhlgarnitur\/\"},{\"@type\":\"ListItem\",\"position\":5,\"name\":\"Garten-Essgruppe Klapptisch 120&#215;70 + 4 St\u00fchle Holz und Rattan enea synthetisch mit Armlehnen &#8211; Java Light\"}]},{\"@type\":\"WebSite\",\"@id\":\"https:\/\/keramamueblesdejardin.com\/de\/#website\",\"url\":\"https:\/\/keramamueblesdejardin.com\/de\/\",\"name\":\"Kerama\",\"description\":\"muebles de jard\u00edn\",\"publisher\":{\"@id\":\"https:\/\/keramamueblesdejardin.com\/de\/#organization\"},\"potentialAction\":[{\"@type\":\"SearchAction\",\"target\":{\"@type\":\"EntryPoint\",\"urlTemplate\":\"https:\/\/keramamueblesdejardin.com\/de\/?s={search_term_string}\"},\"query-input\":{\"@type\":\"PropertyValueSpecification\",\"valueRequired\":true,\"valueName\":\"search_term_string\"}}],\"inLanguage\":\"de\"},{\"@type\":\"Organization\",\"@id\":\"https:\/\/keramamueblesdejardin.com\/de\/#organization\",\"name\":\"kerama\",\"url\":\"https:\/\/keramamueblesdejardin.com\/de\/\",\"logo\":{\"@type\":\"ImageObject\",\"inLanguage\":\"de\",\"@id\":\"https:\/\/keramamueblesdejardin.com\/de\/#\/schema\/logo\/image\/\",\"url\":\"https:\/\/keramamueblesdejardin.com\/wp-content\/uploads\/2020\/12\/k.-scaled.jpg\",\"contentUrl\":\"https:\/\/keramamueblesdejardin.com\/wp-content\/uploads\/2020\/12\/k.-scaled.jpg\",\"width\":2560,\"height\":551,\"caption\":\"kerama\"},\"image\":{\"@id\":\"https:\/\/keramamueblesdejardin.com\/de\/#\/schema\/logo\/image\/\"},\"sameAs\":[\"https:\/\/www.facebook.com\/Kerama-Muebles-de-Jard\u00edn-106209328312568\/\"]}]}<\/script>\n<!-- \/ Yoast SEO plugin. -->","yoast_head_json":{"title":"Garten-Essgruppe Klapptisch 120x70 + 4 St\u00fchle Holz und Rattan enea synthetisch mit Armlehnen - Java Light - Kerama","robots":{"index":"index","follow":"follow","max-snippet":"max-snippet:-1","max-image-preview":"max-image-preview:large","max-video-preview":"max-video-preview:-1"},"canonical":"https:\/\/keramamueblesdejardin.com\/de\/speisesale-im-freien\/gartentisch-und-stuhlgarnitur\/garten-esstisch-klappgarnitur-120x70-4-stuhle-holz-und-ratan-enea-kunststoff-mit-armen-java-licht\/","og_locale":"de_DE","og_type":"article","og_title":"Garten-Essgruppe Klapptisch 120x70 + 4 St\u00fchle Holz und Rattan enea synthetisch mit Armlehnen - Java Light - Kerama","og_description":"4er-Pack Stuhl mit klappbaren Gartenarmlehnen aus Akazienholz  Helle Holzoberfl\u00e4che  Sitz und R\u00fcckenlehne aus synthetischem Rattan in Naturoptik, das enea imitiert  Klappbarer Gartentisch 120x70x72 cm","og_url":"https:\/\/keramamueblesdejardin.com\/de\/speisesale-im-freien\/gartentisch-und-stuhlgarnitur\/garten-esstisch-klappgarnitur-120x70-4-stuhle-holz-und-ratan-enea-kunststoff-mit-armen-java-licht\/","og_site_name":"Kerama","article_publisher":"https:\/\/www.facebook.com\/Kerama-Muebles-de-Jard%c3%adn-106209328312568\/","article_modified_time":"2024-10-22T14:43:53+00:00","og_image":[{"width":1200,"height":1200,"url":"https:\/\/keramamueblesdejardin.com\/wp-content\/uploads\/2022\/09\/enea-120-4.jpg","type":"image\/jpeg"}],"twitter_card":"summary_large_image","schema":{"@context":"https:\/\/schema.org","@graph":[{"@type":"WebPage","@id":"https:\/\/keramamueblesdejardin.com\/de\/speisesale-im-freien\/gartentisch-und-stuhlgarnitur\/garten-esstisch-klappgarnitur-120x70-4-stuhle-holz-und-ratan-enea-kunststoff-mit-armen-java-licht\/","url":"https:\/\/keramamueblesdejardin.com\/de\/speisesale-im-freien\/gartentisch-und-stuhlgarnitur\/garten-esstisch-klappgarnitur-120x70-4-stuhle-holz-und-ratan-enea-kunststoff-mit-armen-java-licht\/","name":"Garten-Essgruppe Klapptisch 120x70 + 4 St\u00fchle Holz und Rattan enea synthetisch mit Armlehnen - Java Light - Kerama","isPartOf":{"@id":"https:\/\/keramamueblesdejardin.com\/de\/#website"},"primaryImageOfPage":{"@id":"https:\/\/keramamueblesdejardin.com\/de\/speisesale-im-freien\/gartentisch-und-stuhlgarnitur\/garten-esstisch-klappgarnitur-120x70-4-stuhle-holz-und-ratan-enea-kunststoff-mit-armen-java-licht\/#primaryimage"},"image":{"@id":"https:\/\/keramamueblesdejardin.com\/de\/speisesale-im-freien\/gartentisch-und-stuhlgarnitur\/garten-esstisch-klappgarnitur-120x70-4-stuhle-holz-und-ratan-enea-kunststoff-mit-armen-java-licht\/#primaryimage"},"thumbnailUrl":"https:\/\/keramamueblesdejardin.com\/wp-content\/uploads\/2022\/09\/enea-120-4.jpg","datePublished":"2022-09-13T13:24:45+00:00","dateModified":"2024-10-22T14:43:53+00:00","breadcrumb":{"@id":"https:\/\/keramamueblesdejardin.com\/de\/speisesale-im-freien\/gartentisch-und-stuhlgarnitur\/garten-esstisch-klappgarnitur-120x70-4-stuhle-holz-und-ratan-enea-kunststoff-mit-armen-java-licht\/#breadcrumb"},"inLanguage":"de","potentialAction":[{"@type":"ReadAction","target":["https:\/\/keramamueblesdejardin.com\/de\/speisesale-im-freien\/gartentisch-und-stuhlgarnitur\/garten-esstisch-klappgarnitur-120x70-4-stuhle-holz-und-ratan-enea-kunststoff-mit-armen-java-licht\/"]}]},{"@type":"ImageObject","inLanguage":"de","@id":"https:\/\/keramamueblesdejardin.com\/de\/speisesale-im-freien\/gartentisch-und-stuhlgarnitur\/garten-esstisch-klappgarnitur-120x70-4-stuhle-holz-und-ratan-enea-kunststoff-mit-armen-java-licht\/#primaryimage","url":"https:\/\/keramamueblesdejardin.com\/wp-content\/uploads\/2022\/09\/enea-120-4.jpg","contentUrl":"https:\/\/keramamueblesdejardin.com\/wp-content\/uploads\/2022\/09\/enea-120-4.jpg","width":1200,"height":1200},{"@type":"BreadcrumbList","@id":"https:\/\/keramamueblesdejardin.com\/de\/speisesale-im-freien\/gartentisch-und-stuhlgarnitur\/garten-esstisch-klappgarnitur-120x70-4-stuhle-holz-und-ratan-enea-kunststoff-mit-armen-java-licht\/#breadcrumb","itemListElement":[{"@type":"ListItem","position":1,"name":"Home","item":"https:\/\/keramamueblesdejardin.com\/de\/"},{"@type":"ListItem","position":2,"name":"Laden","item":"https:\/\/keramamueblesdejardin.com\/de\/laden\/"},{"@type":"ListItem","position":3,"name":"Speises\u00e4le im Freien","item":"https:\/\/keramamueblesdejardin.com\/de\/speisesale-im-freien\/"},{"@type":"ListItem","position":4,"name":"Gartentisch- und Stuhlgarnitur","item":"https:\/\/keramamueblesdejardin.com\/de\/speisesale-im-freien\/gartentisch-und-stuhlgarnitur\/"},{"@type":"ListItem","position":5,"name":"Garten-Essgruppe Klapptisch 120&#215;70 + 4 St\u00fchle Holz und Rattan enea synthetisch mit Armlehnen &#8211; Java Light"}]},{"@type":"WebSite","@id":"https:\/\/keramamueblesdejardin.com\/de\/#website","url":"https:\/\/keramamueblesdejardin.com\/de\/","name":"Kerama","description":"muebles de jard\u00edn","publisher":{"@id":"https:\/\/keramamueblesdejardin.com\/de\/#organization"},"potentialAction":[{"@type":"SearchAction","target":{"@type":"EntryPoint","urlTemplate":"https:\/\/keramamueblesdejardin.com\/de\/?s={search_term_string}"},"query-input":{"@type":"PropertyValueSpecification","valueRequired":true,"valueName":"search_term_string"}}],"inLanguage":"de"},{"@type":"Organization","@id":"https:\/\/keramamueblesdejardin.com\/de\/#organization","name":"kerama","url":"https:\/\/keramamueblesdejardin.com\/de\/","logo":{"@type":"ImageObject","inLanguage":"de","@id":"https:\/\/keramamueblesdejardin.com\/de\/#\/schema\/logo\/image\/","url":"https:\/\/keramamueblesdejardin.com\/wp-content\/uploads\/2020\/12\/k.-scaled.jpg","contentUrl":"https:\/\/keramamueblesdejardin.com\/wp-content\/uploads\/2020\/12\/k.-scaled.jpg","width":2560,"height":551,"caption":"kerama"},"image":{"@id":"https:\/\/keramamueblesdejardin.com\/de\/#\/schema\/logo\/image\/"},"sameAs":["https:\/\/www.facebook.com\/Kerama-Muebles-de-Jard\u00edn-106209328312568\/"]}]}},"df_price":689,"df_sale_price":689,"df_regular_price":844,"df_image_link":"https:\/\/keramamueblesdejardin.com\/wp-content\/uploads\/2022\/09\/enea-120-4-300x300.jpg","custom_tabs":[{"title":"MESSUNG","id":"messung","content":"<div class=\"list\"><strong style=\"font-weight: bold; color: #282828;\">H\u00f6he:<\/strong><span style=\"color: #282828;\"> Stuhl 85 cm \/ Tisch 72cm<\/span><br style=\"color: #282828;\"><strong style=\"font-weight: bold; color: #282828;\">Breite:<\/strong><span style=\"color: #282828;\"> Stuhl 53 cm \/ Tisch 90cm<\/span><br style=\"color: #282828;\"><strong style=\"font-weight: bold; color: #282828;\">Tiefe:<\/strong><span style=\"color: #282828;\"> Stuhl 56,5 cm \/ Tisch 90 cm<\/span><\/div>"}],"_links":{"self":[{"href":"https:\/\/keramamueblesdejardin.com\/de\/wp-json\/wp\/v2\/product\/117144","targetHints":{"allow":["GET"]}}],"collection":[{"href":"https:\/\/keramamueblesdejardin.com\/de\/wp-json\/wp\/v2\/product"}],"about":[{"href":"https:\/\/keramamueblesdejardin.com\/de\/wp-json\/wp\/v2\/types\/product"}],"replies":[{"embeddable":true,"href":"https:\/\/keramamueblesdejardin.com\/de\/wp-json\/wp\/v2\/comments?post=117144"}],"wp:featuredmedia":[{"embeddable":true,"href":"https:\/\/keramamueblesdejardin.com\/de\/wp-json\/wp\/v2\/media\/117183"}],"wp:attachment":[{"href":"https:\/\/keramamueblesdejardin.com\/de\/wp-json\/wp\/v2\/media?parent=117144"}],"wp:term":[{"taxonomy":"product_brand","embeddable":true,"href":"https:\/\/keramamueblesdejardin.com\/de\/wp-json\/wp\/v2\/product_brand?post=117144"},{"taxonomy":"product_cat","embeddable":true,"href":"https:\/\/keramamueblesdejardin.com\/de\/wp-json\/wp\/v2\/product_cat?post=117144"},{"taxonomy":"product_tag","embeddable":true,"href":"https:\/\/keramamueblesdejardin.com\/de\/wp-json\/wp\/v2\/product_tag?post=117144"}],"curies":[{"name":"wp","href":"https:\/\/api.w.org\/{rel}","templated":true}]}}