{"id":116545,"date":"2023-02-13T10:17:55","date_gmt":"2023-02-13T09:17:55","guid":{"rendered":"https:\/\/keramamueblesdejardin.com\/uncategorized\/sonnenschirmstaender-aus-kunststoff-mit-raedern-40kg-kilo\/"},"modified":"2023-08-31T09:46:47","modified_gmt":"2023-08-31T07:46:47","slug":"kunststoff-sonnenschirm-untergestell-mit-radern-40kg-kilo","status":"publish","type":"product","link":"https:\/\/keramamueblesdejardin.com\/de\/sonnenschirme-und-pergolen\/sonnenschirmstander\/kunststoff-sonnenschirm-untergestell-mit-radern-40kg-kilo\/","title":{"rendered":"Sonnenschirmst\u00e4nder aus Kunststoff mit R\u00e4dern 40kg &#8211; Kilo"},"content":{"rendered":"<p>40 kg Sonnenschirmst\u00e4nder aus Kunststoff mit R\u00e4dern und Griff zum Bewegen. Es ist f\u00fcr zentrale Mastschirme mit einem Mastdurchmesser von 19 bis 54 mm.<\/p>\n","protected":false},"excerpt":{"rendered":"<ul>\n<li>40kg Sonnenschirmst\u00e4nder<\/li>\n<li>Es hat R\u00e4der und Griff zum Bewegen<\/li>\n<li>f\u00fcr Mittelmastschirme von 19 bis 54mm Durchmesser<\/li>\n<\/ul>\n","protected":false},"featured_media":116548,"comment_status":"closed","ping_status":"open","template":"","meta":{"_acf_changed":false},"product_brand":[],"product_cat":[3297,3299],"product_tag":[3298],"class_list":{"0":"post-116545","1":"product","2":"type-product","3":"status-publish","4":"has-post-thumbnail","6":"product_cat-sonnenschirme-und-pergolen","7":"product_cat-sonnenschirmstander","8":"product_tag-kilo-de","9":"product_shipping_class-envio-gratuito-de","10":"pa_coleccion-kilo-de","12":"first","13":"outofstock","14":"sale","15":"purchasable","16":"product-type-simple","17":"add-to-wishlist-before_image"},"acf":[],"yoast_head":"<!-- This site is optimized with the Yoast SEO plugin v27.2 - https:\/\/yoast.com\/product\/yoast-seo-wordpress\/ -->\n<title>Sonnenschirmst\u00e4nder aus Kunststoff mit R\u00e4dern 40kg - Kilo - Kerama<\/title>\n<meta name=\"robots\" content=\"index, follow, max-snippet:-1, max-image-preview:large, max-video-preview:-1\" \/>\n<link rel=\"canonical\" href=\"https:\/\/keramamueblesdejardin.com\/de\/sonnenschirme-und-pergolen\/sonnenschirmstander\/kunststoff-sonnenschirm-untergestell-mit-radern-40kg-kilo\/\" \/>\n<meta property=\"og:locale\" content=\"de_DE\" \/>\n<meta property=\"og:type\" content=\"article\" \/>\n<meta property=\"og:title\" content=\"Sonnenschirmst\u00e4nder aus Kunststoff mit R\u00e4dern 40kg - Kilo - Kerama\" \/>\n<meta property=\"og:description\" content=\"40kg Sonnenschirmst\u00e4nder  Es hat R\u00e4der und Griff zum Bewegen  f\u00fcr Mittelmastschirme von 19 bis 54mm Durchmesser\" \/>\n<meta property=\"og:url\" content=\"https:\/\/keramamueblesdejardin.com\/de\/sonnenschirme-und-pergolen\/sonnenschirmstander\/kunststoff-sonnenschirm-untergestell-mit-radern-40kg-kilo\/\" \/>\n<meta property=\"og:site_name\" content=\"Kerama\" \/>\n<meta property=\"article:publisher\" content=\"https:\/\/www.facebook.com\/Kerama-Muebles-de-Jard%c3%adn-106209328312568\/\" \/>\n<meta property=\"article:modified_time\" content=\"2023-08-31T07:46:47+00:00\" \/>\n<meta property=\"og:image\" content=\"https:\/\/keramamueblesdejardin.com\/wp-content\/uploads\/2023\/02\/b5.jpg\" \/>\n\t<meta property=\"og:image:width\" content=\"1200\" \/>\n\t<meta property=\"og:image:height\" content=\"1200\" \/>\n\t<meta property=\"og:image:type\" content=\"image\/jpeg\" \/>\n<meta name=\"twitter:card\" content=\"summary_large_image\" \/>\n<script type=\"application\/ld+json\" class=\"yoast-schema-graph\">{\"@context\":\"https:\/\/schema.org\",\"@graph\":[{\"@type\":\"WebPage\",\"@id\":\"https:\/\/keramamueblesdejardin.com\/de\/sonnenschirme-und-pergolen\/sonnenschirmstander\/kunststoff-sonnenschirm-untergestell-mit-radern-40kg-kilo\/\",\"url\":\"https:\/\/keramamueblesdejardin.com\/de\/sonnenschirme-und-pergolen\/sonnenschirmstander\/kunststoff-sonnenschirm-untergestell-mit-radern-40kg-kilo\/\",\"name\":\"Sonnenschirmst\u00e4nder aus Kunststoff mit R\u00e4dern 40kg - Kilo - Kerama\",\"isPartOf\":{\"@id\":\"https:\/\/keramamueblesdejardin.com\/de\/#website\"},\"primaryImageOfPage\":{\"@id\":\"https:\/\/keramamueblesdejardin.com\/de\/sonnenschirme-und-pergolen\/sonnenschirmstander\/kunststoff-sonnenschirm-untergestell-mit-radern-40kg-kilo\/#primaryimage\"},\"image\":{\"@id\":\"https:\/\/keramamueblesdejardin.com\/de\/sonnenschirme-und-pergolen\/sonnenschirmstander\/kunststoff-sonnenschirm-untergestell-mit-radern-40kg-kilo\/#primaryimage\"},\"thumbnailUrl\":\"https:\/\/keramamueblesdejardin.com\/wp-content\/uploads\/2023\/02\/b5.jpg\",\"datePublished\":\"2023-02-13T09:17:55+00:00\",\"dateModified\":\"2023-08-31T07:46:47+00:00\",\"breadcrumb\":{\"@id\":\"https:\/\/keramamueblesdejardin.com\/de\/sonnenschirme-und-pergolen\/sonnenschirmstander\/kunststoff-sonnenschirm-untergestell-mit-radern-40kg-kilo\/#breadcrumb\"},\"inLanguage\":\"de\",\"potentialAction\":[{\"@type\":\"ReadAction\",\"target\":[\"https:\/\/keramamueblesdejardin.com\/de\/sonnenschirme-und-pergolen\/sonnenschirmstander\/kunststoff-sonnenschirm-untergestell-mit-radern-40kg-kilo\/\"]}]},{\"@type\":\"ImageObject\",\"inLanguage\":\"de\",\"@id\":\"https:\/\/keramamueblesdejardin.com\/de\/sonnenschirme-und-pergolen\/sonnenschirmstander\/kunststoff-sonnenschirm-untergestell-mit-radern-40kg-kilo\/#primaryimage\",\"url\":\"https:\/\/keramamueblesdejardin.com\/wp-content\/uploads\/2023\/02\/b5.jpg\",\"contentUrl\":\"https:\/\/keramamueblesdejardin.com\/wp-content\/uploads\/2023\/02\/b5.jpg\",\"width\":1200,\"height\":1200},{\"@type\":\"BreadcrumbList\",\"@id\":\"https:\/\/keramamueblesdejardin.com\/de\/sonnenschirme-und-pergolen\/sonnenschirmstander\/kunststoff-sonnenschirm-untergestell-mit-radern-40kg-kilo\/#breadcrumb\",\"itemListElement\":[{\"@type\":\"ListItem\",\"position\":1,\"name\":\"Home\",\"item\":\"https:\/\/keramamueblesdejardin.com\/de\/\"},{\"@type\":\"ListItem\",\"position\":2,\"name\":\"Laden\",\"item\":\"https:\/\/keramamueblesdejardin.com\/de\/laden\/\"},{\"@type\":\"ListItem\",\"position\":3,\"name\":\"Sonnenschirme und Pergolen\",\"item\":\"https:\/\/keramamueblesdejardin.com\/de\/sonnenschirme-und-pergolen\/\"},{\"@type\":\"ListItem\",\"position\":4,\"name\":\"Sonnenschirmst\u00e4nder\",\"item\":\"https:\/\/keramamueblesdejardin.com\/de\/sonnenschirme-und-pergolen\/sonnenschirmstander\/\"},{\"@type\":\"ListItem\",\"position\":5,\"name\":\"Sonnenschirmst\u00e4nder aus Kunststoff mit R\u00e4dern 40kg &#8211; Kilo\"}]},{\"@type\":\"WebSite\",\"@id\":\"https:\/\/keramamueblesdejardin.com\/de\/#website\",\"url\":\"https:\/\/keramamueblesdejardin.com\/de\/\",\"name\":\"Kerama\",\"description\":\"muebles de jard\u00edn\",\"publisher\":{\"@id\":\"https:\/\/keramamueblesdejardin.com\/de\/#organization\"},\"potentialAction\":[{\"@type\":\"SearchAction\",\"target\":{\"@type\":\"EntryPoint\",\"urlTemplate\":\"https:\/\/keramamueblesdejardin.com\/de\/?s={search_term_string}\"},\"query-input\":{\"@type\":\"PropertyValueSpecification\",\"valueRequired\":true,\"valueName\":\"search_term_string\"}}],\"inLanguage\":\"de\"},{\"@type\":\"Organization\",\"@id\":\"https:\/\/keramamueblesdejardin.com\/de\/#organization\",\"name\":\"kerama\",\"url\":\"https:\/\/keramamueblesdejardin.com\/de\/\",\"logo\":{\"@type\":\"ImageObject\",\"inLanguage\":\"de\",\"@id\":\"https:\/\/keramamueblesdejardin.com\/de\/#\/schema\/logo\/image\/\",\"url\":\"https:\/\/keramamueblesdejardin.com\/wp-content\/uploads\/2020\/12\/k.-scaled.jpg\",\"contentUrl\":\"https:\/\/keramamueblesdejardin.com\/wp-content\/uploads\/2020\/12\/k.-scaled.jpg\",\"width\":2560,\"height\":551,\"caption\":\"kerama\"},\"image\":{\"@id\":\"https:\/\/keramamueblesdejardin.com\/de\/#\/schema\/logo\/image\/\"},\"sameAs\":[\"https:\/\/www.facebook.com\/Kerama-Muebles-de-Jard\u00edn-106209328312568\/\"]}]}<\/script>\n<!-- \/ Yoast SEO plugin. -->","yoast_head_json":{"title":"Sonnenschirmst\u00e4nder aus Kunststoff mit R\u00e4dern 40kg - Kilo - Kerama","robots":{"index":"index","follow":"follow","max-snippet":"max-snippet:-1","max-image-preview":"max-image-preview:large","max-video-preview":"max-video-preview:-1"},"canonical":"https:\/\/keramamueblesdejardin.com\/de\/sonnenschirme-und-pergolen\/sonnenschirmstander\/kunststoff-sonnenschirm-untergestell-mit-radern-40kg-kilo\/","og_locale":"de_DE","og_type":"article","og_title":"Sonnenschirmst\u00e4nder aus Kunststoff mit R\u00e4dern 40kg - Kilo - Kerama","og_description":"40kg Sonnenschirmst\u00e4nder  Es hat R\u00e4der und Griff zum Bewegen  f\u00fcr Mittelmastschirme von 19 bis 54mm Durchmesser","og_url":"https:\/\/keramamueblesdejardin.com\/de\/sonnenschirme-und-pergolen\/sonnenschirmstander\/kunststoff-sonnenschirm-untergestell-mit-radern-40kg-kilo\/","og_site_name":"Kerama","article_publisher":"https:\/\/www.facebook.com\/Kerama-Muebles-de-Jard%c3%adn-106209328312568\/","article_modified_time":"2023-08-31T07:46:47+00:00","og_image":[{"width":1200,"height":1200,"url":"https:\/\/keramamueblesdejardin.com\/wp-content\/uploads\/2023\/02\/b5.jpg","type":"image\/jpeg"}],"twitter_card":"summary_large_image","schema":{"@context":"https:\/\/schema.org","@graph":[{"@type":"WebPage","@id":"https:\/\/keramamueblesdejardin.com\/de\/sonnenschirme-und-pergolen\/sonnenschirmstander\/kunststoff-sonnenschirm-untergestell-mit-radern-40kg-kilo\/","url":"https:\/\/keramamueblesdejardin.com\/de\/sonnenschirme-und-pergolen\/sonnenschirmstander\/kunststoff-sonnenschirm-untergestell-mit-radern-40kg-kilo\/","name":"Sonnenschirmst\u00e4nder aus Kunststoff mit R\u00e4dern 40kg - Kilo - Kerama","isPartOf":{"@id":"https:\/\/keramamueblesdejardin.com\/de\/#website"},"primaryImageOfPage":{"@id":"https:\/\/keramamueblesdejardin.com\/de\/sonnenschirme-und-pergolen\/sonnenschirmstander\/kunststoff-sonnenschirm-untergestell-mit-radern-40kg-kilo\/#primaryimage"},"image":{"@id":"https:\/\/keramamueblesdejardin.com\/de\/sonnenschirme-und-pergolen\/sonnenschirmstander\/kunststoff-sonnenschirm-untergestell-mit-radern-40kg-kilo\/#primaryimage"},"thumbnailUrl":"https:\/\/keramamueblesdejardin.com\/wp-content\/uploads\/2023\/02\/b5.jpg","datePublished":"2023-02-13T09:17:55+00:00","dateModified":"2023-08-31T07:46:47+00:00","breadcrumb":{"@id":"https:\/\/keramamueblesdejardin.com\/de\/sonnenschirme-und-pergolen\/sonnenschirmstander\/kunststoff-sonnenschirm-untergestell-mit-radern-40kg-kilo\/#breadcrumb"},"inLanguage":"de","potentialAction":[{"@type":"ReadAction","target":["https:\/\/keramamueblesdejardin.com\/de\/sonnenschirme-und-pergolen\/sonnenschirmstander\/kunststoff-sonnenschirm-untergestell-mit-radern-40kg-kilo\/"]}]},{"@type":"ImageObject","inLanguage":"de","@id":"https:\/\/keramamueblesdejardin.com\/de\/sonnenschirme-und-pergolen\/sonnenschirmstander\/kunststoff-sonnenschirm-untergestell-mit-radern-40kg-kilo\/#primaryimage","url":"https:\/\/keramamueblesdejardin.com\/wp-content\/uploads\/2023\/02\/b5.jpg","contentUrl":"https:\/\/keramamueblesdejardin.com\/wp-content\/uploads\/2023\/02\/b5.jpg","width":1200,"height":1200},{"@type":"BreadcrumbList","@id":"https:\/\/keramamueblesdejardin.com\/de\/sonnenschirme-und-pergolen\/sonnenschirmstander\/kunststoff-sonnenschirm-untergestell-mit-radern-40kg-kilo\/#breadcrumb","itemListElement":[{"@type":"ListItem","position":1,"name":"Home","item":"https:\/\/keramamueblesdejardin.com\/de\/"},{"@type":"ListItem","position":2,"name":"Laden","item":"https:\/\/keramamueblesdejardin.com\/de\/laden\/"},{"@type":"ListItem","position":3,"name":"Sonnenschirme und Pergolen","item":"https:\/\/keramamueblesdejardin.com\/de\/sonnenschirme-und-pergolen\/"},{"@type":"ListItem","position":4,"name":"Sonnenschirmst\u00e4nder","item":"https:\/\/keramamueblesdejardin.com\/de\/sonnenschirme-und-pergolen\/sonnenschirmstander\/"},{"@type":"ListItem","position":5,"name":"Sonnenschirmst\u00e4nder aus Kunststoff mit R\u00e4dern 40kg &#8211; Kilo"}]},{"@type":"WebSite","@id":"https:\/\/keramamueblesdejardin.com\/de\/#website","url":"https:\/\/keramamueblesdejardin.com\/de\/","name":"Kerama","description":"muebles de jard\u00edn","publisher":{"@id":"https:\/\/keramamueblesdejardin.com\/de\/#organization"},"potentialAction":[{"@type":"SearchAction","target":{"@type":"EntryPoint","urlTemplate":"https:\/\/keramamueblesdejardin.com\/de\/?s={search_term_string}"},"query-input":{"@type":"PropertyValueSpecification","valueRequired":true,"valueName":"search_term_string"}}],"inLanguage":"de"},{"@type":"Organization","@id":"https:\/\/keramamueblesdejardin.com\/de\/#organization","name":"kerama","url":"https:\/\/keramamueblesdejardin.com\/de\/","logo":{"@type":"ImageObject","inLanguage":"de","@id":"https:\/\/keramamueblesdejardin.com\/de\/#\/schema\/logo\/image\/","url":"https:\/\/keramamueblesdejardin.com\/wp-content\/uploads\/2020\/12\/k.-scaled.jpg","contentUrl":"https:\/\/keramamueblesdejardin.com\/wp-content\/uploads\/2020\/12\/k.-scaled.jpg","width":2560,"height":551,"caption":"kerama"},"image":{"@id":"https:\/\/keramamueblesdejardin.com\/de\/#\/schema\/logo\/image\/"},"sameAs":["https:\/\/www.facebook.com\/Kerama-Muebles-de-Jard\u00edn-106209328312568\/"]}]}},"df_price":69,"df_sale_price":69,"df_regular_price":88,"df_image_link":"https:\/\/keramamueblesdejardin.com\/wp-content\/uploads\/2023\/02\/b5-300x300.jpg","custom_tabs":[{"title":"WARTUNG UND GARANTIEN","id":"wartung-und-garantien","content":"<div class=\"moz-signature\">\n<div class=\"list\"><strong>Allgemeine Empfehlungen:<\/strong>\n\u2022 Pannen oder Sch\u00e4den, die verursacht werden durch:\n\u2022 Zuf\u00e4llige Ursachen wie St\u00fcrze, Schl\u00e4ge, Versch\u00fctten von Fl\u00fcssigkeiten, Einschleppen von Fremdk\u00f6rpern sowie andere h\u00f6here Gewalt.\n\u2022 Fahrl\u00e4ssiger, unsachgem\u00e4\u00dfer oder nicht h\u00e4uslicher Gebrauch.\n\u2022 Besch\u00e4digung, Korrosion und\/oder Oxidation beschleunigt durch widrige Umweltbedingungen\n\u2022 Flecken und Verf\u00e4rbungen durch Nichtbeachtung unserer Reinigungsanweisungen\n\u2022 Sch\u00e4den, die w\u00e4hrend der Montage und Handhabung auftreten, ohne die angegebenen Montageanweisungen befolgt zu haben.\n<strong>Gebrauchs- und Wartungshinweise:<\/strong>\n\u2022 Reinigen Sie mit Hilfe eines Tuchs vorsichtig oder verwenden Sie eine neutrale Fl\u00fcssigseife und sp\u00fclen Sie sie mit viel Wasser ab.\n\u2022 Entfernen Sie Staub regelm\u00e4\u00dfig mit Hilfe eines weichen Tuchs und klarem Wasser.\n\u2022 Verwenden Sie zum Reinigen keine Reinigungsmittel oder Scheuermittel.\nJahre <strong>Garantie: 3 Jahre<\/strong>\n<strong>Hergestellt nach Norm:<\/strong> 581-1.581-2.581-3<\/div>\n<\/div>"}],"_links":{"self":[{"href":"https:\/\/keramamueblesdejardin.com\/de\/wp-json\/wp\/v2\/product\/116545","targetHints":{"allow":["GET"]}}],"collection":[{"href":"https:\/\/keramamueblesdejardin.com\/de\/wp-json\/wp\/v2\/product"}],"about":[{"href":"https:\/\/keramamueblesdejardin.com\/de\/wp-json\/wp\/v2\/types\/product"}],"replies":[{"embeddable":true,"href":"https:\/\/keramamueblesdejardin.com\/de\/wp-json\/wp\/v2\/comments?post=116545"}],"wp:featuredmedia":[{"embeddable":true,"href":"https:\/\/keramamueblesdejardin.com\/de\/wp-json\/wp\/v2\/media\/116548"}],"wp:attachment":[{"href":"https:\/\/keramamueblesdejardin.com\/de\/wp-json\/wp\/v2\/media?parent=116545"}],"wp:term":[{"taxonomy":"product_brand","embeddable":true,"href":"https:\/\/keramamueblesdejardin.com\/de\/wp-json\/wp\/v2\/product_brand?post=116545"},{"taxonomy":"product_cat","embeddable":true,"href":"https:\/\/keramamueblesdejardin.com\/de\/wp-json\/wp\/v2\/product_cat?post=116545"},{"taxonomy":"product_tag","embeddable":true,"href":"https:\/\/keramamueblesdejardin.com\/de\/wp-json\/wp\/v2\/product_tag?post=116545"}],"curies":[{"name":"wp","href":"https:\/\/api.w.org\/{rel}","templated":true}]}}