{"id":116530,"date":"2023-02-13T10:17:55","date_gmt":"2023-02-13T09:17:55","guid":{"rendered":"https:\/\/keramamueblesdejardin.com\/uncategorized\/packung-4-hellgraue-gartenstuhlkissen-recycelt\/"},"modified":"2023-08-31T09:52:12","modified_gmt":"2023-08-31T07:52:12","slug":"pack-4-kissen-stuhl-garten-hellgrau-recycelt","status":"publish","type":"product","link":"https:\/\/keramamueblesdejardin.com\/de\/exterieur-zubehor\/kissen-fur-den-ausenbereich\/pack-4-kissen-stuhl-garten-hellgrau-recycelt\/","title":{"rendered":"Packung 4 hellgraue Gartenstuhlkissen &#8211; Recycelt"},"content":{"rendered":"<p>Kissen f\u00fcr Gartenstuhl 45x40x5cm (Breite x Tiefe x H\u00f6he) in hellgrau. Die Kissen sind abnehmbar und maschinenwaschbar, sie haben auch Streifen, um das Kissen leicht an den M\u00f6beln binden und befestigen zu k\u00f6nnen. Der Stoff und die Polsterung bestehen zu 100 % aus recyceltem Polyester, stammen aus recycelten Flaschen und Verpackungen, nicht wasserdichtem Stoff, sind nicht geeignet, um st\u00e4ndig im Regen oder in Quellen zu sein, die es nass oder nass halten. Es ist ein 100% umweltfreundliches Produkt, das in Spanien hergestellt wird.<\/p>\n","protected":false},"excerpt":{"rendered":"<ul>\n<li>Kissen f\u00fcr Gartenstuhl 45x40x5cm in hellgrau<\/li>\n<li>Die Kissen sind abnehmbar und maschinenwaschbar<\/li>\n<li>Es hat Streifen zum Binden und Fixieren des Kissens<\/li>\n<li>Hergestellt in Spanien aus 100% recyceltem Polyestergewebe und F\u00fcllung<\/li>\n<\/ul>\n","protected":false},"featured_media":116532,"comment_status":"closed","ping_status":"open","template":"","meta":{"_acf_changed":false},"product_brand":[],"product_cat":[3271,3270],"product_tag":[3275],"class_list":{"0":"post-116530","1":"product","2":"type-product","3":"status-publish","4":"has-post-thumbnail","6":"product_cat-exterieur-zubehor","7":"product_cat-kissen-fur-den-ausenbereich","8":"product_tag-recycelt","9":"product_shipping_class-envio-gratuito-de","10":"pa_coleccion-recycelt","12":"first","13":"instock","14":"sale","15":"purchasable","16":"product-type-simple","17":"add-to-wishlist-before_image"},"acf":[],"yoast_head":"<!-- This site is optimized with the Yoast SEO plugin v27.2 - https:\/\/yoast.com\/product\/yoast-seo-wordpress\/ -->\n<title>Packung 4 hellgraue Gartenstuhlkissen - Recycelt - Kerama<\/title>\n<meta name=\"robots\" content=\"index, follow, max-snippet:-1, max-image-preview:large, max-video-preview:-1\" \/>\n<link rel=\"canonical\" href=\"https:\/\/keramamueblesdejardin.com\/de\/exterieur-zubehor\/kissen-fur-den-ausenbereich\/pack-4-kissen-stuhl-garten-hellgrau-recycelt\/\" \/>\n<meta property=\"og:locale\" content=\"de_DE\" \/>\n<meta property=\"og:type\" content=\"article\" \/>\n<meta property=\"og:title\" content=\"Packung 4 hellgraue Gartenstuhlkissen - Recycelt - Kerama\" \/>\n<meta property=\"og:description\" content=\"Kissen f\u00fcr Gartenstuhl 45x40x5cm in hellgrau  Die Kissen sind abnehmbar und maschinenwaschbar  Es hat Streifen zum Binden und Fixieren des Kissens  Hergestellt in Spanien aus 100% recyceltem Polyestergewebe und F\u00fcllung\" \/>\n<meta property=\"og:url\" content=\"https:\/\/keramamueblesdejardin.com\/de\/exterieur-zubehor\/kissen-fur-den-ausenbereich\/pack-4-kissen-stuhl-garten-hellgrau-recycelt\/\" \/>\n<meta property=\"og:site_name\" content=\"Kerama\" \/>\n<meta property=\"article:publisher\" content=\"https:\/\/www.facebook.com\/Kerama-Muebles-de-Jard%c3%adn-106209328312568\/\" \/>\n<meta property=\"article:modified_time\" content=\"2023-08-31T07:52:12+00:00\" \/>\n<meta property=\"og:image\" content=\"https:\/\/keramamueblesdejardin.com\/wp-content\/uploads\/2023\/02\/b19x4.jpg\" \/>\n\t<meta property=\"og:image:width\" content=\"1200\" \/>\n\t<meta property=\"og:image:height\" content=\"1200\" \/>\n\t<meta property=\"og:image:type\" content=\"image\/jpeg\" \/>\n<meta name=\"twitter:card\" content=\"summary_large_image\" \/>\n<script type=\"application\/ld+json\" class=\"yoast-schema-graph\">{\"@context\":\"https:\/\/schema.org\",\"@graph\":[{\"@type\":\"WebPage\",\"@id\":\"https:\/\/keramamueblesdejardin.com\/de\/exterieur-zubehor\/kissen-fur-den-ausenbereich\/pack-4-kissen-stuhl-garten-hellgrau-recycelt\/\",\"url\":\"https:\/\/keramamueblesdejardin.com\/de\/exterieur-zubehor\/kissen-fur-den-ausenbereich\/pack-4-kissen-stuhl-garten-hellgrau-recycelt\/\",\"name\":\"Packung 4 hellgraue Gartenstuhlkissen - Recycelt - Kerama\",\"isPartOf\":{\"@id\":\"https:\/\/keramamueblesdejardin.com\/de\/#website\"},\"primaryImageOfPage\":{\"@id\":\"https:\/\/keramamueblesdejardin.com\/de\/exterieur-zubehor\/kissen-fur-den-ausenbereich\/pack-4-kissen-stuhl-garten-hellgrau-recycelt\/#primaryimage\"},\"image\":{\"@id\":\"https:\/\/keramamueblesdejardin.com\/de\/exterieur-zubehor\/kissen-fur-den-ausenbereich\/pack-4-kissen-stuhl-garten-hellgrau-recycelt\/#primaryimage\"},\"thumbnailUrl\":\"https:\/\/keramamueblesdejardin.com\/wp-content\/uploads\/2023\/02\/b19x4.jpg\",\"datePublished\":\"2023-02-13T09:17:55+00:00\",\"dateModified\":\"2023-08-31T07:52:12+00:00\",\"breadcrumb\":{\"@id\":\"https:\/\/keramamueblesdejardin.com\/de\/exterieur-zubehor\/kissen-fur-den-ausenbereich\/pack-4-kissen-stuhl-garten-hellgrau-recycelt\/#breadcrumb\"},\"inLanguage\":\"de\",\"potentialAction\":[{\"@type\":\"ReadAction\",\"target\":[\"https:\/\/keramamueblesdejardin.com\/de\/exterieur-zubehor\/kissen-fur-den-ausenbereich\/pack-4-kissen-stuhl-garten-hellgrau-recycelt\/\"]}]},{\"@type\":\"ImageObject\",\"inLanguage\":\"de\",\"@id\":\"https:\/\/keramamueblesdejardin.com\/de\/exterieur-zubehor\/kissen-fur-den-ausenbereich\/pack-4-kissen-stuhl-garten-hellgrau-recycelt\/#primaryimage\",\"url\":\"https:\/\/keramamueblesdejardin.com\/wp-content\/uploads\/2023\/02\/b19x4.jpg\",\"contentUrl\":\"https:\/\/keramamueblesdejardin.com\/wp-content\/uploads\/2023\/02\/b19x4.jpg\",\"width\":1200,\"height\":1200},{\"@type\":\"BreadcrumbList\",\"@id\":\"https:\/\/keramamueblesdejardin.com\/de\/exterieur-zubehor\/kissen-fur-den-ausenbereich\/pack-4-kissen-stuhl-garten-hellgrau-recycelt\/#breadcrumb\",\"itemListElement\":[{\"@type\":\"ListItem\",\"position\":1,\"name\":\"Home\",\"item\":\"https:\/\/keramamueblesdejardin.com\/de\/\"},{\"@type\":\"ListItem\",\"position\":2,\"name\":\"Laden\",\"item\":\"https:\/\/keramamueblesdejardin.com\/de\/laden\/\"},{\"@type\":\"ListItem\",\"position\":3,\"name\":\"Exterieur-Zubeh\u00f6r\",\"item\":\"https:\/\/keramamueblesdejardin.com\/de\/exterieur-zubehor\/\"},{\"@type\":\"ListItem\",\"position\":4,\"name\":\"Kissen f\u00fcr den Au\u00dfenbereich\",\"item\":\"https:\/\/keramamueblesdejardin.com\/de\/exterieur-zubehor\/kissen-fur-den-ausenbereich\/\"},{\"@type\":\"ListItem\",\"position\":5,\"name\":\"Packung 4 hellgraue Gartenstuhlkissen &#8211; Recycelt\"}]},{\"@type\":\"WebSite\",\"@id\":\"https:\/\/keramamueblesdejardin.com\/de\/#website\",\"url\":\"https:\/\/keramamueblesdejardin.com\/de\/\",\"name\":\"Kerama\",\"description\":\"muebles de jard\u00edn\",\"publisher\":{\"@id\":\"https:\/\/keramamueblesdejardin.com\/de\/#organization\"},\"potentialAction\":[{\"@type\":\"SearchAction\",\"target\":{\"@type\":\"EntryPoint\",\"urlTemplate\":\"https:\/\/keramamueblesdejardin.com\/de\/?s={search_term_string}\"},\"query-input\":{\"@type\":\"PropertyValueSpecification\",\"valueRequired\":true,\"valueName\":\"search_term_string\"}}],\"inLanguage\":\"de\"},{\"@type\":\"Organization\",\"@id\":\"https:\/\/keramamueblesdejardin.com\/de\/#organization\",\"name\":\"kerama\",\"url\":\"https:\/\/keramamueblesdejardin.com\/de\/\",\"logo\":{\"@type\":\"ImageObject\",\"inLanguage\":\"de\",\"@id\":\"https:\/\/keramamueblesdejardin.com\/de\/#\/schema\/logo\/image\/\",\"url\":\"https:\/\/keramamueblesdejardin.com\/wp-content\/uploads\/2020\/12\/k.-scaled.jpg\",\"contentUrl\":\"https:\/\/keramamueblesdejardin.com\/wp-content\/uploads\/2020\/12\/k.-scaled.jpg\",\"width\":2560,\"height\":551,\"caption\":\"kerama\"},\"image\":{\"@id\":\"https:\/\/keramamueblesdejardin.com\/de\/#\/schema\/logo\/image\/\"},\"sameAs\":[\"https:\/\/www.facebook.com\/Kerama-Muebles-de-Jard\u00edn-106209328312568\/\"]}]}<\/script>\n<!-- \/ Yoast SEO plugin. -->","yoast_head_json":{"title":"Packung 4 hellgraue Gartenstuhlkissen - Recycelt - Kerama","robots":{"index":"index","follow":"follow","max-snippet":"max-snippet:-1","max-image-preview":"max-image-preview:large","max-video-preview":"max-video-preview:-1"},"canonical":"https:\/\/keramamueblesdejardin.com\/de\/exterieur-zubehor\/kissen-fur-den-ausenbereich\/pack-4-kissen-stuhl-garten-hellgrau-recycelt\/","og_locale":"de_DE","og_type":"article","og_title":"Packung 4 hellgraue Gartenstuhlkissen - Recycelt - Kerama","og_description":"Kissen f\u00fcr Gartenstuhl 45x40x5cm in hellgrau  Die Kissen sind abnehmbar und maschinenwaschbar  Es hat Streifen zum Binden und Fixieren des Kissens  Hergestellt in Spanien aus 100% recyceltem Polyestergewebe und F\u00fcllung","og_url":"https:\/\/keramamueblesdejardin.com\/de\/exterieur-zubehor\/kissen-fur-den-ausenbereich\/pack-4-kissen-stuhl-garten-hellgrau-recycelt\/","og_site_name":"Kerama","article_publisher":"https:\/\/www.facebook.com\/Kerama-Muebles-de-Jard%c3%adn-106209328312568\/","article_modified_time":"2023-08-31T07:52:12+00:00","og_image":[{"width":1200,"height":1200,"url":"https:\/\/keramamueblesdejardin.com\/wp-content\/uploads\/2023\/02\/b19x4.jpg","type":"image\/jpeg"}],"twitter_card":"summary_large_image","schema":{"@context":"https:\/\/schema.org","@graph":[{"@type":"WebPage","@id":"https:\/\/keramamueblesdejardin.com\/de\/exterieur-zubehor\/kissen-fur-den-ausenbereich\/pack-4-kissen-stuhl-garten-hellgrau-recycelt\/","url":"https:\/\/keramamueblesdejardin.com\/de\/exterieur-zubehor\/kissen-fur-den-ausenbereich\/pack-4-kissen-stuhl-garten-hellgrau-recycelt\/","name":"Packung 4 hellgraue Gartenstuhlkissen - Recycelt - Kerama","isPartOf":{"@id":"https:\/\/keramamueblesdejardin.com\/de\/#website"},"primaryImageOfPage":{"@id":"https:\/\/keramamueblesdejardin.com\/de\/exterieur-zubehor\/kissen-fur-den-ausenbereich\/pack-4-kissen-stuhl-garten-hellgrau-recycelt\/#primaryimage"},"image":{"@id":"https:\/\/keramamueblesdejardin.com\/de\/exterieur-zubehor\/kissen-fur-den-ausenbereich\/pack-4-kissen-stuhl-garten-hellgrau-recycelt\/#primaryimage"},"thumbnailUrl":"https:\/\/keramamueblesdejardin.com\/wp-content\/uploads\/2023\/02\/b19x4.jpg","datePublished":"2023-02-13T09:17:55+00:00","dateModified":"2023-08-31T07:52:12+00:00","breadcrumb":{"@id":"https:\/\/keramamueblesdejardin.com\/de\/exterieur-zubehor\/kissen-fur-den-ausenbereich\/pack-4-kissen-stuhl-garten-hellgrau-recycelt\/#breadcrumb"},"inLanguage":"de","potentialAction":[{"@type":"ReadAction","target":["https:\/\/keramamueblesdejardin.com\/de\/exterieur-zubehor\/kissen-fur-den-ausenbereich\/pack-4-kissen-stuhl-garten-hellgrau-recycelt\/"]}]},{"@type":"ImageObject","inLanguage":"de","@id":"https:\/\/keramamueblesdejardin.com\/de\/exterieur-zubehor\/kissen-fur-den-ausenbereich\/pack-4-kissen-stuhl-garten-hellgrau-recycelt\/#primaryimage","url":"https:\/\/keramamueblesdejardin.com\/wp-content\/uploads\/2023\/02\/b19x4.jpg","contentUrl":"https:\/\/keramamueblesdejardin.com\/wp-content\/uploads\/2023\/02\/b19x4.jpg","width":1200,"height":1200},{"@type":"BreadcrumbList","@id":"https:\/\/keramamueblesdejardin.com\/de\/exterieur-zubehor\/kissen-fur-den-ausenbereich\/pack-4-kissen-stuhl-garten-hellgrau-recycelt\/#breadcrumb","itemListElement":[{"@type":"ListItem","position":1,"name":"Home","item":"https:\/\/keramamueblesdejardin.com\/de\/"},{"@type":"ListItem","position":2,"name":"Laden","item":"https:\/\/keramamueblesdejardin.com\/de\/laden\/"},{"@type":"ListItem","position":3,"name":"Exterieur-Zubeh\u00f6r","item":"https:\/\/keramamueblesdejardin.com\/de\/exterieur-zubehor\/"},{"@type":"ListItem","position":4,"name":"Kissen f\u00fcr den Au\u00dfenbereich","item":"https:\/\/keramamueblesdejardin.com\/de\/exterieur-zubehor\/kissen-fur-den-ausenbereich\/"},{"@type":"ListItem","position":5,"name":"Packung 4 hellgraue Gartenstuhlkissen &#8211; Recycelt"}]},{"@type":"WebSite","@id":"https:\/\/keramamueblesdejardin.com\/de\/#website","url":"https:\/\/keramamueblesdejardin.com\/de\/","name":"Kerama","description":"muebles de jard\u00edn","publisher":{"@id":"https:\/\/keramamueblesdejardin.com\/de\/#organization"},"potentialAction":[{"@type":"SearchAction","target":{"@type":"EntryPoint","urlTemplate":"https:\/\/keramamueblesdejardin.com\/de\/?s={search_term_string}"},"query-input":{"@type":"PropertyValueSpecification","valueRequired":true,"valueName":"search_term_string"}}],"inLanguage":"de"},{"@type":"Organization","@id":"https:\/\/keramamueblesdejardin.com\/de\/#organization","name":"kerama","url":"https:\/\/keramamueblesdejardin.com\/de\/","logo":{"@type":"ImageObject","inLanguage":"de","@id":"https:\/\/keramamueblesdejardin.com\/de\/#\/schema\/logo\/image\/","url":"https:\/\/keramamueblesdejardin.com\/wp-content\/uploads\/2020\/12\/k.-scaled.jpg","contentUrl":"https:\/\/keramamueblesdejardin.com\/wp-content\/uploads\/2020\/12\/k.-scaled.jpg","width":2560,"height":551,"caption":"kerama"},"image":{"@id":"https:\/\/keramamueblesdejardin.com\/de\/#\/schema\/logo\/image\/"},"sameAs":["https:\/\/www.facebook.com\/Kerama-Muebles-de-Jard\u00edn-106209328312568\/"]}]}},"df_price":69,"df_sale_price":69,"df_regular_price":90,"df_image_link":"https:\/\/keramamueblesdejardin.com\/wp-content\/uploads\/2023\/02\/b19x4-300x300.jpg","custom_tabs":[{"title":"MESSUNG","id":"messung","content":"<div class=\"list\"><strong>Dicke: <\/strong>5cm\n<strong>Breite: <\/strong>40cm\n<strong>Tiefe: <\/strong>45cm<\/div>"},{"title":"WARTUNG UND GARANTIEN","id":"wartung-und-garantien","content":"<div class=\"moz-signature\">\n<div class=\"list\">\n\n<strong>Allgemeine Empfehlungen:<\/strong>\n\u2022 Pannen oder Sch\u00e4den, die verursacht werden durch:\n\u2022 Zuf\u00e4llige Ursachen wie St\u00fcrze, Schl\u00e4ge, Versch\u00fctten von Fl\u00fcssigkeiten, Einschleppen von Fremdk\u00f6rpern sowie andere h\u00f6here Gewalt.\n\u2022 Fahrl\u00e4ssiger, unsachgem\u00e4\u00dfer oder nicht h\u00e4uslicher Gebrauch.\n\u2022 Besch\u00e4digung, Korrosion und\/oder Oxidation beschleunigt durch widrige Umgebungsbedingungen \u2022 Flecken und Verf\u00e4rbungen durch Nichtbeachtung unserer Reinigungsanweisungen\n\u2022 Sch\u00e4den, die w\u00e4hrend der Montage und Handhabung auftreten, ohne die angegebenen Montageanweisungen befolgt zu haben.\n\n<strong>Gebrauchs- und Wartungshinweise:<\/strong>\n\n\u2022Nicht wasserdichtes Gewebe, nicht geeignet f\u00fcr Dauerregen oder Quellen, die es nass oder nass halten.\n\u2022 Reinigen Sie mit Hilfe eines Tuchs vorsichtig oder verwenden Sie eine neutrale Fl\u00fcssigseife und sp\u00fclen Sie sie mit viel Wasser ab.\n\u2022 Entfernen Sie Staub regelm\u00e4\u00dfig mit Hilfe eines weichen Tuchs und klarem Wasser.\n\u2022 Verwenden Sie zum Reinigen keine Reinigungsmittel oder Scheuermittel.\nJahre <strong>Garantie: 3 Jahre<\/strong>\n<strong>Hergestellt nach Norm:<\/strong> 581-1.581-2.581-3\n\n<\/div>\n<\/div>"}],"_links":{"self":[{"href":"https:\/\/keramamueblesdejardin.com\/de\/wp-json\/wp\/v2\/product\/116530","targetHints":{"allow":["GET"]}}],"collection":[{"href":"https:\/\/keramamueblesdejardin.com\/de\/wp-json\/wp\/v2\/product"}],"about":[{"href":"https:\/\/keramamueblesdejardin.com\/de\/wp-json\/wp\/v2\/types\/product"}],"replies":[{"embeddable":true,"href":"https:\/\/keramamueblesdejardin.com\/de\/wp-json\/wp\/v2\/comments?post=116530"}],"wp:featuredmedia":[{"embeddable":true,"href":"https:\/\/keramamueblesdejardin.com\/de\/wp-json\/wp\/v2\/media\/116532"}],"wp:attachment":[{"href":"https:\/\/keramamueblesdejardin.com\/de\/wp-json\/wp\/v2\/media?parent=116530"}],"wp:term":[{"taxonomy":"product_brand","embeddable":true,"href":"https:\/\/keramamueblesdejardin.com\/de\/wp-json\/wp\/v2\/product_brand?post=116530"},{"taxonomy":"product_cat","embeddable":true,"href":"https:\/\/keramamueblesdejardin.com\/de\/wp-json\/wp\/v2\/product_cat?post=116530"},{"taxonomy":"product_tag","embeddable":true,"href":"https:\/\/keramamueblesdejardin.com\/de\/wp-json\/wp\/v2\/product_tag?post=116530"}],"curies":[{"name":"wp","href":"https:\/\/api.w.org\/{rel}","templated":true}]}}