{"id":112141,"date":"2023-02-13T10:18:03","date_gmt":"2023-02-13T09:18:03","guid":{"rendered":"https:\/\/keramamueblesdejardin.com\/uncategorized\/pack-4-kissen-gartenstuhl-beige-baumwolle\/"},"modified":"2024-01-08T12:54:31","modified_gmt":"2024-01-08T11:54:31","slug":"pack-4-kissen-stuhl-garten-beige-baumwolle","status":"publish","type":"product","link":"https:\/\/keramamueblesdejardin.com\/de\/exterieur-zubehor\/kissen-fur-den-ausenbereich\/pack-4-kissen-stuhl-garten-beige-baumwolle\/","title":{"rendered":"Pack 4 Kissen Gartenstuhl beige &#8211; Baumwolle"},"content":{"rendered":"<p>Kissen f\u00fcr Gartenstuhl 45x40x5cm (Breite x Tiefe x H\u00f6he) in beige. Die Kissen sind abnehmbar und maschinenwaschbar, sie haben auch Streifen, um das Kissen leicht an den M\u00f6beln binden und befestigen zu k\u00f6nnen. Der Stoff ist Baumwolle und die F\u00fcllung aus 100% recyceltem Polyester stammt aus recycelten Flaschen und Verpackungen, nicht wasserdichtem Stoff, ist nicht geeignet, um st\u00e4ndig im Regen oder Quellen zu sein, die es nass oder nass halten. Es handelt sich um ein Produkt, das in Spanien hergestellt wird. Es handelt sich um ein Produkt, das in Spanien hergestellt wird.<\/p>\n","protected":false},"excerpt":{"rendered":"<ul>\n<li>Gartenstuhlkissen 45x40x5cm beige<\/li>\n<li>Die Kissen sind abnehmbar und maschinenwaschbar<\/li>\n<li>Es hat Streifen zum Binden und Fixieren des Kissens<\/li>\n<li>Hergestellt in Spanien aus Baumwollgewebe und F\u00fcllung aus 100 % recyceltem Polyester<\/li>\n<\/ul>\n","protected":false},"featured_media":112158,"comment_status":"closed","ping_status":"closed","template":"","meta":{"_acf_changed":false},"product_brand":[],"product_cat":[3271,3270],"product_tag":[3277],"class_list":{"0":"post-112141","1":"product","2":"type-product","3":"status-publish","4":"has-post-thumbnail","6":"product_cat-exterieur-zubehor","7":"product_cat-kissen-fur-den-ausenbereich","8":"product_tag-baumwolle","9":"product_shipping_class-envio-gratuito-de","10":"pa_coleccion-baumwolle","12":"first","13":"outofstock","14":"sale","15":"purchasable","16":"product-type-simple","17":"add-to-wishlist-before_image"},"acf":[],"yoast_head":"<!-- This site is optimized with the Yoast SEO plugin v27.2 - https:\/\/yoast.com\/product\/yoast-seo-wordpress\/ -->\n<title>Pack 4 Kissen Gartenstuhl beige - Baumwolle - Kerama<\/title>\n<meta name=\"robots\" content=\"index, follow, max-snippet:-1, max-image-preview:large, max-video-preview:-1\" \/>\n<link rel=\"canonical\" href=\"https:\/\/keramamueblesdejardin.com\/de\/exterieur-zubehor\/kissen-fur-den-ausenbereich\/pack-4-kissen-stuhl-garten-beige-baumwolle\/\" \/>\n<meta property=\"og:locale\" content=\"de_DE\" \/>\n<meta property=\"og:type\" content=\"article\" \/>\n<meta property=\"og:title\" content=\"Pack 4 Kissen Gartenstuhl beige - Baumwolle - Kerama\" \/>\n<meta property=\"og:description\" content=\"Gartenstuhlkissen 45x40x5cm beige  Die Kissen sind abnehmbar und maschinenwaschbar  Es hat Streifen zum Binden und Fixieren des Kissens  Hergestellt in Spanien aus Baumwollgewebe und F\u00fcllung aus 100 % recyceltem Polyester\" \/>\n<meta property=\"og:url\" content=\"https:\/\/keramamueblesdejardin.com\/de\/exterieur-zubehor\/kissen-fur-den-ausenbereich\/pack-4-kissen-stuhl-garten-beige-baumwolle\/\" \/>\n<meta property=\"og:site_name\" content=\"Kerama\" \/>\n<meta property=\"article:publisher\" content=\"https:\/\/www.facebook.com\/Kerama-Muebles-de-Jard%c3%adn-106209328312568\/\" \/>\n<meta property=\"article:modified_time\" content=\"2024-01-08T11:54:31+00:00\" \/>\n<meta property=\"og:image\" content=\"https:\/\/keramamueblesdejardin.com\/wp-content\/uploads\/2023\/02\/b13x4-1.jpg\" \/>\n\t<meta property=\"og:image:width\" content=\"1200\" \/>\n\t<meta property=\"og:image:height\" content=\"1200\" \/>\n\t<meta property=\"og:image:type\" content=\"image\/jpeg\" \/>\n<meta name=\"twitter:card\" content=\"summary_large_image\" \/>\n<script type=\"application\/ld+json\" class=\"yoast-schema-graph\">{\"@context\":\"https:\/\/schema.org\",\"@graph\":[{\"@type\":\"WebPage\",\"@id\":\"https:\/\/keramamueblesdejardin.com\/de\/exterieur-zubehor\/kissen-fur-den-ausenbereich\/pack-4-kissen-stuhl-garten-beige-baumwolle\/\",\"url\":\"https:\/\/keramamueblesdejardin.com\/de\/exterieur-zubehor\/kissen-fur-den-ausenbereich\/pack-4-kissen-stuhl-garten-beige-baumwolle\/\",\"name\":\"Pack 4 Kissen Gartenstuhl beige - Baumwolle - Kerama\",\"isPartOf\":{\"@id\":\"https:\/\/keramamueblesdejardin.com\/de\/#website\"},\"primaryImageOfPage\":{\"@id\":\"https:\/\/keramamueblesdejardin.com\/de\/exterieur-zubehor\/kissen-fur-den-ausenbereich\/pack-4-kissen-stuhl-garten-beige-baumwolle\/#primaryimage\"},\"image\":{\"@id\":\"https:\/\/keramamueblesdejardin.com\/de\/exterieur-zubehor\/kissen-fur-den-ausenbereich\/pack-4-kissen-stuhl-garten-beige-baumwolle\/#primaryimage\"},\"thumbnailUrl\":\"https:\/\/keramamueblesdejardin.com\/wp-content\/uploads\/2023\/02\/b13x4-1.jpg\",\"datePublished\":\"2023-02-13T09:18:03+00:00\",\"dateModified\":\"2024-01-08T11:54:31+00:00\",\"breadcrumb\":{\"@id\":\"https:\/\/keramamueblesdejardin.com\/de\/exterieur-zubehor\/kissen-fur-den-ausenbereich\/pack-4-kissen-stuhl-garten-beige-baumwolle\/#breadcrumb\"},\"inLanguage\":\"de\",\"potentialAction\":[{\"@type\":\"ReadAction\",\"target\":[\"https:\/\/keramamueblesdejardin.com\/de\/exterieur-zubehor\/kissen-fur-den-ausenbereich\/pack-4-kissen-stuhl-garten-beige-baumwolle\/\"]}]},{\"@type\":\"ImageObject\",\"inLanguage\":\"de\",\"@id\":\"https:\/\/keramamueblesdejardin.com\/de\/exterieur-zubehor\/kissen-fur-den-ausenbereich\/pack-4-kissen-stuhl-garten-beige-baumwolle\/#primaryimage\",\"url\":\"https:\/\/keramamueblesdejardin.com\/wp-content\/uploads\/2023\/02\/b13x4-1.jpg\",\"contentUrl\":\"https:\/\/keramamueblesdejardin.com\/wp-content\/uploads\/2023\/02\/b13x4-1.jpg\",\"width\":1200,\"height\":1200},{\"@type\":\"BreadcrumbList\",\"@id\":\"https:\/\/keramamueblesdejardin.com\/de\/exterieur-zubehor\/kissen-fur-den-ausenbereich\/pack-4-kissen-stuhl-garten-beige-baumwolle\/#breadcrumb\",\"itemListElement\":[{\"@type\":\"ListItem\",\"position\":1,\"name\":\"Home\",\"item\":\"https:\/\/keramamueblesdejardin.com\/de\/\"},{\"@type\":\"ListItem\",\"position\":2,\"name\":\"Laden\",\"item\":\"https:\/\/keramamueblesdejardin.com\/de\/laden\/\"},{\"@type\":\"ListItem\",\"position\":3,\"name\":\"Exterieur-Zubeh\u00f6r\",\"item\":\"https:\/\/keramamueblesdejardin.com\/de\/exterieur-zubehor\/\"},{\"@type\":\"ListItem\",\"position\":4,\"name\":\"Kissen f\u00fcr den Au\u00dfenbereich\",\"item\":\"https:\/\/keramamueblesdejardin.com\/de\/exterieur-zubehor\/kissen-fur-den-ausenbereich\/\"},{\"@type\":\"ListItem\",\"position\":5,\"name\":\"Pack 4 Kissen Gartenstuhl beige &#8211; Baumwolle\"}]},{\"@type\":\"WebSite\",\"@id\":\"https:\/\/keramamueblesdejardin.com\/de\/#website\",\"url\":\"https:\/\/keramamueblesdejardin.com\/de\/\",\"name\":\"Kerama\",\"description\":\"muebles de jard\u00edn\",\"publisher\":{\"@id\":\"https:\/\/keramamueblesdejardin.com\/de\/#organization\"},\"potentialAction\":[{\"@type\":\"SearchAction\",\"target\":{\"@type\":\"EntryPoint\",\"urlTemplate\":\"https:\/\/keramamueblesdejardin.com\/de\/?s={search_term_string}\"},\"query-input\":{\"@type\":\"PropertyValueSpecification\",\"valueRequired\":true,\"valueName\":\"search_term_string\"}}],\"inLanguage\":\"de\"},{\"@type\":\"Organization\",\"@id\":\"https:\/\/keramamueblesdejardin.com\/de\/#organization\",\"name\":\"kerama\",\"url\":\"https:\/\/keramamueblesdejardin.com\/de\/\",\"logo\":{\"@type\":\"ImageObject\",\"inLanguage\":\"de\",\"@id\":\"https:\/\/keramamueblesdejardin.com\/de\/#\/schema\/logo\/image\/\",\"url\":\"https:\/\/keramamueblesdejardin.com\/wp-content\/uploads\/2020\/12\/k.-scaled.jpg\",\"contentUrl\":\"https:\/\/keramamueblesdejardin.com\/wp-content\/uploads\/2020\/12\/k.-scaled.jpg\",\"width\":2560,\"height\":551,\"caption\":\"kerama\"},\"image\":{\"@id\":\"https:\/\/keramamueblesdejardin.com\/de\/#\/schema\/logo\/image\/\"},\"sameAs\":[\"https:\/\/www.facebook.com\/Kerama-Muebles-de-Jard\u00edn-106209328312568\/\"]}]}<\/script>\n<!-- \/ Yoast SEO plugin. -->","yoast_head_json":{"title":"Pack 4 Kissen Gartenstuhl beige - Baumwolle - Kerama","robots":{"index":"index","follow":"follow","max-snippet":"max-snippet:-1","max-image-preview":"max-image-preview:large","max-video-preview":"max-video-preview:-1"},"canonical":"https:\/\/keramamueblesdejardin.com\/de\/exterieur-zubehor\/kissen-fur-den-ausenbereich\/pack-4-kissen-stuhl-garten-beige-baumwolle\/","og_locale":"de_DE","og_type":"article","og_title":"Pack 4 Kissen Gartenstuhl beige - Baumwolle - Kerama","og_description":"Gartenstuhlkissen 45x40x5cm beige  Die Kissen sind abnehmbar und maschinenwaschbar  Es hat Streifen zum Binden und Fixieren des Kissens  Hergestellt in Spanien aus Baumwollgewebe und F\u00fcllung aus 100 % recyceltem Polyester","og_url":"https:\/\/keramamueblesdejardin.com\/de\/exterieur-zubehor\/kissen-fur-den-ausenbereich\/pack-4-kissen-stuhl-garten-beige-baumwolle\/","og_site_name":"Kerama","article_publisher":"https:\/\/www.facebook.com\/Kerama-Muebles-de-Jard%c3%adn-106209328312568\/","article_modified_time":"2024-01-08T11:54:31+00:00","og_image":[{"width":1200,"height":1200,"url":"https:\/\/keramamueblesdejardin.com\/wp-content\/uploads\/2023\/02\/b13x4-1.jpg","type":"image\/jpeg"}],"twitter_card":"summary_large_image","schema":{"@context":"https:\/\/schema.org","@graph":[{"@type":"WebPage","@id":"https:\/\/keramamueblesdejardin.com\/de\/exterieur-zubehor\/kissen-fur-den-ausenbereich\/pack-4-kissen-stuhl-garten-beige-baumwolle\/","url":"https:\/\/keramamueblesdejardin.com\/de\/exterieur-zubehor\/kissen-fur-den-ausenbereich\/pack-4-kissen-stuhl-garten-beige-baumwolle\/","name":"Pack 4 Kissen Gartenstuhl beige - Baumwolle - Kerama","isPartOf":{"@id":"https:\/\/keramamueblesdejardin.com\/de\/#website"},"primaryImageOfPage":{"@id":"https:\/\/keramamueblesdejardin.com\/de\/exterieur-zubehor\/kissen-fur-den-ausenbereich\/pack-4-kissen-stuhl-garten-beige-baumwolle\/#primaryimage"},"image":{"@id":"https:\/\/keramamueblesdejardin.com\/de\/exterieur-zubehor\/kissen-fur-den-ausenbereich\/pack-4-kissen-stuhl-garten-beige-baumwolle\/#primaryimage"},"thumbnailUrl":"https:\/\/keramamueblesdejardin.com\/wp-content\/uploads\/2023\/02\/b13x4-1.jpg","datePublished":"2023-02-13T09:18:03+00:00","dateModified":"2024-01-08T11:54:31+00:00","breadcrumb":{"@id":"https:\/\/keramamueblesdejardin.com\/de\/exterieur-zubehor\/kissen-fur-den-ausenbereich\/pack-4-kissen-stuhl-garten-beige-baumwolle\/#breadcrumb"},"inLanguage":"de","potentialAction":[{"@type":"ReadAction","target":["https:\/\/keramamueblesdejardin.com\/de\/exterieur-zubehor\/kissen-fur-den-ausenbereich\/pack-4-kissen-stuhl-garten-beige-baumwolle\/"]}]},{"@type":"ImageObject","inLanguage":"de","@id":"https:\/\/keramamueblesdejardin.com\/de\/exterieur-zubehor\/kissen-fur-den-ausenbereich\/pack-4-kissen-stuhl-garten-beige-baumwolle\/#primaryimage","url":"https:\/\/keramamueblesdejardin.com\/wp-content\/uploads\/2023\/02\/b13x4-1.jpg","contentUrl":"https:\/\/keramamueblesdejardin.com\/wp-content\/uploads\/2023\/02\/b13x4-1.jpg","width":1200,"height":1200},{"@type":"BreadcrumbList","@id":"https:\/\/keramamueblesdejardin.com\/de\/exterieur-zubehor\/kissen-fur-den-ausenbereich\/pack-4-kissen-stuhl-garten-beige-baumwolle\/#breadcrumb","itemListElement":[{"@type":"ListItem","position":1,"name":"Home","item":"https:\/\/keramamueblesdejardin.com\/de\/"},{"@type":"ListItem","position":2,"name":"Laden","item":"https:\/\/keramamueblesdejardin.com\/de\/laden\/"},{"@type":"ListItem","position":3,"name":"Exterieur-Zubeh\u00f6r","item":"https:\/\/keramamueblesdejardin.com\/de\/exterieur-zubehor\/"},{"@type":"ListItem","position":4,"name":"Kissen f\u00fcr den Au\u00dfenbereich","item":"https:\/\/keramamueblesdejardin.com\/de\/exterieur-zubehor\/kissen-fur-den-ausenbereich\/"},{"@type":"ListItem","position":5,"name":"Pack 4 Kissen Gartenstuhl beige &#8211; Baumwolle"}]},{"@type":"WebSite","@id":"https:\/\/keramamueblesdejardin.com\/de\/#website","url":"https:\/\/keramamueblesdejardin.com\/de\/","name":"Kerama","description":"muebles de jard\u00edn","publisher":{"@id":"https:\/\/keramamueblesdejardin.com\/de\/#organization"},"potentialAction":[{"@type":"SearchAction","target":{"@type":"EntryPoint","urlTemplate":"https:\/\/keramamueblesdejardin.com\/de\/?s={search_term_string}"},"query-input":{"@type":"PropertyValueSpecification","valueRequired":true,"valueName":"search_term_string"}}],"inLanguage":"de"},{"@type":"Organization","@id":"https:\/\/keramamueblesdejardin.com\/de\/#organization","name":"kerama","url":"https:\/\/keramamueblesdejardin.com\/de\/","logo":{"@type":"ImageObject","inLanguage":"de","@id":"https:\/\/keramamueblesdejardin.com\/de\/#\/schema\/logo\/image\/","url":"https:\/\/keramamueblesdejardin.com\/wp-content\/uploads\/2020\/12\/k.-scaled.jpg","contentUrl":"https:\/\/keramamueblesdejardin.com\/wp-content\/uploads\/2020\/12\/k.-scaled.jpg","width":2560,"height":551,"caption":"kerama"},"image":{"@id":"https:\/\/keramamueblesdejardin.com\/de\/#\/schema\/logo\/image\/"},"sameAs":["https:\/\/www.facebook.com\/Kerama-Muebles-de-Jard\u00edn-106209328312568\/"]}]}},"df_price":69,"df_sale_price":69,"df_regular_price":90,"df_image_link":"https:\/\/keramamueblesdejardin.com\/wp-content\/uploads\/2023\/02\/b13x4-1-300x300.jpg","custom_tabs":[{"title":"MESSUNG","id":"messung","content":"<div class=\"list\"><strong>Dicke: <\/strong>5cm\n<strong>Breite: <\/strong>40cm\n<strong>Tiefe: <\/strong>45cm<\/div>"},{"title":"WARTUNG UND GARANTIEN","id":"wartung-und-garantien","content":"<div class=\"moz-signature\">\n<div class=\"list\">\n\n<strong>Allgemeine Empfehlungen:<\/strong>\n\u2022 Pannen oder Sch\u00e4den, die verursacht werden durch:\n\u2022 Zuf\u00e4llige Ursachen wie St\u00fcrze, Schl\u00e4ge, Versch\u00fctten von Fl\u00fcssigkeiten, Einschleppen von Fremdk\u00f6rpern sowie andere h\u00f6here Gewalt.\n\u2022 Fahrl\u00e4ssiger, unsachgem\u00e4\u00dfer oder nicht h\u00e4uslicher Gebrauch.\n\u2022 Besch\u00e4digung, Korrosion und\/oder Oxidation beschleunigt durch widrige Umgebungsbedingungen \u2022 Flecken und Verf\u00e4rbungen durch Nichtbeachtung unserer Reinigungsanweisungen\n\u2022 Sch\u00e4den, die w\u00e4hrend der Montage und Handhabung auftreten, ohne die angegebenen Montageanweisungen befolgt zu haben.\n\n<strong>Gebrauchs- und Wartungshinweise:<\/strong>\n\n\u2022Nicht wasserdichtes Gewebe, nicht geeignet f\u00fcr Dauerregen oder Quellen, die es nass oder nass halten.\n\u2022 Reinigen Sie mit Hilfe eines Tuchs vorsichtig oder verwenden Sie eine neutrale Fl\u00fcssigseife und sp\u00fclen Sie sie mit viel Wasser ab.\n\u2022 Entfernen Sie Staub regelm\u00e4\u00dfig mit Hilfe eines weichen Tuchs und klarem Wasser.\n\u2022 Verwenden Sie zum Reinigen keine Reinigungsmittel oder Scheuermittel.\nJahre <strong>Garantie: 3 Jahre<\/strong>\n<strong>Hergestellt nach Norm:<\/strong> 581-1.581-2.581-3\n\n<\/div>\n<\/div>"}],"_links":{"self":[{"href":"https:\/\/keramamueblesdejardin.com\/de\/wp-json\/wp\/v2\/product\/112141","targetHints":{"allow":["GET"]}}],"collection":[{"href":"https:\/\/keramamueblesdejardin.com\/de\/wp-json\/wp\/v2\/product"}],"about":[{"href":"https:\/\/keramamueblesdejardin.com\/de\/wp-json\/wp\/v2\/types\/product"}],"replies":[{"embeddable":true,"href":"https:\/\/keramamueblesdejardin.com\/de\/wp-json\/wp\/v2\/comments?post=112141"}],"wp:featuredmedia":[{"embeddable":true,"href":"https:\/\/keramamueblesdejardin.com\/de\/wp-json\/wp\/v2\/media\/112158"}],"wp:attachment":[{"href":"https:\/\/keramamueblesdejardin.com\/de\/wp-json\/wp\/v2\/media?parent=112141"}],"wp:term":[{"taxonomy":"product_brand","embeddable":true,"href":"https:\/\/keramamueblesdejardin.com\/de\/wp-json\/wp\/v2\/product_brand?post=112141"},{"taxonomy":"product_cat","embeddable":true,"href":"https:\/\/keramamueblesdejardin.com\/de\/wp-json\/wp\/v2\/product_cat?post=112141"},{"taxonomy":"product_tag","embeddable":true,"href":"https:\/\/keramamueblesdejardin.com\/de\/wp-json\/wp\/v2\/product_tag?post=112141"}],"curies":[{"name":"wp","href":"https:\/\/api.w.org\/{rel}","templated":true}]}}