{"id":111681,"date":"2023-04-12T16:47:43","date_gmt":"2023-04-12T14:47:43","guid":{"rendered":"https:\/\/keramamueblesdejardin.com\/uncategorized\/gartenset-6-sitzer-weisser-runder-tisch-und-6-textilstuehle-osaka-tokyo\/"},"modified":"2024-06-17T12:00:22","modified_gmt":"2024-06-17T10:00:22","slug":"garten-set-6-sitzer-weiser-rundtisch-und-6-stuhle-textilene-osaka-tokyo","status":"publish","type":"product","link":"https:\/\/keramamueblesdejardin.com\/de\/speisesale-im-freien\/gartentisch-und-stuhlgarnitur\/garten-set-6-sitzer-weiser-rundtisch-und-6-stuhle-textilene-osaka-tokyo\/","title":{"rendered":"Gartenset: 6-Sitzer, wei\u00dfer runder Tisch und 6 Textilst\u00fchle &#8211; Osaka &amp;; Tokyo"},"content":{"rendered":"<p>Set bestehend aus einem runden Tisch mit Lamellen aus Polyethylen hoher Dichte, Holzimitat und wei\u00dfer Aluminiumstruktur mit einem Durchmesser von 140 cm. Die Struktur besteht aus Aluminium in Wei\u00df und auf Latten, die aus Polyethylen hoher Dichte bestehen und wie Holz aussehen, aber die Pflege und Behandlung, die Holz mit sich bringt, eliminiert, da es sich um ein sehr widerstandsf\u00e4higes synthetisches Material handelt, mit 6 Outdoor-St\u00fchlen mit Armlehnen aus wei\u00dfem Aluminium und grau gepolstertem Textil. Sie sind nicht nur sehr bequem durch ihre Armlehnen und ihre gepolsterten Sitze und R\u00fcckenlehnen, sondern auch stapelbar, was den Stauraum erheblich reduziert. Die wei\u00dfen Outdoor-St\u00fchle sind sehr leicht, da sie aus Aluminium gefertigt sind.<\/p>\n","protected":false},"excerpt":{"rendered":"<ul>\n<li>Runder Tisch mit Aluminiumgestell und Platte aus Holzimitat<\/li>\n<li>St\u00fchle aus wei\u00dfem Aluminium mit Armlehnen und grau gepolstertem Textil<\/li>\n<li>Keine Wartung erforderlich<\/li>\n<\/ul>\n","protected":false},"featured_media":111750,"comment_status":"closed","ping_status":"closed","template":"","meta":{"_acf_changed":false},"product_brand":[],"product_cat":[3241,3238],"product_tag":[3242,3252],"class_list":{"0":"post-111681","1":"product","2":"type-product","3":"status-publish","4":"has-post-thumbnail","6":"product_cat-gartentisch-und-stuhlgarnitur","7":"product_cat-speisesale-im-freien","8":"product_tag-grose-raume","9":"product_tag-osaka-de","10":"product_shipping_class-envio-gratuito-de","11":"pa_material-aluminium","13":"first","14":"instock","15":"sale","16":"purchasable","17":"product-type-simple","18":"add-to-wishlist-before_image"},"acf":[],"yoast_head":"<!-- This site is optimized with the Yoast SEO plugin v27.2 - https:\/\/yoast.com\/product\/yoast-seo-wordpress\/ -->\n<title>Gartenset: 6-Sitzer, wei\u00dfer runder Tisch und 6 Textilst\u00fchle - Osaka &amp;; Tokyo - Kerama<\/title>\n<meta name=\"robots\" content=\"index, follow, max-snippet:-1, max-image-preview:large, max-video-preview:-1\" \/>\n<link rel=\"canonical\" href=\"https:\/\/keramamueblesdejardin.com\/de\/speisesale-im-freien\/gartentisch-und-stuhlgarnitur\/garten-set-6-sitzer-weiser-rundtisch-und-6-stuhle-textilene-osaka-tokyo\/\" \/>\n<meta property=\"og:locale\" content=\"de_DE\" \/>\n<meta property=\"og:type\" content=\"article\" \/>\n<meta property=\"og:title\" content=\"Gartenset: 6-Sitzer, wei\u00dfer runder Tisch und 6 Textilst\u00fchle - Osaka &amp;; Tokyo - Kerama\" \/>\n<meta property=\"og:description\" content=\"Runder Tisch mit Aluminiumgestell und Platte aus Holzimitat  St\u00fchle aus wei\u00dfem Aluminium mit Armlehnen und grau gepolstertem Textil  Keine Wartung erforderlich\" \/>\n<meta property=\"og:url\" content=\"https:\/\/keramamueblesdejardin.com\/de\/speisesale-im-freien\/gartentisch-und-stuhlgarnitur\/garten-set-6-sitzer-weiser-rundtisch-und-6-stuhle-textilene-osaka-tokyo\/\" \/>\n<meta property=\"og:site_name\" content=\"Kerama\" \/>\n<meta property=\"article:publisher\" content=\"https:\/\/www.facebook.com\/Kerama-Muebles-de-Jard%c3%adn-106209328312568\/\" \/>\n<meta property=\"article:modified_time\" content=\"2024-06-17T10:00:22+00:00\" \/>\n<meta property=\"og:image\" content=\"https:\/\/keramamueblesdejardin.com\/wp-content\/uploads\/2023\/04\/osaka-tokyo-8.jpg\" \/>\n\t<meta property=\"og:image:width\" content=\"1200\" \/>\n\t<meta property=\"og:image:height\" content=\"1200\" \/>\n\t<meta property=\"og:image:type\" content=\"image\/jpeg\" \/>\n<meta name=\"twitter:card\" content=\"summary_large_image\" \/>\n<meta name=\"twitter:label1\" content=\"Gesch\u00e4tzte Lesezeit\" \/>\n\t<meta name=\"twitter:data1\" content=\"1\u00a0Minute\" \/>\n<script type=\"application\/ld+json\" class=\"yoast-schema-graph\">{\"@context\":\"https:\/\/schema.org\",\"@graph\":[{\"@type\":\"WebPage\",\"@id\":\"https:\/\/keramamueblesdejardin.com\/de\/speisesale-im-freien\/gartentisch-und-stuhlgarnitur\/garten-set-6-sitzer-weiser-rundtisch-und-6-stuhle-textilene-osaka-tokyo\/\",\"url\":\"https:\/\/keramamueblesdejardin.com\/de\/speisesale-im-freien\/gartentisch-und-stuhlgarnitur\/garten-set-6-sitzer-weiser-rundtisch-und-6-stuhle-textilene-osaka-tokyo\/\",\"name\":\"Gartenset: 6-Sitzer, wei\u00dfer runder Tisch und 6 Textilst\u00fchle - Osaka &amp;; Tokyo - Kerama\",\"isPartOf\":{\"@id\":\"https:\/\/keramamueblesdejardin.com\/de\/#website\"},\"primaryImageOfPage\":{\"@id\":\"https:\/\/keramamueblesdejardin.com\/de\/speisesale-im-freien\/gartentisch-und-stuhlgarnitur\/garten-set-6-sitzer-weiser-rundtisch-und-6-stuhle-textilene-osaka-tokyo\/#primaryimage\"},\"image\":{\"@id\":\"https:\/\/keramamueblesdejardin.com\/de\/speisesale-im-freien\/gartentisch-und-stuhlgarnitur\/garten-set-6-sitzer-weiser-rundtisch-und-6-stuhle-textilene-osaka-tokyo\/#primaryimage\"},\"thumbnailUrl\":\"https:\/\/keramamueblesdejardin.com\/wp-content\/uploads\/2023\/04\/osaka-tokyo-8.jpg\",\"datePublished\":\"2023-04-12T14:47:43+00:00\",\"dateModified\":\"2024-06-17T10:00:22+00:00\",\"breadcrumb\":{\"@id\":\"https:\/\/keramamueblesdejardin.com\/de\/speisesale-im-freien\/gartentisch-und-stuhlgarnitur\/garten-set-6-sitzer-weiser-rundtisch-und-6-stuhle-textilene-osaka-tokyo\/#breadcrumb\"},\"inLanguage\":\"de\",\"potentialAction\":[{\"@type\":\"ReadAction\",\"target\":[\"https:\/\/keramamueblesdejardin.com\/de\/speisesale-im-freien\/gartentisch-und-stuhlgarnitur\/garten-set-6-sitzer-weiser-rundtisch-und-6-stuhle-textilene-osaka-tokyo\/\"]}]},{\"@type\":\"ImageObject\",\"inLanguage\":\"de\",\"@id\":\"https:\/\/keramamueblesdejardin.com\/de\/speisesale-im-freien\/gartentisch-und-stuhlgarnitur\/garten-set-6-sitzer-weiser-rundtisch-und-6-stuhle-textilene-osaka-tokyo\/#primaryimage\",\"url\":\"https:\/\/keramamueblesdejardin.com\/wp-content\/uploads\/2023\/04\/osaka-tokyo-8.jpg\",\"contentUrl\":\"https:\/\/keramamueblesdejardin.com\/wp-content\/uploads\/2023\/04\/osaka-tokyo-8.jpg\",\"width\":1200,\"height\":1200},{\"@type\":\"BreadcrumbList\",\"@id\":\"https:\/\/keramamueblesdejardin.com\/de\/speisesale-im-freien\/gartentisch-und-stuhlgarnitur\/garten-set-6-sitzer-weiser-rundtisch-und-6-stuhle-textilene-osaka-tokyo\/#breadcrumb\",\"itemListElement\":[{\"@type\":\"ListItem\",\"position\":1,\"name\":\"Home\",\"item\":\"https:\/\/keramamueblesdejardin.com\/de\/\"},{\"@type\":\"ListItem\",\"position\":2,\"name\":\"Laden\",\"item\":\"https:\/\/keramamueblesdejardin.com\/de\/laden\/\"},{\"@type\":\"ListItem\",\"position\":3,\"name\":\"Speises\u00e4le im Freien\",\"item\":\"https:\/\/keramamueblesdejardin.com\/de\/speisesale-im-freien\/\"},{\"@type\":\"ListItem\",\"position\":4,\"name\":\"Gartentisch- und Stuhlgarnitur\",\"item\":\"https:\/\/keramamueblesdejardin.com\/de\/speisesale-im-freien\/gartentisch-und-stuhlgarnitur\/\"},{\"@type\":\"ListItem\",\"position\":5,\"name\":\"Gartenset: 6-Sitzer, wei\u00dfer runder Tisch und 6 Textilst\u00fchle &#8211; Osaka &amp;; Tokyo\"}]},{\"@type\":\"WebSite\",\"@id\":\"https:\/\/keramamueblesdejardin.com\/de\/#website\",\"url\":\"https:\/\/keramamueblesdejardin.com\/de\/\",\"name\":\"Kerama\",\"description\":\"muebles de jard\u00edn\",\"publisher\":{\"@id\":\"https:\/\/keramamueblesdejardin.com\/de\/#organization\"},\"potentialAction\":[{\"@type\":\"SearchAction\",\"target\":{\"@type\":\"EntryPoint\",\"urlTemplate\":\"https:\/\/keramamueblesdejardin.com\/de\/?s={search_term_string}\"},\"query-input\":{\"@type\":\"PropertyValueSpecification\",\"valueRequired\":true,\"valueName\":\"search_term_string\"}}],\"inLanguage\":\"de\"},{\"@type\":\"Organization\",\"@id\":\"https:\/\/keramamueblesdejardin.com\/de\/#organization\",\"name\":\"kerama\",\"url\":\"https:\/\/keramamueblesdejardin.com\/de\/\",\"logo\":{\"@type\":\"ImageObject\",\"inLanguage\":\"de\",\"@id\":\"https:\/\/keramamueblesdejardin.com\/de\/#\/schema\/logo\/image\/\",\"url\":\"https:\/\/keramamueblesdejardin.com\/wp-content\/uploads\/2020\/12\/k.-scaled.jpg\",\"contentUrl\":\"https:\/\/keramamueblesdejardin.com\/wp-content\/uploads\/2020\/12\/k.-scaled.jpg\",\"width\":2560,\"height\":551,\"caption\":\"kerama\"},\"image\":{\"@id\":\"https:\/\/keramamueblesdejardin.com\/de\/#\/schema\/logo\/image\/\"},\"sameAs\":[\"https:\/\/www.facebook.com\/Kerama-Muebles-de-Jard\u00edn-106209328312568\/\"]}]}<\/script>\n<!-- \/ Yoast SEO plugin. -->","yoast_head_json":{"title":"Gartenset: 6-Sitzer, wei\u00dfer runder Tisch und 6 Textilst\u00fchle - Osaka &amp;; Tokyo - Kerama","robots":{"index":"index","follow":"follow","max-snippet":"max-snippet:-1","max-image-preview":"max-image-preview:large","max-video-preview":"max-video-preview:-1"},"canonical":"https:\/\/keramamueblesdejardin.com\/de\/speisesale-im-freien\/gartentisch-und-stuhlgarnitur\/garten-set-6-sitzer-weiser-rundtisch-und-6-stuhle-textilene-osaka-tokyo\/","og_locale":"de_DE","og_type":"article","og_title":"Gartenset: 6-Sitzer, wei\u00dfer runder Tisch und 6 Textilst\u00fchle - Osaka &amp;; Tokyo - Kerama","og_description":"Runder Tisch mit Aluminiumgestell und Platte aus Holzimitat  St\u00fchle aus wei\u00dfem Aluminium mit Armlehnen und grau gepolstertem Textil  Keine Wartung erforderlich","og_url":"https:\/\/keramamueblesdejardin.com\/de\/speisesale-im-freien\/gartentisch-und-stuhlgarnitur\/garten-set-6-sitzer-weiser-rundtisch-und-6-stuhle-textilene-osaka-tokyo\/","og_site_name":"Kerama","article_publisher":"https:\/\/www.facebook.com\/Kerama-Muebles-de-Jard%c3%adn-106209328312568\/","article_modified_time":"2024-06-17T10:00:22+00:00","og_image":[{"width":1200,"height":1200,"url":"https:\/\/keramamueblesdejardin.com\/wp-content\/uploads\/2023\/04\/osaka-tokyo-8.jpg","type":"image\/jpeg"}],"twitter_card":"summary_large_image","twitter_misc":{"Gesch\u00e4tzte Lesezeit":"1\u00a0Minute"},"schema":{"@context":"https:\/\/schema.org","@graph":[{"@type":"WebPage","@id":"https:\/\/keramamueblesdejardin.com\/de\/speisesale-im-freien\/gartentisch-und-stuhlgarnitur\/garten-set-6-sitzer-weiser-rundtisch-und-6-stuhle-textilene-osaka-tokyo\/","url":"https:\/\/keramamueblesdejardin.com\/de\/speisesale-im-freien\/gartentisch-und-stuhlgarnitur\/garten-set-6-sitzer-weiser-rundtisch-und-6-stuhle-textilene-osaka-tokyo\/","name":"Gartenset: 6-Sitzer, wei\u00dfer runder Tisch und 6 Textilst\u00fchle - Osaka &amp;; Tokyo - Kerama","isPartOf":{"@id":"https:\/\/keramamueblesdejardin.com\/de\/#website"},"primaryImageOfPage":{"@id":"https:\/\/keramamueblesdejardin.com\/de\/speisesale-im-freien\/gartentisch-und-stuhlgarnitur\/garten-set-6-sitzer-weiser-rundtisch-und-6-stuhle-textilene-osaka-tokyo\/#primaryimage"},"image":{"@id":"https:\/\/keramamueblesdejardin.com\/de\/speisesale-im-freien\/gartentisch-und-stuhlgarnitur\/garten-set-6-sitzer-weiser-rundtisch-und-6-stuhle-textilene-osaka-tokyo\/#primaryimage"},"thumbnailUrl":"https:\/\/keramamueblesdejardin.com\/wp-content\/uploads\/2023\/04\/osaka-tokyo-8.jpg","datePublished":"2023-04-12T14:47:43+00:00","dateModified":"2024-06-17T10:00:22+00:00","breadcrumb":{"@id":"https:\/\/keramamueblesdejardin.com\/de\/speisesale-im-freien\/gartentisch-und-stuhlgarnitur\/garten-set-6-sitzer-weiser-rundtisch-und-6-stuhle-textilene-osaka-tokyo\/#breadcrumb"},"inLanguage":"de","potentialAction":[{"@type":"ReadAction","target":["https:\/\/keramamueblesdejardin.com\/de\/speisesale-im-freien\/gartentisch-und-stuhlgarnitur\/garten-set-6-sitzer-weiser-rundtisch-und-6-stuhle-textilene-osaka-tokyo\/"]}]},{"@type":"ImageObject","inLanguage":"de","@id":"https:\/\/keramamueblesdejardin.com\/de\/speisesale-im-freien\/gartentisch-und-stuhlgarnitur\/garten-set-6-sitzer-weiser-rundtisch-und-6-stuhle-textilene-osaka-tokyo\/#primaryimage","url":"https:\/\/keramamueblesdejardin.com\/wp-content\/uploads\/2023\/04\/osaka-tokyo-8.jpg","contentUrl":"https:\/\/keramamueblesdejardin.com\/wp-content\/uploads\/2023\/04\/osaka-tokyo-8.jpg","width":1200,"height":1200},{"@type":"BreadcrumbList","@id":"https:\/\/keramamueblesdejardin.com\/de\/speisesale-im-freien\/gartentisch-und-stuhlgarnitur\/garten-set-6-sitzer-weiser-rundtisch-und-6-stuhle-textilene-osaka-tokyo\/#breadcrumb","itemListElement":[{"@type":"ListItem","position":1,"name":"Home","item":"https:\/\/keramamueblesdejardin.com\/de\/"},{"@type":"ListItem","position":2,"name":"Laden","item":"https:\/\/keramamueblesdejardin.com\/de\/laden\/"},{"@type":"ListItem","position":3,"name":"Speises\u00e4le im Freien","item":"https:\/\/keramamueblesdejardin.com\/de\/speisesale-im-freien\/"},{"@type":"ListItem","position":4,"name":"Gartentisch- und Stuhlgarnitur","item":"https:\/\/keramamueblesdejardin.com\/de\/speisesale-im-freien\/gartentisch-und-stuhlgarnitur\/"},{"@type":"ListItem","position":5,"name":"Gartenset: 6-Sitzer, wei\u00dfer runder Tisch und 6 Textilst\u00fchle &#8211; Osaka &amp;; Tokyo"}]},{"@type":"WebSite","@id":"https:\/\/keramamueblesdejardin.com\/de\/#website","url":"https:\/\/keramamueblesdejardin.com\/de\/","name":"Kerama","description":"muebles de jard\u00edn","publisher":{"@id":"https:\/\/keramamueblesdejardin.com\/de\/#organization"},"potentialAction":[{"@type":"SearchAction","target":{"@type":"EntryPoint","urlTemplate":"https:\/\/keramamueblesdejardin.com\/de\/?s={search_term_string}"},"query-input":{"@type":"PropertyValueSpecification","valueRequired":true,"valueName":"search_term_string"}}],"inLanguage":"de"},{"@type":"Organization","@id":"https:\/\/keramamueblesdejardin.com\/de\/#organization","name":"kerama","url":"https:\/\/keramamueblesdejardin.com\/de\/","logo":{"@type":"ImageObject","inLanguage":"de","@id":"https:\/\/keramamueblesdejardin.com\/de\/#\/schema\/logo\/image\/","url":"https:\/\/keramamueblesdejardin.com\/wp-content\/uploads\/2020\/12\/k.-scaled.jpg","contentUrl":"https:\/\/keramamueblesdejardin.com\/wp-content\/uploads\/2020\/12\/k.-scaled.jpg","width":2560,"height":551,"caption":"kerama"},"image":{"@id":"https:\/\/keramamueblesdejardin.com\/de\/#\/schema\/logo\/image\/"},"sameAs":["https:\/\/www.facebook.com\/Kerama-Muebles-de-Jard\u00edn-106209328312568\/"]}]}},"df_price":999,"df_sale_price":999,"df_regular_price":1234,"df_image_link":"https:\/\/keramamueblesdejardin.com\/wp-content\/uploads\/2023\/04\/osaka-tokyo-8-300x300.jpg","custom_tabs":[{"title":"MESSUNG","id":"messung","content":"<div class=\"list\"><strong style=\"font-weight: bold; color: #282828;\">H\u00f6he:<\/strong><span style=\"color: #282828;\"> Stuhl 90 cm \/ Tisch 75 cm<\/span><br style=\"color: #282828;\" \/><strong style=\"font-weight: bold; color: #282828;\">Breite:<\/strong><span style=\"color: #282828;\"> Stuhl 60 cm \/ Tisch 140 cm<\/span><br style=\"color: #282828;\" \/><strong style=\"font-weight: bold; color: #282828;\">Tiefe:<\/strong><span style=\"color: #282828;\"> Stuhl 57 cm \/ Tisch 140 cm<\/span><br style=\"color: #282828;\" \/><strong>Sitzh\u00f6he:<\/strong> 37,5 cm\r\n<strong>Sitztiefe:<\/strong> 47 cm<\/div>"},{"title":"AUSPACKEN UND MONTIEREN","id":"auspacken-und-montieren","content":"<div class=\"list\"><strong style=\"font-weight: bold; color: #282828;\">Empfehlungen zum<\/strong> Auspacken: <span style=\"color: #282828;\"> Verwenden Sie beim Auspacken der M\u00f6bel keine scharfen Utensilien, da dies zu Besch\u00e4digungen f\u00fchren kann<\/span><br style=\"color: #282828;\" \/><strong style=\"font-weight: bold; color: #282828;\">Montage erforderlich (ja\/nein):<\/strong><span style=\"color: #282828;\"> Ja<\/span><br style=\"color: #282828;\" \/><strong style=\"font-weight: bold; color: #282828;\">Schwierigkeitsgrad der Montage:<\/strong><span style=\"color: #282828;\"> Niedrig<\/span><br style=\"color: #282828;\" \/><strong style=\"font-weight: bold; color: #282828;\">Montagezeit:<\/strong><span style=\"color: #282828;\"> 30 Minuten<\/span><br style=\"color: #282828;\" \/><strong style=\"font-weight: bold; color: #282828;\">Empfohlene Personen f\u00fcr die Montage:<\/strong><span style=\"color: #282828;\"> 2<\/span><br style=\"color: #282828;\" \/><strong style=\"font-weight: bold; color: #282828;\">Montagevorschl\u00e4ge:<\/strong><span style=\"color: #282828;\"> Bereiten Sie einen sauberen und trockenen Montagebereich vor und stellen Sie sicher, dass keines der im Handbuch angegebenen Teile fehlt. Wir empfehlen das Tragen von Montagehandschuhen. Verwenden Sie nur die mitgelieferten Teile und Hardware. Wir empfehlen NICHT den Kauf mit Montageoption f\u00fcr diesen Artikel, da der Montageschwierigkeitsgrad sehr gering ist.<\/span><\/div>"},{"title":"WARTUNG UND GARANTIEN","id":"wartung-und-garantien","content":"<strong>Allgemeine Empfehlungen:<\/strong>\r\n\u2022 Pannen oder Sch\u00e4den, die verursacht werden durch:\r\n\u2022 Zuf\u00e4llige Ursachen wie St\u00fcrze, Schl\u00e4ge, Versch\u00fctten von Fl\u00fcssigkeiten, Einschleppen von Fremdk\u00f6rpern sowie andere h\u00f6here Gewalt.\r\n\u2022 Fahrl\u00e4ssiger, unsachgem\u00e4\u00dfer oder nicht h\u00e4uslicher Gebrauch, Nichtbeachtung der Gebrauchsanweisung.\r\n\u2022 Besch\u00e4digung, Korrosion und\/oder Oxidation beschleunigt durch widrige Umweltbedingungen\r\n\u2022 Flecken und Verf\u00e4rbungen durch Nichtbeachtung unserer Reinigungsanweisungen\r\n\u2022 Sch\u00e4den, die w\u00e4hrend der Montage und Handhabung auftreten, ohne die angegebenen Montageanweisungen befolgt zu haben.\r\n\r\n<strong>Gebrauchs- und Wartungshinweise:<\/strong>\r\n\u2022 Verwenden Sie an sonnigen Tagen eine Tischdecke, insbesondere bei Gl\u00e4sern, Gl\u00e4sern und Glasbeh\u00e4ltern, da diese die Temperatur der Sonne verst\u00e4rkt und Styropor schmelzen kann. Vermeiden Sie jede Art von Abdeckung, die den gleichen Effekt erzielen kann.\r\n\u2022 Reinigen Sie mit Hilfe eines Tuchs vorsichtig oder verwenden Sie eine neutrale Fl\u00fcssigseife und sp\u00fclen Sie sie mit viel Wasser ab.\r\n\u2022 Entfernen Sie Staub regelm\u00e4\u00dfig mit Hilfe eines weichen Tuchs und klarem Wasser.\r\n\u2022 Verwenden Sie zum Reinigen keine Reinigungsmittel oder Scheuermittel.\r\n\u2022 Trocknen Sie den Tisch nach Regen mit einem sauberen Tuch ab, um Flecken zu vermeiden\r\n\u2022 Sch\u00fctzen Sie sich mit einer atmungsaktiven Tischdecke oder einer Schutzh\u00fclle\r\nJahre <strong>Garantie: 3 Jahre<\/strong>\r\n<strong>Hergestellt nach Norm:<\/strong> 581-1.581-2.581-3"}],"_links":{"self":[{"href":"https:\/\/keramamueblesdejardin.com\/de\/wp-json\/wp\/v2\/product\/111681","targetHints":{"allow":["GET"]}}],"collection":[{"href":"https:\/\/keramamueblesdejardin.com\/de\/wp-json\/wp\/v2\/product"}],"about":[{"href":"https:\/\/keramamueblesdejardin.com\/de\/wp-json\/wp\/v2\/types\/product"}],"replies":[{"embeddable":true,"href":"https:\/\/keramamueblesdejardin.com\/de\/wp-json\/wp\/v2\/comments?post=111681"}],"wp:featuredmedia":[{"embeddable":true,"href":"https:\/\/keramamueblesdejardin.com\/de\/wp-json\/wp\/v2\/media\/111750"}],"wp:attachment":[{"href":"https:\/\/keramamueblesdejardin.com\/de\/wp-json\/wp\/v2\/media?parent=111681"}],"wp:term":[{"taxonomy":"product_brand","embeddable":true,"href":"https:\/\/keramamueblesdejardin.com\/de\/wp-json\/wp\/v2\/product_brand?post=111681"},{"taxonomy":"product_cat","embeddable":true,"href":"https:\/\/keramamueblesdejardin.com\/de\/wp-json\/wp\/v2\/product_cat?post=111681"},{"taxonomy":"product_tag","embeddable":true,"href":"https:\/\/keramamueblesdejardin.com\/de\/wp-json\/wp\/v2\/product_tag?post=111681"}],"curies":[{"name":"wp","href":"https:\/\/api.w.org\/{rel}","templated":true}]}}