{"id":109981,"date":"2021-04-13T11:06:33","date_gmt":"2021-04-13T09:06:33","guid":{"rendered":"https:\/\/keramamueblesdejardin.com\/rechtlicher-hinweis\/"},"modified":"2026-02-11T16:09:58","modified_gmt":"2026-02-11T15:09:58","slug":"rechtlicher-hinweis","status":"publish","type":"page","link":"https:\/\/keramamueblesdejardin.com\/de\/rechtlicher-hinweis\/","title":{"rendered":"Rechtlicher Hinweis"},"content":{"rendered":"\t\t<div data-elementor-type=\"wp-page\" data-elementor-id=\"109981\" class=\"elementor elementor-109981 elementor-8545\" wpc-filter-elementor-widget=\"1\" data-elementor-post-type=\"page\">\n\t\t\t\t<div class=\"elementor-element elementor-element-f1896e9 e-flex e-con-boxed e-con e-parent\" data-id=\"f1896e9\" data-element_type=\"container\" data-e-type=\"container\" data-settings=\"{&quot;background_background&quot;:&quot;classic&quot;}\">\n\t\t\t\t\t<div class=\"e-con-inner\">\n\t\t\t\t<div class=\"elementor-element elementor-element-c099a77 elementor-widget elementor-widget-image\" data-id=\"c099a77\" data-element_type=\"widget\" data-e-type=\"widget\" data-widget_type=\"image.default\">\n\t\t\t\t<div class=\"elementor-widget-container\">\n\t\t\t\t\t\t\t\t\t\t\t\t\t\t\t<img fetchpriority=\"high\" decoding=\"async\" width=\"800\" height=\"174\" src=\"https:\/\/keramamueblesdejardin.com\/wp-content\/uploads\/2025\/05\/logo-kerama.png\" class=\"attachment-large size-large wp-image-178529\" alt=\"\" srcset=\"https:\/\/keramamueblesdejardin.com\/wp-content\/uploads\/2025\/05\/logo-kerama.png 800w, https:\/\/keramamueblesdejardin.com\/wp-content\/uploads\/2025\/05\/logo-kerama-300x65.png 300w, https:\/\/keramamueblesdejardin.com\/wp-content\/uploads\/2025\/05\/logo-kerama-768x167.png 768w\" sizes=\"(max-width: 800px) 100vw, 800px\" \/>\t\t\t\t\t\t\t\t\t\t\t\t\t\t\t<\/div>\n\t\t\t\t<\/div>\n\t\t\t\t<div class=\"elementor-element elementor-element-5c51b4e elementor-widget__width-initial elementor-widget elementor-widget-heading\" data-id=\"5c51b4e\" data-element_type=\"widget\" data-e-type=\"widget\" data-widget_type=\"heading.default\">\n\t\t\t\t<div class=\"elementor-widget-container\">\n\t\t\t\t\t<div class=\"elementor-heading-title elementor-size-default\">Rechtlicher Hinweis<\/div>\t\t\t\t<\/div>\n\t\t\t\t<\/div>\n\t\t\t\t<div class=\"elementor-element elementor-element-19fd7f0 elementor-widget elementor-widget-image\" data-id=\"19fd7f0\" data-element_type=\"widget\" data-e-type=\"widget\" data-widget_type=\"image.default\">\n\t\t\t\t<div class=\"elementor-widget-container\">\n\t\t\t\t\t\t\t\t\t\t\t\t\t\t\t<img decoding=\"async\" width=\"48\" height=\"48\" src=\"https:\/\/keramamueblesdejardin.com\/wp-content\/uploads\/2025\/12\/arrow_cool_down.svg\" class=\"attachment-full size-full wp-image-192064\" alt=\"\" \/>\t\t\t\t\t\t\t\t\t\t\t\t\t\t\t<\/div>\n\t\t\t\t<\/div>\n\t\t\t\t\t<\/div>\n\t\t\t\t<\/div>\n\t\t<div class=\"elementor-element elementor-element-7a7b6c01 e-flex e-con-boxed e-con e-parent\" data-id=\"7a7b6c01\" data-element_type=\"container\" data-e-type=\"container\">\n\t\t\t\t\t<div class=\"e-con-inner\">\n\t\t\t\t<div class=\"elementor-element elementor-element-1c8f544 elementor-widget elementor-widget-text-editor\" data-id=\"1c8f544\" data-element_type=\"widget\" data-e-type=\"widget\" data-widget_type=\"text-editor.default\">\n\t\t\t\t<div class=\"elementor-widget-container\">\n\t\t\t\t\t\t\t\t\t<p><b>INHABER DER WEBSITE UND KONTAKTINFORMATIONEN<\/b><\/p><div class=\"container\"><div class=\"row\"><div class=\"main-content col-sm-12\"><div class=\"page-main-content\"><p class=\"p3\">keramamueblesdejardin.com ist ein Anwesen im Besitz von GREENBROWNBLUE S.L., NIF ESB67405811, mit Steueradresse in Passatge De Roma, 6, Nave 17, Pol\u00edgono Industrial Cova Solera, 08191 Rub\u00ed, Barcelona (SPANIEN).<br>Der Zweck der Website ist es, Gartenprodukte \u00fcber das Internet zu verkaufen.<br>Sie k\u00f6nnen uns kontaktieren:<\/p><ul class=\"ul1\"><li class=\"li3\">Telefonisch unter <a href=\"tel:+34663971257\">+34 663 971 257<\/a><\/li><li class=\"li3\">Per E-Mail an <a href=\"mailto:hola@keramamueblesdejardin.com\">hola@keramamueblesdejardin.com<\/a><\/li><\/ul><ul class=\"ul1\"><li class=\"li3\"><a class=\"external no-external-link\" href=\"mailto:admin@aquafunboards.com\" target=\"_blank\" rel=\"noopener noreferrer\"><span class=\"show-for-sr\">Abre en nueva ventana<\/span><\/a><br><ul class=\"ul1\"><li class=\"li3\">In schriftlicher Anordnung an keramamueblesdejardin.com Passatge De Roma, 6, Schiff 17, Pol\u00edgono Industrial Cova Solera, 08191 Rub\u00ed, Barcelona (Spanien).<\/li><\/ul><\/li><\/ul><p class=\"p3\">F\u00fcr eine Kl\u00e4rung z\u00f6gern Sie bitte nicht, uns zu kontaktieren.<\/p><p class=\"p2\"><b>BEDINGUNGEN F\u00dcR DIE NUTZUNG DES WEBS<\/b><\/p><p class=\"p3\">Diese Nutzungsbedingungen regeln den Zugang zu dieser Website f\u00fcr keramamueblesdejardin.com Kunden und andere Internetnutzer. Durch die bloere Nutzung dieser Website signalisieren Sie als Nutzer Ihre uneingeschr\u00e4nkte Akzeptanz dieser Nutzungsbedingungen.<br>keramamueblesdejardin.com beh\u00e4lt sich das einseitige Recht vor, diese Zugangsbedingungen zur Website sowie zu den darin enthaltenen Inhalten zu \u00e4ndern. <\/p><p class=\"p2\"><b>HAFTUNGSBESCHR\u00c4NKUNG UND -AUSSCHLUSS<\/b><\/p><p class=\"p3\">Der Inhalt dieser Website ist allgemeiner Natur und hat ausschlie\u00dflich informative Zwecke und Wirkungen. keramamueblesdejardin.com lehnt die Verantwortung f\u00fcr alle Informationen ab, die nicht von ihm erstellt oder in seinem Namen nicht autorisiert wurden, ebenso wie die Haftung f\u00fcr den Missbrauch der Inhalte durch Dritte.<br>Der Nutzer entbindet keramamueblesdejardin.com von jeglicher Haftung, die durch Unterbrechungen der Verf\u00fcgbarkeit der Website entstehen k\u00f6nnte, sei es durch eine Fehlfunktion des Webservers oder Anwendungen, Kommunikationsinfrastrukturen oder Software und Hardware f\u00fcr die Navigation.<br>Im Falle der Hinzuf\u00fcgung von Links zu anderen Websites keramamueblesdejardin.com jegliche Haftung im Zusammenhang mit dem Zugriff und der Nutzung solcher Links abgelehnt.<\/p><p class=\"p2\"><b>GEISTIGES UND GEWERBLICHES EIGENTUM<\/b><\/p><p class=\"p3\">Die Gesamtheit dieser Website ist durch die Gesetze \u00fcber geistiges und gewerbliches Eigentum gesch\u00fctzt. Sofern nicht anders angegeben, entsprechen die geistigen Eigentumsrechte an diesem Inhalt ausschlie\u00dflich keramamueblesdejardin.com. Der Nutzer erkennt an, dass die Nutzung der Inhalte streng auf die pers\u00f6nlichen Zwecke des Nutzers beschr\u00e4nkt ist und dass die Vervielf\u00e4ltigung, Verbreitung, Kommunikation oder Verwandlung solcher Werke ohne ausdr\u00fccklich genehmigte Genehmigung eine Verletzung der geistigen Eigentumsrechte darstellt.<br>Ebenso wird der Nutzer darauf verzichten, die Inhalte und insbesondere die \u00fcber die Website gewonnenen Informationen jeglicher Art zu verwenden, um Werbung, Mitteilungen f\u00fcr Direktvertrieb oder mit anderen kommerziellen Zwecken unaufgeforderte Nachrichten an eine Vielzahl von Personen zu senden, unabh\u00e4ngig vom Zweck. Sie werden au\u00dferdem darauf verzichten, solche Informationen zu vermarkten oder anderweitig offenzulegen.<br>keramamueblesdejardin.com ist ein Gebiet von GREENBROWNBLUE S.L. Es darf nicht verwendet werden, es sei denn, es ist ausdr\u00fccklich genehmigt, im Zusammenhang mit anderen Produkten oder Dienstleistungen, die nicht in irgendeiner Weise keramamueblesdejardin.com sind, die bei unseren Kunden Verwirrung verursachen oder keramamueblesdejardin.com diskreditieren k\u00f6nnte.  <\/p><p class=\"p2\"><b>RICHTLINIEN F\u00dcR DIE VERLINKUNG ZU DIESER WEBSITE<\/b><\/p><p class=\"p3\">Wenn ein Nutzer, eine Einrichtung oder eine Website irgendeinen Link zu dieser Website herstellen m\u00f6chte, muss er eine vorherige Genehmigung f\u00fcr den Link und schriftlich anfordern.<br>Au\u00dferdem ist nur das Verlinken zur Startseite der Website erlaubt. Der Link muss absolut und vollst\u00e4ndig sein, d. h. er muss den Nutzer zur Adresse keramamueblesdejardin.com vollst\u00e4ndig die Erweiterung des Bildschirms der Seite mit dem Link abdecken. Unter keinen Umst\u00e4nden, sofern keramamueblesdejardin.com ausdr\u00fccklich schriftlich autorisiert ist, darf die Seite, auf der der Link die keramamueblesdejardin.com Website in irgendeiner Weise wiedergibt, als Teil ihrer Website oder in einem ihrer Rahmen auf einer Seite oder in den Inhalten dieser Website aufgenommen werden.  <br>Es werden keine falschen, ungenauen oder unrichtigen Aussagen \u00fcber die Seiten dieser Website oder die darin angebotenen Dienstleistungen gemacht.<br>Der Link darf keine Marken, keinen Markennamen, keinen Markennamen, kein Establishment-Schild, keine Nennung, kein Logo, keinen Slogan oder andere charakteristische Zeichen enthalten, die zu keramamueblesdejardin.com<br>Unter keinen Umst\u00e4nden \u00fcbernehmen keramamueblesdejardin.com Verantwortung f\u00fcr die Inhalte oder Dienstleistungen, die der \u00d6ffentlichkeit auf der Website, von der der Link stammt, bereitgestellt werden, noch f\u00fcr die darin enthaltenen Informationen oder Aussagen.<\/p><p class=\"p2\"><b>SCHUTZ PERSONENBEZOGENER DATEN<\/b><\/p><p class=\"p3\">Die Nutzung dieser Website und ihrer Formulare erfordert die Akzeptanz der Verarbeitung der Nutzerdaten gem\u00e4\u00df unserer <span class=\"s2\">Datenschutzrichtlinie (Link),<\/span> einschlie\u00dflich der Erfassung von Zugangsdaten und der elektronischen \u00dcbermittlung kommerzieller Informationen.<br>Bitte lesen Sie unsere <span class=\"s2\">Datenschutzrichtlinie sorgf\u00e4ltig, um<\/span> zu erfahren, wie wir Nutzerdaten verwenden und wie Sie Ihre Rechte auf Zugriff, Berichtigung, K\u00fcndigung und Widerspruch aus\u00fcben k\u00f6nnen.<\/p><p class=\"p2\"><b>COOKIES<\/b><\/p><p class=\"p3\">Diese Website verwendet eigene Cookies und Cookies von Drittanbietern f\u00fcr verschiedene Zwecke, einschlie\u00dflich Analysen und Werbung, die an die Interessen des Benutzers angepasst sind. Die bloere Nutzung dieser Website mit aktivierten Cookies im Browser impliziert die Zustimmung zur Verarbeitung gem\u00e4\u00df unserer <span class=\"s2\">Cookie-Richtlinie (Link).<\/span><br>Bitte lesen Sie unsere Cookie-Richtlinie sorgf\u00e4ltig, um mehr \u00fcber die verwendeten Cookies zu erfahren und wie Sie diese in Ihrem Browser blockieren und l\u00f6schen k\u00f6nnen.<\/p><p class=\"p2\"><b>VERBREITUNG DER SPANISCHEN VERSION<\/b><\/p><p class=\"p3\">F\u00fcr den Fall, dass dieser rechtliche Hinweis in andere Sprachen \u00fcbersetzt wird, hat bei einer Diskrepanz die spanische Version Vorrang.<\/p><p class=\"p2\"><b>ANWENDBARES RECHT UND GERICHTSSTAND<\/b><\/p><p class=\"p3\">Diese Rechtsmitteilung sowie die Beziehungen zwischen keramamueblesdejardin.com und Nutzern unterliegen den geltenden spanischen Vorschriften, und jeder Streit wird den spanischen Gerichten und Tribunalen vorgelegt, au\u00dfer im Fall von Verbrauchern und Nutzern, wo die obligatorische Zust\u00e4ndigkeit der ihrem Sitz entsprechenden Gerichte gilt.<br>\u00a9 2021 keramamueblesdejardin.com<\/p><\/div><\/div><\/div><\/div>\t\t\t\t\t\t\t\t<\/div>\n\t\t\t\t<\/div>\n\t\t\t\t\t<\/div>\n\t\t\t\t<\/div>\n\t\t\t\t<\/div>\n\t\t","protected":false},"excerpt":{"rendered":"<p>Rechtlicher Hinweis INHABER DER WEBSITE UND KONTAKTINFORMATIONEN keramamueblesdejardin.com ist ein Anwesen im Besitz von GREENBROWNBLUE S.L., NIF ESB67405811, mit Steueradresse in Passatge De Roma, 6, Nave 17, Pol\u00edgono Industrial Cova Solera, 08191 Rub\u00ed, Barcelona (SPANIEN).Der Zweck der Website ist es, Gartenprodukte \u00fcber das Internet zu verkaufen.Sie k\u00f6nnen uns kontaktieren: Telefonisch unter +34 663 971 257 [&hellip;]<\/p>\n","protected":false},"author":1,"featured_media":0,"parent":0,"menu_order":0,"comment_status":"closed","ping_status":"closed","template":"","meta":{"_acf_changed":false,"footnotes":""},"class_list":["post-109981","page","type-page","status-publish","hentry"],"acf":[],"yoast_head":"<!-- This site is optimized with the Yoast SEO plugin v27.4 - https:\/\/yoast.com\/product\/yoast-seo-wordpress\/ -->\n<title>Rechtlicher Hinweis - Kerama<\/title>\n<meta name=\"robots\" content=\"noindex, follow\" \/>\n<meta property=\"og:locale\" content=\"de_DE\" \/>\n<meta property=\"og:type\" content=\"article\" \/>\n<meta property=\"og:title\" content=\"Rechtlicher Hinweis - Kerama\" \/>\n<meta property=\"og:description\" content=\"Rechtlicher Hinweis INHABER DER WEBSITE UND KONTAKTINFORMATIONEN keramamueblesdejardin.com ist ein Anwesen im Besitz von GREENBROWNBLUE S.L., NIF ESB67405811, mit Steueradresse in Passatge De Roma, 6, Nave 17, Pol\u00edgono Industrial Cova Solera, 08191 Rub\u00ed, Barcelona (SPANIEN).Der Zweck der Website ist es, Gartenprodukte \u00fcber das Internet zu verkaufen.Sie k\u00f6nnen uns kontaktieren: Telefonisch unter +34 663 971 257 [&hellip;]\" \/>\n<meta property=\"og:url\" content=\"https:\/\/keramamueblesdejardin.com\/de\/rechtlicher-hinweis\/\" \/>\n<meta property=\"og:site_name\" content=\"Kerama\" \/>\n<meta property=\"article:publisher\" content=\"https:\/\/www.facebook.com\/Kerama-Muebles-de-Jard%c3%adn-106209328312568\/\" \/>\n<meta property=\"article:modified_time\" content=\"2026-02-11T15:09:58+00:00\" \/>\n<meta property=\"og:image\" content=\"https:\/\/keramamueblesdejardin.com\/wp-content\/uploads\/2025\/05\/logo-kerama.png\" \/>\n<meta name=\"twitter:card\" content=\"summary_large_image\" \/>\n<meta name=\"twitter:label1\" content=\"Gesch\u00e4tzte Lesezeit\" \/>\n\t<meta name=\"twitter:data1\" content=\"4\u00a0Minuten\" \/>\n<script type=\"application\/ld+json\" class=\"yoast-schema-graph\">{\"@context\":\"https:\\\/\\\/schema.org\",\"@graph\":[{\"@type\":\"WebPage\",\"@id\":\"https:\\\/\\\/keramamueblesdejardin.com\\\/de\\\/rechtlicher-hinweis\\\/\",\"url\":\"https:\\\/\\\/keramamueblesdejardin.com\\\/de\\\/rechtlicher-hinweis\\\/\",\"name\":\"Rechtlicher Hinweis - Kerama\",\"isPartOf\":{\"@id\":\"https:\\\/\\\/keramamueblesdejardin.com\\\/de\\\/#website\"},\"primaryImageOfPage\":{\"@id\":\"https:\\\/\\\/keramamueblesdejardin.com\\\/de\\\/rechtlicher-hinweis\\\/#primaryimage\"},\"image\":{\"@id\":\"https:\\\/\\\/keramamueblesdejardin.com\\\/de\\\/rechtlicher-hinweis\\\/#primaryimage\"},\"thumbnailUrl\":\"https:\\\/\\\/keramamueblesdejardin.com\\\/wp-content\\\/uploads\\\/2025\\\/05\\\/logo-kerama.png\",\"datePublished\":\"2021-04-13T09:06:33+00:00\",\"dateModified\":\"2026-02-11T15:09:58+00:00\",\"breadcrumb\":{\"@id\":\"https:\\\/\\\/keramamueblesdejardin.com\\\/de\\\/rechtlicher-hinweis\\\/#breadcrumb\"},\"inLanguage\":\"de\",\"potentialAction\":[{\"@type\":\"ReadAction\",\"target\":[\"https:\\\/\\\/keramamueblesdejardin.com\\\/de\\\/rechtlicher-hinweis\\\/\"]}]},{\"@type\":\"ImageObject\",\"inLanguage\":\"de\",\"@id\":\"https:\\\/\\\/keramamueblesdejardin.com\\\/de\\\/rechtlicher-hinweis\\\/#primaryimage\",\"url\":\"https:\\\/\\\/keramamueblesdejardin.com\\\/wp-content\\\/uploads\\\/2025\\\/05\\\/logo-kerama.png\",\"contentUrl\":\"https:\\\/\\\/keramamueblesdejardin.com\\\/wp-content\\\/uploads\\\/2025\\\/05\\\/logo-kerama.png\"},{\"@type\":\"BreadcrumbList\",\"@id\":\"https:\\\/\\\/keramamueblesdejardin.com\\\/de\\\/rechtlicher-hinweis\\\/#breadcrumb\",\"itemListElement\":[{\"@type\":\"ListItem\",\"position\":1,\"name\":\"Home\",\"item\":\"https:\\\/\\\/keramamueblesdejardin.com\\\/de\\\/\"},{\"@type\":\"ListItem\",\"position\":2,\"name\":\"Rechtlicher Hinweis\"}]},{\"@type\":\"WebSite\",\"@id\":\"https:\\\/\\\/keramamueblesdejardin.com\\\/de\\\/#website\",\"url\":\"https:\\\/\\\/keramamueblesdejardin.com\\\/de\\\/\",\"name\":\"Kerama\",\"description\":\"muebles de jard\u00edn\",\"publisher\":{\"@id\":\"https:\\\/\\\/keramamueblesdejardin.com\\\/de\\\/#organization\"},\"potentialAction\":[{\"@type\":\"SearchAction\",\"target\":{\"@type\":\"EntryPoint\",\"urlTemplate\":\"https:\\\/\\\/keramamueblesdejardin.com\\\/de\\\/?s={search_term_string}\"},\"query-input\":{\"@type\":\"PropertyValueSpecification\",\"valueRequired\":true,\"valueName\":\"search_term_string\"}}],\"inLanguage\":\"de\"},{\"@type\":\"Organization\",\"@id\":\"https:\\\/\\\/keramamueblesdejardin.com\\\/de\\\/#organization\",\"name\":\"kerama\",\"url\":\"https:\\\/\\\/keramamueblesdejardin.com\\\/de\\\/\",\"logo\":{\"@type\":\"ImageObject\",\"inLanguage\":\"de\",\"@id\":\"https:\\\/\\\/keramamueblesdejardin.com\\\/de\\\/#\\\/schema\\\/logo\\\/image\\\/\",\"url\":\"https:\\\/\\\/keramamueblesdejardin.com\\\/wp-content\\\/uploads\\\/2020\\\/12\\\/k.-scaled.jpg\",\"contentUrl\":\"https:\\\/\\\/keramamueblesdejardin.com\\\/wp-content\\\/uploads\\\/2020\\\/12\\\/k.-scaled.jpg\",\"width\":2560,\"height\":551,\"caption\":\"kerama\"},\"image\":{\"@id\":\"https:\\\/\\\/keramamueblesdejardin.com\\\/de\\\/#\\\/schema\\\/logo\\\/image\\\/\"},\"sameAs\":[\"https:\\\/\\\/www.facebook.com\\\/Kerama-Muebles-de-Jard\u00edn-106209328312568\\\/\"]}]}<\/script>\n<!-- \/ Yoast SEO plugin. -->","yoast_head_json":{"title":"Rechtlicher Hinweis - Kerama","robots":{"index":"noindex","follow":"follow"},"og_locale":"de_DE","og_type":"article","og_title":"Rechtlicher Hinweis - Kerama","og_description":"Rechtlicher Hinweis INHABER DER WEBSITE UND KONTAKTINFORMATIONEN keramamueblesdejardin.com ist ein Anwesen im Besitz von GREENBROWNBLUE S.L., NIF ESB67405811, mit Steueradresse in Passatge De Roma, 6, Nave 17, Pol\u00edgono Industrial Cova Solera, 08191 Rub\u00ed, Barcelona (SPANIEN).Der Zweck der Website ist es, Gartenprodukte \u00fcber das Internet zu verkaufen.Sie k\u00f6nnen uns kontaktieren: Telefonisch unter +34 663 971 257 [&hellip;]","og_url":"https:\/\/keramamueblesdejardin.com\/de\/rechtlicher-hinweis\/","og_site_name":"Kerama","article_publisher":"https:\/\/www.facebook.com\/Kerama-Muebles-de-Jard%c3%adn-106209328312568\/","article_modified_time":"2026-02-11T15:09:58+00:00","og_image":[{"url":"https:\/\/keramamueblesdejardin.com\/wp-content\/uploads\/2025\/05\/logo-kerama.png","type":"","width":"","height":""}],"twitter_card":"summary_large_image","twitter_misc":{"Gesch\u00e4tzte Lesezeit":"4\u00a0Minuten"},"schema":{"@context":"https:\/\/schema.org","@graph":[{"@type":"WebPage","@id":"https:\/\/keramamueblesdejardin.com\/de\/rechtlicher-hinweis\/","url":"https:\/\/keramamueblesdejardin.com\/de\/rechtlicher-hinweis\/","name":"Rechtlicher Hinweis - Kerama","isPartOf":{"@id":"https:\/\/keramamueblesdejardin.com\/de\/#website"},"primaryImageOfPage":{"@id":"https:\/\/keramamueblesdejardin.com\/de\/rechtlicher-hinweis\/#primaryimage"},"image":{"@id":"https:\/\/keramamueblesdejardin.com\/de\/rechtlicher-hinweis\/#primaryimage"},"thumbnailUrl":"https:\/\/keramamueblesdejardin.com\/wp-content\/uploads\/2025\/05\/logo-kerama.png","datePublished":"2021-04-13T09:06:33+00:00","dateModified":"2026-02-11T15:09:58+00:00","breadcrumb":{"@id":"https:\/\/keramamueblesdejardin.com\/de\/rechtlicher-hinweis\/#breadcrumb"},"inLanguage":"de","potentialAction":[{"@type":"ReadAction","target":["https:\/\/keramamueblesdejardin.com\/de\/rechtlicher-hinweis\/"]}]},{"@type":"ImageObject","inLanguage":"de","@id":"https:\/\/keramamueblesdejardin.com\/de\/rechtlicher-hinweis\/#primaryimage","url":"https:\/\/keramamueblesdejardin.com\/wp-content\/uploads\/2025\/05\/logo-kerama.png","contentUrl":"https:\/\/keramamueblesdejardin.com\/wp-content\/uploads\/2025\/05\/logo-kerama.png"},{"@type":"BreadcrumbList","@id":"https:\/\/keramamueblesdejardin.com\/de\/rechtlicher-hinweis\/#breadcrumb","itemListElement":[{"@type":"ListItem","position":1,"name":"Home","item":"https:\/\/keramamueblesdejardin.com\/de\/"},{"@type":"ListItem","position":2,"name":"Rechtlicher Hinweis"}]},{"@type":"WebSite","@id":"https:\/\/keramamueblesdejardin.com\/de\/#website","url":"https:\/\/keramamueblesdejardin.com\/de\/","name":"Kerama","description":"muebles de jard\u00edn","publisher":{"@id":"https:\/\/keramamueblesdejardin.com\/de\/#organization"},"potentialAction":[{"@type":"SearchAction","target":{"@type":"EntryPoint","urlTemplate":"https:\/\/keramamueblesdejardin.com\/de\/?s={search_term_string}"},"query-input":{"@type":"PropertyValueSpecification","valueRequired":true,"valueName":"search_term_string"}}],"inLanguage":"de"},{"@type":"Organization","@id":"https:\/\/keramamueblesdejardin.com\/de\/#organization","name":"kerama","url":"https:\/\/keramamueblesdejardin.com\/de\/","logo":{"@type":"ImageObject","inLanguage":"de","@id":"https:\/\/keramamueblesdejardin.com\/de\/#\/schema\/logo\/image\/","url":"https:\/\/keramamueblesdejardin.com\/wp-content\/uploads\/2020\/12\/k.-scaled.jpg","contentUrl":"https:\/\/keramamueblesdejardin.com\/wp-content\/uploads\/2020\/12\/k.-scaled.jpg","width":2560,"height":551,"caption":"kerama"},"image":{"@id":"https:\/\/keramamueblesdejardin.com\/de\/#\/schema\/logo\/image\/"},"sameAs":["https:\/\/www.facebook.com\/Kerama-Muebles-de-Jard\u00edn-106209328312568\/"]}]}},"_links":{"self":[{"href":"https:\/\/keramamueblesdejardin.com\/de\/wp-json\/wp\/v2\/pages\/109981","targetHints":{"allow":["GET"]}}],"collection":[{"href":"https:\/\/keramamueblesdejardin.com\/de\/wp-json\/wp\/v2\/pages"}],"about":[{"href":"https:\/\/keramamueblesdejardin.com\/de\/wp-json\/wp\/v2\/types\/page"}],"author":[{"embeddable":true,"href":"https:\/\/keramamueblesdejardin.com\/de\/wp-json\/wp\/v2\/users\/1"}],"replies":[{"embeddable":true,"href":"https:\/\/keramamueblesdejardin.com\/de\/wp-json\/wp\/v2\/comments?post=109981"}],"version-history":[{"count":12,"href":"https:\/\/keramamueblesdejardin.com\/de\/wp-json\/wp\/v2\/pages\/109981\/revisions"}],"predecessor-version":[{"id":192193,"href":"https:\/\/keramamueblesdejardin.com\/de\/wp-json\/wp\/v2\/pages\/109981\/revisions\/192193"}],"wp:attachment":[{"href":"https:\/\/keramamueblesdejardin.com\/de\/wp-json\/wp\/v2\/media?parent=109981"}],"curies":[{"name":"wp","href":"https:\/\/api.w.org\/{rel}","templated":true}]}}