{"id":109853,"date":"2021-08-17T13:24:41","date_gmt":"2021-08-17T11:24:41","guid":{"rendered":"https:\/\/keramamueblesdejardin.com\/sonnenschirme\/"},"modified":"2023-07-25T12:50:35","modified_gmt":"2023-07-25T10:50:35","slug":"sonnenschirme","status":"publish","type":"page","link":"https:\/\/keramamueblesdejardin.com\/de\/sonnenschirme\/","title":{"rendered":"Sonnenschirme"},"content":{"rendered":"<p>[vc_row][vc_column][cislen_title style=&#8220;style1&#8243; title=&#8220;EXZENTRISCHE SONNENSCHIRME&#8220; size_title=&#8220;28px&#8220; title_custom_id=&#8220;cislen_custom_css_669290318&#8243; responsive_js_composer_custom_id=&#8220;responsive_js_composer_custom_css_1898837405&#8243; css=&#8220;.vc_custom_1629271995230{padding-bottom: 30px !important;}&#8220;][\/vc_column][\/vc_row][vc_row css=&#8220;.vc_custom_1629198591748{padding-top: 30px !important;padding-bottom: 30px !important;}&#8220; responsive_js_composer_custom_id=&#8220;responsive_js_composer_custom_css_2095084735&#8243;][vc_column][cislen_tabs style=&#8220;`{`object Object`}`&#8220;][vc_tta_section title=&#8220;ANTHRAZIT 3x3M&#8220; tab_id=&#8220;1659341355320-bfd4d5da-7955&#8243; responsive_js_composer_custom_id=&#8220;responsive_js_composer_custom_css_157215498&#8243;][cislen_products productsliststyle=&#8220;owl&#8220; product_style=&#8220;1&#8243; product_image_size=&#8220;custom&#8220; product_custom_thumb_width=&#8220;360&#8243; product_custom_thumb_height=&#8220;360&#8243; target=&#8220;products&#8220; autoplay=&#8220;true&#8220; navigation=&#8220;true&#8220; dots=&#8220;true&#8220; dots_style=&#8220;dots-style2&#8243; loop=&#8220;true&#8220; ls_items=&#8220;4&#8243; products_custom_id=&#8220;cislen_custom_css_58593141&#8243; responsive_js_composer_custom_id=&#8220;responsive_js_composer_custom_css_1935092173&#8243; ids=&#8220;7959, 7961, 35386, 18909&#8243;][\/vc_tta_section][vc_tta_section title=&#8220;ANTHRAZIT 2,5&#215;2,5M&#8220; tab_id=&#8220;1659341576370-48598a65-7a48&#8243; responsive_js_composer_custom_id=&#8220;responsive_js_composer_custom_css_379057871&#8243;][cislen_products productsliststyle=&#8220;owl&#8220; product_style=&#8220;1&#8243; product_image_size=&#8220;custom&#8220; product_custom_thumb_width=&#8220;360&#8243; product_custom_thumb_height=&#8220;360&#8243; target=&#8220;products&#8220; autoplay=&#8220;true&#8220; navigation=&#8220;true&#8220; dots=&#8220;true&#8220; dots_style=&#8220;dots-style2&#8243; loop=&#8220;false&#8220; ls_items=&#8220;4&#8243; products_custom_id=&#8220;cislen_custom_css_1219691279&#8243; responsive_js_composer_custom_id=&#8220;responsive_js_composer_custom_css_637418632&#8243; ids=&#8220;35391, 35392, 35393, 18922&#8243;][\/vc_tta_section][vc_tta_section title=&#8220;ANTHRAZIT 3M RUND&#8220; tab_id=&#8220;1659341355370-f8736a35-af03&#8243; responsive_js_composer_custom_id=&#8220;responsive_js_composer_custom_css_1486590635&#8243;][cislen_products productsliststyle=&#8220;owl&#8220; product_style=&#8220;1&#8243; product_image_size=&#8220;custom&#8220; product_custom_thumb_width=&#8220;360&#8243; product_custom_thumb_height=&#8220;360&#8243; target=&#8220;products&#8220; autoplay=&#8220;true&#8220; navigation=&#8220;true&#8220; dots=&#8220;true&#8220; dots_style=&#8220;dots-style2&#8243; loop=&#8220;false&#8220; ls_items=&#8220;4&#8243; products_custom_id=&#8220;cislen_custom_css_1017952655&#8243; responsive_js_composer_custom_id=&#8220;responsive_js_composer_custom_css_1427015556&#8243; ids=&#8220;35388, 35389, 35390, 18917&#8243;][\/vc_tta_section][vc_tta_section title=&#8220;HOLZIMITAT 3x3M&#8220; tab_id=&#8220;1659341596241-f0cd0344-9e4c&#8220; responsive_js_composer_custom_id=&#8220;responsive_js_composer_custom_css_1279607725&#8243;][cislen_products productsliststyle=&#8220;owl&#8220; product_style=&#8220;1&#8243; product_image_size=&#8220;custom&#8220; product_custom_thumb_width=&#8220;360&#8243; product_custom_thumb_height=&#8220;360&#8243; target=&#8220;products&#8220; autoplay=&#8220;true&#8220; navigation=&#8220;true&#8220; dots=&#8220;true&#8220; dots_style=&#8220;dots-style2&#8243; loop=&#8220;false&#8220; ls_items=&#8220;4&#8243; products_custom_id=&#8220;cislen_custom_css_30854263&#8243; responsive_js_composer_custom_id=&#8220;responsive_js_composer_custom_css_750057779&#8243; ids=&#8220;35394, 35395, 35396, 18927&#8243;][\/vc_tta_section][\/cislen_tabs][\/vc_column][\/vc_row][vc_row css=&#8220;.vc_custom_1629198576728{padding-top: 30px !important;padding-bottom: 30px !important;}&#8220; responsive_js_composer_custom_id=&#8220;responsive_js_composer_custom_css_2027031890&#8243;][vc_column][cislen_title style=&#8220;style1&#8243; title=&#8220;SONNENSCHIRME MITTELMAST&#8220; size_title=&#8220;28px&#8220; title_custom_id=&#8220;cislen_custom_css_511861096&#8243; responsive_js_composer_custom_id=&#8220;responsive_js_composer_custom_css_1578051534&#8243;][\/vc_column][\/vc_row][vc_row css=&#8220;.vc_custom_1629198591748{padding-top: 30px !important;padding-bottom: 30px !important;}&#8220; responsive_js_composer_custom_id=&#8220;responsive_js_composer_custom_css_860701493&#8243;][vc_column][cislen_tabs style=&#8220;`{`object Object`}`&#8220;][vc_tta_section title=&#8220;ALUMINIUM&#8220; tab_id=&#8220;1659341537287-da89de65-533f&#8220; responsive_js_composer_custom_id=&#8220;responsive_js_composer_custom_css_852429607&#8243;][cislen_products productsliststyle=&#8220;owl&#8220; product_style=&#8220;1&#8243; product_image_size=&#8220;custom&#8220; product_custom_thumb_width=&#8220;360&#8243; product_custom_thumb_height=&#8220;360&#8243; target=&#8220;products&#8220; autoplay=&#8220;true&#8220; navigation=&#8220;true&#8220; dots=&#8220;true&#8220; dots_style=&#8220;dots-style2&#8243; loop=&#8220;true&#8220; ls_items=&#8220;4&#8243; products_custom_id=&#8220;cislen_custom_css_842689608&#8243; responsive_js_composer_custom_id=&#8220;responsive_js_composer_custom_css_705093502&#8243; ids=&#8220;7908, 16364, 7904, 16360, 7906, 16357, 16352, 16347&#8243;][\/vc_tta_section][vc_tta_section title=&#8220;HOLZ&#8220; tab_id=&#8220;1659341537333-d32fea89-9363&#8243; responsive_js_composer_custom_id=&#8220;responsive_js_composer_custom_css_285530128&#8243;][cislen_products productsliststyle=&#8220;owl&#8220; product_style=&#8220;1&#8243; product_image_size=&#8220;custom&#8220; product_custom_thumb_width=&#8220;360&#8243; product_custom_thumb_height=&#8220;360&#8243; target=&#8220;products&#8220; autoplay=&#8220;true&#8220; navigation=&#8220;true&#8220; dots=&#8220;true&#8220; dots_style=&#8220;dots-style2&#8243; loop=&#8220;false&#8220; ls_items=&#8220;4&#8243; products_custom_id=&#8220;cislen_custom_css_308680037&#8243; responsive_js_composer_custom_id=&#8220;responsive_js_composer_custom_css_1836628500&#8243; ids=&#8220;7743, 7745, 7747, 16402&#8243;][\/vc_tta_section][\/cislen_tabs][\/vc_column][\/vc_row][vc_row css=&#8220;.vc_custom_1629198603539{padding-top: 30px !important;padding-bottom: 30px !important;}&#8220; responsive_js_composer_custom_id=&#8220;responsive_js_composer_custom_css_491167527&#8243;][vc_column][cislen_title style=&#8220;style1&#8243; title=&#8220;SONNENSCHIRME, KLEINE R\u00c4UME UND STRAND&#8220; size_title=&#8220;28px&#8220; title_custom_id=&#8220;cislen_custom_css_2036157749&#8243; responsive_js_composer_custom_id=&#8220;responsive_js_composer_custom_css_2060085427&#8243;][\/vc_column][\/vc_row][vc_row equal_height=&#8220;yes&#8220; responsive_js_composer_custom_id=&#8220;responsive_js_composer_custom_css_313412516&#8243; css=&#8220;.vc_custom_1629198615236{padding-top: 30px !important;padding-bottom: 30px !important;}&#8220;][vc_column][cislen_products product_style=&#8220;1&#8243; product_image_size=&#8220;custom&#8220; product_custom_thumb_width=&#8220;360&#8243; product_custom_thumb_height=&#8220;360&#8243; target=&#8220;products&#8220; boostrap_bg_items=&#8220;4&#8243; boostrap_lg_items=&#8220;4&#8243; boostrap_md_items=&#8220;4&#8243; products_custom_id=&#8220;cislen_custom_css_757110283&#8243; responsive_js_composer_custom_id=&#8220;responsive_js_composer_custom_css_1588041966&#8243; ids=&#8220;16784, 8853, 8854, 8255, 8256, 12845, 12859&#8243;][vc_btn title=&#8220;Alle Sonnenschirme ansehen&#8220; style=&#8220;custom&#8220; custom_background=&#8220;#944b58&#8243; custom_text=&#8220;#ffffff&#8220; shape=&#8220;square&#8220; align=&#8220;center&#8220; link=&#8220;url:https%3A%2F%2Fkeramamueblesdejardin.com%2Fde%2Fsonnenschirme-und-pergolen%2Fsonnenschirme-sonnenschirme-und-pergolen%2F|||&#8220; responsive_js_composer_custom_id=&#8220;responsive_js_composer_custom_css_576263215&#8243;][\/vc_column][\/vc_row][vc_row][vc_column][vc_column_text responsive_js_composer_custom_id=&#8220;responsive_js_composer_custom_css_1295429140&#8243;]<strong>Sonnenschirme und Kerama-Sonnenschirmst\u00e4nder f\u00fcr G\u00e4rten oder Terrassen.<\/strong><\/p>\n<p>Wir wissen, dass Sonnenbaden unserer Gesundheit zutr\u00e4glich sein kann, solange Vorsichtsma\u00dfnahmen getroffen werden.<\/p>\n<p>In dieser Kategorie k\u00f6nnen Sie aus einer Vielzahl von Produkten w\u00e4hlen, damit Sie sich ausruhen und vor der Sonne gesch\u00fctzt Outdoor-Aktivit\u00e4ten unternehmen k\u00f6nnen. Unsere Modelle werden aus verschiedenen Materialien hergestellt, wie z. B. Sonnenschirmst\u00e4nder aus Zement oder auch als Sonnenschirme aus Holz, Holzimitat und Aluminium. Au\u00dferdem sind einige Produkte in verschiedenen Farben erh\u00e4ltlich, sodass Sie dasjenige finden k\u00f6nnen, das Ihrem Geschmack und Ihren Bed\u00fcrfnissen am besten entspricht.<\/p>\n<p>Wir hoffen, dass Sie den Sonnenschirm und alles, was Sie brauchen, finden, damit Sie die langen Tage drau\u00dfen genie\u00dfen k\u00f6nnen.[\/vc_column_text][\/vc_column][\/vc_row]<\/p>\n","protected":false},"excerpt":{"rendered":"<p>[vc_row][vc_column][cislen_title style=&#8220;style1&#8243; title=&#8220;EXZENTRISCHE SONNENSCHIRME&#8220; size_title=&#8220;28px&#8220; title_custom_id=&#8220;cislen_custom_css_669290318&#8243; responsive_js_composer_custom_id=&#8220;responsive_js_composer_custom_css_1898837405&#8243; css=&#8220;.vc_custom_1629271995230{padding-bottom: 30px !important;}&#8220;][\/vc_column][\/vc_row][vc_row css=&#8220;.vc_custom_1629198591748{padding-top: 30px !important;padding-bottom: 30px !important;}&#8220; responsive_js_composer_custom_id=&#8220;responsive_js_composer_custom_css_2095084735&#8243;][vc_column][cislen_tabs style=&#8220;`{`object Object`}`&#8220;][vc_tta_section title=&#8220;ANTHRAZIT 3x3M&#8220; tab_id=&#8220;1659341355320-bfd4d5da-7955&#8243; responsive_js_composer_custom_id=&#8220;responsive_js_composer_custom_css_157215498&#8243;][cislen_products productsliststyle=&#8220;owl&#8220; product_style=&#8220;1&#8243; product_image_size=&#8220;custom&#8220; product_custom_thumb_width=&#8220;360&#8243; product_custom_thumb_height=&#8220;360&#8243; target=&#8220;products&#8220; autoplay=&#8220;true&#8220; navigation=&#8220;true&#8220; dots=&#8220;true&#8220; dots_style=&#8220;dots-style2&#8243; loop=&#8220;true&#8220; ls_items=&#8220;4&#8243; products_custom_id=&#8220;cislen_custom_css_58593141&#8243; responsive_js_composer_custom_id=&#8220;responsive_js_composer_custom_css_1935092173&#8243; ids=&#8220;7959, 7961, 35386, 18909&#8243;][\/vc_tta_section][vc_tta_section title=&#8220;ANTHRAZIT 2,5&#215;2,5M&#8220; tab_id=&#8220;1659341576370-48598a65-7a48&#8243; responsive_js_composer_custom_id=&#8220;responsive_js_composer_custom_css_379057871&#8243;][cislen_products productsliststyle=&#8220;owl&#8220; product_style=&#8220;1&#8243; product_image_size=&#8220;custom&#8220; product_custom_thumb_width=&#8220;360&#8243; product_custom_thumb_height=&#8220;360&#8243; target=&#8220;products&#8220; autoplay=&#8220;true&#8220; navigation=&#8220;true&#8220; dots=&#8220;true&#8220; dots_style=&#8220;dots-style2&#8243; loop=&#8220;false&#8220; [&hellip;]<\/p>\n","protected":false},"author":1,"featured_media":0,"parent":0,"menu_order":0,"comment_status":"closed","ping_status":"closed","template":"","meta":{"_acf_changed":false,"footnotes":""},"class_list":["post-109853","page","type-page","status-publish","hentry"],"acf":[],"yoast_head":"<!-- This site is optimized with the Yoast SEO plugin v27.2 - https:\/\/yoast.com\/product\/yoast-seo-wordpress\/ -->\n<title>Sonnenschirme - Kerama<\/title>\n<meta name=\"robots\" content=\"index, follow, max-snippet:-1, max-image-preview:large, max-video-preview:-1\" \/>\n<link rel=\"canonical\" href=\"https:\/\/keramamueblesdejardin.com\/de\/sonnenschirme\/\" \/>\n<meta property=\"og:locale\" content=\"de_DE\" \/>\n<meta property=\"og:type\" content=\"article\" \/>\n<meta property=\"og:title\" content=\"Sonnenschirme - Kerama\" \/>\n<meta property=\"og:description\" content=\"[vc_row][vc_column][cislen_title style=&#8220;style1&#8243; title=&#8220;EXZENTRISCHE SONNENSCHIRME&#8220; size_title=&#8220;28px&#8220; title_custom_id=&#8220;cislen_custom_css_669290318&#8243; responsive_js_composer_custom_id=&#8220;responsive_js_composer_custom_css_1898837405&#8243; css=&#8220;.vc_custom_1629271995230{padding-bottom: 30px !important;}&#8220;][\/vc_column][\/vc_row][vc_row css=&#8220;.vc_custom_1629198591748{padding-top: 30px !important;padding-bottom: 30px !important;}&#8220; responsive_js_composer_custom_id=&#8220;responsive_js_composer_custom_css_2095084735&#8243;][vc_column][cislen_tabs style=&#8220;`{`object Object`}`&#8220;][vc_tta_section title=&#8220;ANTHRAZIT 3x3M&#8220; tab_id=&#8220;1659341355320-bfd4d5da-7955&#8243; responsive_js_composer_custom_id=&#8220;responsive_js_composer_custom_css_157215498&#8243;][cislen_products productsliststyle=&#8220;owl&#8220; product_style=&#8220;1&#8243; product_image_size=&#8220;custom&#8220; product_custom_thumb_width=&#8220;360&#8243; product_custom_thumb_height=&#8220;360&#8243; target=&#8220;products&#8220; autoplay=&#8220;true&#8220; navigation=&#8220;true&#8220; dots=&#8220;true&#8220; dots_style=&#8220;dots-style2&#8243; loop=&#8220;true&#8220; ls_items=&#8220;4&#8243; products_custom_id=&#8220;cislen_custom_css_58593141&#8243; responsive_js_composer_custom_id=&#8220;responsive_js_composer_custom_css_1935092173&#8243; ids=&#8220;7959, 7961, 35386, 18909&#8243;][\/vc_tta_section][vc_tta_section title=&#8220;ANTHRAZIT 2,5&#215;2,5M&#8220; tab_id=&#8220;1659341576370-48598a65-7a48&#8243; responsive_js_composer_custom_id=&#8220;responsive_js_composer_custom_css_379057871&#8243;][cislen_products productsliststyle=&#8220;owl&#8220; product_style=&#8220;1&#8243; product_image_size=&#8220;custom&#8220; product_custom_thumb_width=&#8220;360&#8243; product_custom_thumb_height=&#8220;360&#8243; target=&#8220;products&#8220; autoplay=&#8220;true&#8220; navigation=&#8220;true&#8220; dots=&#8220;true&#8220; dots_style=&#8220;dots-style2&#8243; loop=&#8220;false&#8220; [&hellip;]\" \/>\n<meta property=\"og:url\" content=\"https:\/\/keramamueblesdejardin.com\/de\/sonnenschirme\/\" \/>\n<meta property=\"og:site_name\" content=\"Kerama\" \/>\n<meta property=\"article:publisher\" content=\"https:\/\/www.facebook.com\/Kerama-Muebles-de-Jard%c3%adn-106209328312568\/\" \/>\n<meta property=\"article:modified_time\" content=\"2023-07-25T10:50:35+00:00\" \/>\n<meta name=\"twitter:card\" content=\"summary_large_image\" \/>\n<meta name=\"twitter:label1\" content=\"Gesch\u00e4tzte Lesezeit\" \/>\n\t<meta name=\"twitter:data1\" content=\"5\u00a0Minuten\" \/>\n<script type=\"application\/ld+json\" class=\"yoast-schema-graph\">{\"@context\":\"https:\/\/schema.org\",\"@graph\":[{\"@type\":\"WebPage\",\"@id\":\"https:\/\/keramamueblesdejardin.com\/de\/sonnenschirme\/\",\"url\":\"https:\/\/keramamueblesdejardin.com\/de\/sonnenschirme\/\",\"name\":\"Sonnenschirme - Kerama\",\"isPartOf\":{\"@id\":\"https:\/\/keramamueblesdejardin.com\/de\/#website\"},\"datePublished\":\"2021-08-17T11:24:41+00:00\",\"dateModified\":\"2023-07-25T10:50:35+00:00\",\"breadcrumb\":{\"@id\":\"https:\/\/keramamueblesdejardin.com\/de\/sonnenschirme\/#breadcrumb\"},\"inLanguage\":\"de\",\"potentialAction\":[{\"@type\":\"ReadAction\",\"target\":[\"https:\/\/keramamueblesdejardin.com\/de\/sonnenschirme\/\"]}]},{\"@type\":\"BreadcrumbList\",\"@id\":\"https:\/\/keramamueblesdejardin.com\/de\/sonnenschirme\/#breadcrumb\",\"itemListElement\":[{\"@type\":\"ListItem\",\"position\":1,\"name\":\"Home\",\"item\":\"https:\/\/keramamueblesdejardin.com\/de\/\"},{\"@type\":\"ListItem\",\"position\":2,\"name\":\"Sonnenschirme\"}]},{\"@type\":\"WebSite\",\"@id\":\"https:\/\/keramamueblesdejardin.com\/de\/#website\",\"url\":\"https:\/\/keramamueblesdejardin.com\/de\/\",\"name\":\"Kerama\",\"description\":\"muebles de jard\u00edn\",\"publisher\":{\"@id\":\"https:\/\/keramamueblesdejardin.com\/de\/#organization\"},\"potentialAction\":[{\"@type\":\"SearchAction\",\"target\":{\"@type\":\"EntryPoint\",\"urlTemplate\":\"https:\/\/keramamueblesdejardin.com\/de\/?s={search_term_string}\"},\"query-input\":{\"@type\":\"PropertyValueSpecification\",\"valueRequired\":true,\"valueName\":\"search_term_string\"}}],\"inLanguage\":\"de\"},{\"@type\":\"Organization\",\"@id\":\"https:\/\/keramamueblesdejardin.com\/de\/#organization\",\"name\":\"kerama\",\"url\":\"https:\/\/keramamueblesdejardin.com\/de\/\",\"logo\":{\"@type\":\"ImageObject\",\"inLanguage\":\"de\",\"@id\":\"https:\/\/keramamueblesdejardin.com\/de\/#\/schema\/logo\/image\/\",\"url\":\"https:\/\/keramamueblesdejardin.com\/wp-content\/uploads\/2020\/12\/k.-scaled.jpg\",\"contentUrl\":\"https:\/\/keramamueblesdejardin.com\/wp-content\/uploads\/2020\/12\/k.-scaled.jpg\",\"width\":2560,\"height\":551,\"caption\":\"kerama\"},\"image\":{\"@id\":\"https:\/\/keramamueblesdejardin.com\/de\/#\/schema\/logo\/image\/\"},\"sameAs\":[\"https:\/\/www.facebook.com\/Kerama-Muebles-de-Jard\u00edn-106209328312568\/\"]}]}<\/script>\n<!-- \/ Yoast SEO plugin. -->","yoast_head_json":{"title":"Sonnenschirme - Kerama","robots":{"index":"index","follow":"follow","max-snippet":"max-snippet:-1","max-image-preview":"max-image-preview:large","max-video-preview":"max-video-preview:-1"},"canonical":"https:\/\/keramamueblesdejardin.com\/de\/sonnenschirme\/","og_locale":"de_DE","og_type":"article","og_title":"Sonnenschirme - Kerama","og_description":"[vc_row][vc_column][cislen_title style=&#8220;style1&#8243; title=&#8220;EXZENTRISCHE SONNENSCHIRME&#8220; size_title=&#8220;28px&#8220; title_custom_id=&#8220;cislen_custom_css_669290318&#8243; responsive_js_composer_custom_id=&#8220;responsive_js_composer_custom_css_1898837405&#8243; css=&#8220;.vc_custom_1629271995230{padding-bottom: 30px !important;}&#8220;][\/vc_column][\/vc_row][vc_row css=&#8220;.vc_custom_1629198591748{padding-top: 30px !important;padding-bottom: 30px !important;}&#8220; responsive_js_composer_custom_id=&#8220;responsive_js_composer_custom_css_2095084735&#8243;][vc_column][cislen_tabs style=&#8220;`{`object Object`}`&#8220;][vc_tta_section title=&#8220;ANTHRAZIT 3x3M&#8220; tab_id=&#8220;1659341355320-bfd4d5da-7955&#8243; responsive_js_composer_custom_id=&#8220;responsive_js_composer_custom_css_157215498&#8243;][cislen_products productsliststyle=&#8220;owl&#8220; product_style=&#8220;1&#8243; product_image_size=&#8220;custom&#8220; product_custom_thumb_width=&#8220;360&#8243; product_custom_thumb_height=&#8220;360&#8243; target=&#8220;products&#8220; autoplay=&#8220;true&#8220; navigation=&#8220;true&#8220; dots=&#8220;true&#8220; dots_style=&#8220;dots-style2&#8243; loop=&#8220;true&#8220; ls_items=&#8220;4&#8243; products_custom_id=&#8220;cislen_custom_css_58593141&#8243; responsive_js_composer_custom_id=&#8220;responsive_js_composer_custom_css_1935092173&#8243; ids=&#8220;7959, 7961, 35386, 18909&#8243;][\/vc_tta_section][vc_tta_section title=&#8220;ANTHRAZIT 2,5&#215;2,5M&#8220; tab_id=&#8220;1659341576370-48598a65-7a48&#8243; responsive_js_composer_custom_id=&#8220;responsive_js_composer_custom_css_379057871&#8243;][cislen_products productsliststyle=&#8220;owl&#8220; product_style=&#8220;1&#8243; product_image_size=&#8220;custom&#8220; product_custom_thumb_width=&#8220;360&#8243; product_custom_thumb_height=&#8220;360&#8243; target=&#8220;products&#8220; autoplay=&#8220;true&#8220; navigation=&#8220;true&#8220; dots=&#8220;true&#8220; dots_style=&#8220;dots-style2&#8243; loop=&#8220;false&#8220; [&hellip;]","og_url":"https:\/\/keramamueblesdejardin.com\/de\/sonnenschirme\/","og_site_name":"Kerama","article_publisher":"https:\/\/www.facebook.com\/Kerama-Muebles-de-Jard%c3%adn-106209328312568\/","article_modified_time":"2023-07-25T10:50:35+00:00","twitter_card":"summary_large_image","twitter_misc":{"Gesch\u00e4tzte Lesezeit":"5\u00a0Minuten"},"schema":{"@context":"https:\/\/schema.org","@graph":[{"@type":"WebPage","@id":"https:\/\/keramamueblesdejardin.com\/de\/sonnenschirme\/","url":"https:\/\/keramamueblesdejardin.com\/de\/sonnenschirme\/","name":"Sonnenschirme - Kerama","isPartOf":{"@id":"https:\/\/keramamueblesdejardin.com\/de\/#website"},"datePublished":"2021-08-17T11:24:41+00:00","dateModified":"2023-07-25T10:50:35+00:00","breadcrumb":{"@id":"https:\/\/keramamueblesdejardin.com\/de\/sonnenschirme\/#breadcrumb"},"inLanguage":"de","potentialAction":[{"@type":"ReadAction","target":["https:\/\/keramamueblesdejardin.com\/de\/sonnenschirme\/"]}]},{"@type":"BreadcrumbList","@id":"https:\/\/keramamueblesdejardin.com\/de\/sonnenschirme\/#breadcrumb","itemListElement":[{"@type":"ListItem","position":1,"name":"Home","item":"https:\/\/keramamueblesdejardin.com\/de\/"},{"@type":"ListItem","position":2,"name":"Sonnenschirme"}]},{"@type":"WebSite","@id":"https:\/\/keramamueblesdejardin.com\/de\/#website","url":"https:\/\/keramamueblesdejardin.com\/de\/","name":"Kerama","description":"muebles de jard\u00edn","publisher":{"@id":"https:\/\/keramamueblesdejardin.com\/de\/#organization"},"potentialAction":[{"@type":"SearchAction","target":{"@type":"EntryPoint","urlTemplate":"https:\/\/keramamueblesdejardin.com\/de\/?s={search_term_string}"},"query-input":{"@type":"PropertyValueSpecification","valueRequired":true,"valueName":"search_term_string"}}],"inLanguage":"de"},{"@type":"Organization","@id":"https:\/\/keramamueblesdejardin.com\/de\/#organization","name":"kerama","url":"https:\/\/keramamueblesdejardin.com\/de\/","logo":{"@type":"ImageObject","inLanguage":"de","@id":"https:\/\/keramamueblesdejardin.com\/de\/#\/schema\/logo\/image\/","url":"https:\/\/keramamueblesdejardin.com\/wp-content\/uploads\/2020\/12\/k.-scaled.jpg","contentUrl":"https:\/\/keramamueblesdejardin.com\/wp-content\/uploads\/2020\/12\/k.-scaled.jpg","width":2560,"height":551,"caption":"kerama"},"image":{"@id":"https:\/\/keramamueblesdejardin.com\/de\/#\/schema\/logo\/image\/"},"sameAs":["https:\/\/www.facebook.com\/Kerama-Muebles-de-Jard\u00edn-106209328312568\/"]}]}},"_links":{"self":[{"href":"https:\/\/keramamueblesdejardin.com\/de\/wp-json\/wp\/v2\/pages\/109853","targetHints":{"allow":["GET"]}}],"collection":[{"href":"https:\/\/keramamueblesdejardin.com\/de\/wp-json\/wp\/v2\/pages"}],"about":[{"href":"https:\/\/keramamueblesdejardin.com\/de\/wp-json\/wp\/v2\/types\/page"}],"author":[{"embeddable":true,"href":"https:\/\/keramamueblesdejardin.com\/de\/wp-json\/wp\/v2\/users\/1"}],"replies":[{"embeddable":true,"href":"https:\/\/keramamueblesdejardin.com\/de\/wp-json\/wp\/v2\/comments?post=109853"}],"version-history":[{"count":12,"href":"https:\/\/keramamueblesdejardin.com\/de\/wp-json\/wp\/v2\/pages\/109853\/revisions"}],"predecessor-version":[{"id":130565,"href":"https:\/\/keramamueblesdejardin.com\/de\/wp-json\/wp\/v2\/pages\/109853\/revisions\/130565"}],"wp:attachment":[{"href":"https:\/\/keramamueblesdejardin.com\/de\/wp-json\/wp\/v2\/media?parent=109853"}],"curies":[{"name":"wp","href":"https:\/\/api.w.org\/{rel}","templated":true}]}}