{"id":109815,"date":"2021-01-19T12:37:15","date_gmt":"2021-01-19T11:37:15","guid":{"rendered":"https:\/\/keramamueblesdejardin.com\/zahlungsmethoden\/"},"modified":"2026-02-11T14:51:38","modified_gmt":"2026-02-11T13:51:38","slug":"zahlungsmethoden","status":"publish","type":"page","link":"https:\/\/keramamueblesdejardin.com\/de\/zahlungsmethoden\/","title":{"rendered":"Zahlungsmethoden"},"content":{"rendered":"\t\t<div data-elementor-type=\"wp-page\" data-elementor-id=\"109815\" class=\"elementor elementor-109815 elementor-7277\" wpc-filter-elementor-widget=\"1\" data-elementor-post-type=\"page\">\n\t\t\t\t<div class=\"elementor-element elementor-element-c7bb200 e-flex e-con-boxed e-con e-parent\" data-id=\"c7bb200\" data-element_type=\"container\" data-e-type=\"container\" data-settings=\"{&quot;background_background&quot;:&quot;classic&quot;}\">\n\t\t\t\t\t<div class=\"e-con-inner\">\n\t\t\t\t<div class=\"elementor-element elementor-element-c2d1d4f elementor-widget elementor-widget-image\" data-id=\"c2d1d4f\" data-element_type=\"widget\" data-e-type=\"widget\" data-widget_type=\"image.default\">\n\t\t\t\t<div class=\"elementor-widget-container\">\n\t\t\t\t\t\t\t\t\t\t\t\t\t\t\t<img fetchpriority=\"high\" decoding=\"async\" width=\"800\" height=\"174\" src=\"https:\/\/keramamueblesdejardin.com\/wp-content\/uploads\/2025\/05\/logo-kerama.png\" class=\"attachment-large size-large wp-image-178529\" alt=\"\" srcset=\"https:\/\/keramamueblesdejardin.com\/wp-content\/uploads\/2025\/05\/logo-kerama.png 800w, https:\/\/keramamueblesdejardin.com\/wp-content\/uploads\/2025\/05\/logo-kerama-300x65.png 300w, https:\/\/keramamueblesdejardin.com\/wp-content\/uploads\/2025\/05\/logo-kerama-768x167.png 768w\" sizes=\"(max-width: 800px) 100vw, 800px\" \/>\t\t\t\t\t\t\t\t\t\t\t\t\t\t\t<\/div>\n\t\t\t\t<\/div>\n\t\t\t\t<div class=\"elementor-element elementor-element-ffcd1fe elementor-widget__width-initial elementor-widget elementor-widget-heading\" data-id=\"ffcd1fe\" data-element_type=\"widget\" data-e-type=\"widget\" data-widget_type=\"heading.default\">\n\t\t\t\t<div class=\"elementor-widget-container\">\n\t\t\t\t\t<div class=\"elementor-heading-title elementor-size-default\">Zahlungsmethoden<\/div>\t\t\t\t<\/div>\n\t\t\t\t<\/div>\n\t\t\t\t<div class=\"elementor-element elementor-element-204e963 elementor-widget elementor-widget-image\" data-id=\"204e963\" data-element_type=\"widget\" data-e-type=\"widget\" data-widget_type=\"image.default\">\n\t\t\t\t<div class=\"elementor-widget-container\">\n\t\t\t\t\t\t\t\t\t\t\t\t\t\t\t<img decoding=\"async\" width=\"48\" height=\"48\" src=\"https:\/\/keramamueblesdejardin.com\/wp-content\/uploads\/2025\/12\/arrow_cool_down.svg\" class=\"attachment-full size-full wp-image-192064\" alt=\"\" \/>\t\t\t\t\t\t\t\t\t\t\t\t\t\t\t<\/div>\n\t\t\t\t<\/div>\n\t\t\t\t\t<\/div>\n\t\t\t\t<\/div>\n\t\t<div class=\"elementor-element elementor-element-2566afed e-flex e-con-boxed e-con e-parent\" data-id=\"2566afed\" data-element_type=\"container\" data-e-type=\"container\">\n\t\t\t\t\t<div class=\"e-con-inner\">\n\t\t\t\t<div class=\"elementor-element elementor-element-597ff982 elementor-widget elementor-widget-text-editor\" data-id=\"597ff982\" data-element_type=\"widget\" data-e-type=\"widget\" data-widget_type=\"text-editor.default\">\n\t\t\t\t<div class=\"elementor-widget-container\">\n\t\t\t\t\t\t\t\t\t<h3>RATENZAHLUNG<\/h3><p>Teilen Sie die Zahlung Ihrer Bestellung in 3, 6 oder 12 Monate f\u00fcr nur geringe Fixkosten pro Monat auf. Nur mit Personalausweis, Handy und Bankkarte. Sie k\u00f6nnen die Zahlung jederzeit ohne zus\u00e4tzliche Kosten abschlie\u00dfen.<\/p><p>Wenn Sie sich beispielsweise daf\u00fcr entscheiden, eine Bestellung von 180 \u20ac in 3 Monaten zu bezahlen, w\u00fcrden Sie 63 \u20ac pro Monat zahlen (nur 3 \u20ac pro Monat und Rate).<\/p><p>So einfach und schnell k\u00f6nnen Sie Ihre Zahlung mit SeQura aufteilen:<\/p><p>1. W\u00e4hlen Sie beim Checkout &#8222;Zahlung aufteilen&#8220; als Zahlungsmethode.<br>2. Geben Sie Ihre Daten (ID und Mobilger\u00e4t) ein, w\u00e4hlen Sie Ihren Zahlungsplan und zahlen Sie die erste monatliche Zahlung.<br>3. Viel Spaass beim Kauf! Alle anderen Zahlungen erfolgen automatisch jeden Monat.<\/p><p>Wenn Sie Zweifel haben, l\u00f6sen Sie sie <a href=\"https:\/\/www.sequra.es\/preguntas-frecuentes\/?utm_source=merchant&amp;utm_medium=paginainfo&amp;utm_term=faqs&amp;utm_content=descripci%C3%B3n_PP3_SQ&amp;utm_campaign=paginainfometodosdepago\" target=\"_blank\" rel=\"noopener noreferrer\">hier<\/a>.<\/p><h3 class=\"font_3\">KREDITKARTE<\/h3><p class=\"font_8\">Wir garantieren, dass jede Transaktion, die auf KERAMA get\u00e4tigt wird, zu 100% sicher ist. Alle Vorg\u00e4nge, die mit der \u00dcbertragung von pers\u00f6nlichen Daten oder Bankdaten verbunden sind, werden in einer sicheren Umgebung durchgef\u00fchrt. Unser Gesch\u00e4ft verwendet kerama.es einen Server, der auf der Standard-SSL-Sicherheitstechnologie (Secure Socked Layer) basiert. Alle Informationen, die Sie an uns \u00fcbermitteln, werden verschl\u00fcsselt durch das Netzwerk \u00fcbertragen.<\/p><p class=\"font_8\">Ebenso werden die Daten auf Ihrer Kreditkarte in keiner Datenbank registriert, sondern gehen direkt an den POS (Point of Sale Terminal der Bank).<\/p><p class=\"font_8\">Wir informieren Sie auch dar\u00fcber, dass wir in dem Bestreben, den Kreditkarteninhabern mehr Sicherheit zu bieten, das sichere Zahlungssystem namens CES (Secure Electronic Commerce) in unser Zahlungsgateway integriert haben. Auf diese Weise k\u00f6nnen Sie, wenn Sie Inhaber einer &#8222;gesicherten&#8220; Karte sind, jederzeit mit VISA-, MASTERCARD- oder AMERICAN EXPRESS-Karte in unserem Gesch\u00e4ft bezahlen.<\/p><p class=\"font_8\">F\u00fcr den Fall, dass Ihre Karte nicht mit diesem Zahlungssystem verbunden ist, akzeptieren kerama.es Zahlungen mit VISA-, MASTERCARD- oder AMERICAN EXPRESS-Kreditkarten nur an Kunden, deren Dienstalter und Zuverl\u00e4ssigkeit zuvor nachgewiesen wurden.<\/p><p class=\"font_8\">In jedem Fall werden Sie bei Zahlung mit VISA-, MASTERCARD- oder AMERICAN EXPRESS-Karte immer nach den folgenden Informationen gefragt: die Kartennummer, das Ablaufdatum und einen Validierungscode, der mit den letzten 3 Ziffern der kursiv gedruckten Nummer auf der R\u00fcckseite Ihrer VISA-, MASTERCARD- oder AMERICAN EXPRESS-Karte \u00fcbereinstimmt.  Auf diese Weise bieten wir mehr Garantien f\u00fcr die Sicherheit der Transaktion.<\/p><h3 class=\"font_3\">\u00dcBERWEISUNG<\/h3><p class=\"font_8\">Wir garantieren, dass jede Transaktion, die auf KERAMA get\u00e4tigt wird, zu 100% sicher ist. Alle Vorg\u00e4nge, die mit der \u00dcbertragung von pers\u00f6nlichen Daten oder Bankdaten verbunden sind, werden in einer sicheren Umgebung durchgef\u00fchrt. Unser Gesch\u00e4ft verwendet kerama.es einen Server, der auf der Standard-SSL-Sicherheitstechnologie (Secure Socked Layer) basiert. Alle Informationen, die Sie an uns \u00fcbermitteln, werden verschl\u00fcsselt durch das Netzwerk \u00fcbertragen.<\/p><p class=\"font_8\">In diesem Fall erfolgt eine Einzahlung des Gesamtbetrags der Bestellung auf die angegebene Kontonummer. Sobald die Zahlung erfolgt ist, wird die Bestellung vorbereitet und der Versand verwaltet. <\/p><p class=\"font_8\">Wenn Sie aus irgendeinem Grund mit Ihrer Bestellung nicht zufrieden sind, haben Sie eine Frist von 14 Kalendertagen, gerechnet ab dem Datum der Lieferung der Bestellung, f\u00fcr die R\u00fcckerstattung des Geldes und einen Monat f\u00fcr \u00c4nderungen. Sie m\u00fcssen uns nur das Produkt in einwandfreiem Zustand und in der Originalverpackung mit Garantien, Etiketten und Gebrauchsanweisung zusenden. Im Falle eines Umtauschs m\u00fcssen Sie die Versandkosten f\u00fcr die R\u00fccksendung und die neue Sendung tragen.<\/p><p class=\"font_8\">Es ist sehr wichtig, dass Sie den Umtausch zur\u00fccksenden oder Produkte perfekt verpackt zur\u00fccksenden. Falls die Produkte durch unsachgem\u00e4\u00dfe Verpackung besch\u00e4digt sind, akzeptieren wir die R\u00fccksendung nicht. Die R\u00fccksendung von Artikeln ohne Originalsiegel wird ebenfalls nicht akzeptiert.<\/p><p class=\"font_8\">Sobald wir die Ware in unseren Lagern erhalten und \u00fcberpr\u00fcft haben, ob alle oben genannten Bedingungen erf\u00fcllt sind, akzeptiert KERAMA die R\u00fccksendung des Produkts und erstattet den Betrag entsprechend der angegebenen Zahlungsmethode und gegebenenfalls bis zum Versand des neuen Produkts:<\/p><ul><li class=\"font_8\">Wenn Sie die Zahlung per Kreditkarte get\u00e4tigt haben, wird der Betrag derselben Kreditkarte gutgeschrieben.<\/li><li class=\"font_8\">Wenn Sie die Zahlung per Bank\u00fcberweisung get\u00e4tigt haben, fragen wir Sie nach einer Kontonummer, unter der Sie den Betrag bezahlen k\u00f6nnen.<br><br><\/li><\/ul><p class=\"font_8\">Anmerkung. Sie erhalten die R\u00fcckerstattung des Betrags innerhalb von maximal 10 Tagen nach Eingang des Umtausch- oder R\u00fcckgabeprodukts in unserem Lager. Denken Sie daran, dass Ihre Bank Ihnen den Betrag der R\u00fcckerstattung wahrscheinlich erst im Folgemonat anzeigt, wenn Sie mit Kreditkarte bezahlt haben.<\/p><p class=\"font_8\">Im Falle von fehlerhaften Produkten oder fehlerhaften Sendungen werden alle Versandkosten von KERAMA getragen.<\/p>\t\t\t\t\t\t\t\t<\/div>\n\t\t\t\t<\/div>\n\t\t\t\t\t<\/div>\n\t\t\t\t<\/div>\n\t\t\t\t<\/div>\n\t\t","protected":false},"excerpt":{"rendered":"<p>Zahlungsmethoden RATENZAHLUNG Teilen Sie die Zahlung Ihrer Bestellung in 3, 6 oder 12 Monate f\u00fcr nur geringe Fixkosten pro Monat auf. Nur mit Personalausweis, Handy und Bankkarte. Sie k\u00f6nnen die Zahlung jederzeit ohne zus\u00e4tzliche Kosten abschlie\u00dfen. Wenn Sie sich beispielsweise daf\u00fcr entscheiden, eine Bestellung von 180 \u20ac in 3 Monaten zu bezahlen, w\u00fcrden Sie 63 [&hellip;]<\/p>\n","protected":false},"author":1,"featured_media":0,"parent":0,"menu_order":0,"comment_status":"closed","ping_status":"open","template":"","meta":{"_acf_changed":false,"footnotes":""},"class_list":["post-109815","page","type-page","status-publish","hentry"],"acf":[],"yoast_head":"<!-- This site is optimized with the Yoast SEO plugin v27.4 - https:\/\/yoast.com\/product\/yoast-seo-wordpress\/ -->\n<title>Zahlungsmethoden - Kerama<\/title>\n<meta name=\"description\" content=\"Zahlungsmethoden der Kerama-Website, die auf den Verkauf von Gartenm\u00f6beln f\u00fcr G\u00e4rten, Terrassen und Balkone spezialisiert ist.\" \/>\n<meta name=\"robots\" content=\"noindex, follow\" \/>\n<meta property=\"og:locale\" content=\"de_DE\" \/>\n<meta property=\"og:type\" content=\"article\" \/>\n<meta property=\"og:title\" content=\"Zahlungsmethoden - Kerama\" \/>\n<meta property=\"og:description\" content=\"Zahlungsmethoden der Kerama-Website, die auf den Verkauf von Gartenm\u00f6beln f\u00fcr G\u00e4rten, Terrassen und Balkone spezialisiert ist.\" \/>\n<meta property=\"og:url\" content=\"https:\/\/keramamueblesdejardin.com\/de\/zahlungsmethoden\/\" \/>\n<meta property=\"og:site_name\" content=\"Kerama\" \/>\n<meta property=\"article:publisher\" content=\"https:\/\/www.facebook.com\/Kerama-Muebles-de-Jard%c3%adn-106209328312568\/\" \/>\n<meta property=\"article:modified_time\" content=\"2026-02-11T13:51:38+00:00\" \/>\n<meta property=\"og:image\" content=\"https:\/\/keramamueblesdejardin.com\/wp-content\/uploads\/2025\/05\/logo-kerama.png\" \/>\n\t<meta property=\"og:image:width\" content=\"800\" \/>\n\t<meta property=\"og:image:height\" content=\"174\" \/>\n\t<meta property=\"og:image:type\" content=\"image\/png\" \/>\n<meta name=\"twitter:card\" content=\"summary_large_image\" \/>\n<meta name=\"twitter:label1\" content=\"Gesch\u00e4tzte Lesezeit\" \/>\n\t<meta name=\"twitter:data1\" content=\"4\u00a0Minuten\" \/>\n<script type=\"application\/ld+json\" class=\"yoast-schema-graph\">{\"@context\":\"https:\\\/\\\/schema.org\",\"@graph\":[{\"@type\":\"WebPage\",\"@id\":\"https:\\\/\\\/keramamueblesdejardin.com\\\/de\\\/zahlungsmethoden\\\/\",\"url\":\"https:\\\/\\\/keramamueblesdejardin.com\\\/de\\\/zahlungsmethoden\\\/\",\"name\":\"Zahlungsmethoden - Kerama\",\"isPartOf\":{\"@id\":\"https:\\\/\\\/keramamueblesdejardin.com\\\/de\\\/#website\"},\"primaryImageOfPage\":{\"@id\":\"https:\\\/\\\/keramamueblesdejardin.com\\\/de\\\/zahlungsmethoden\\\/#primaryimage\"},\"image\":{\"@id\":\"https:\\\/\\\/keramamueblesdejardin.com\\\/de\\\/zahlungsmethoden\\\/#primaryimage\"},\"thumbnailUrl\":\"https:\\\/\\\/keramamueblesdejardin.com\\\/wp-content\\\/uploads\\\/2025\\\/05\\\/logo-kerama.png\",\"datePublished\":\"2021-01-19T11:37:15+00:00\",\"dateModified\":\"2026-02-11T13:51:38+00:00\",\"description\":\"Zahlungsmethoden der Kerama-Website, die auf den Verkauf von Gartenm\u00f6beln f\u00fcr G\u00e4rten, Terrassen und Balkone spezialisiert ist.\",\"breadcrumb\":{\"@id\":\"https:\\\/\\\/keramamueblesdejardin.com\\\/de\\\/zahlungsmethoden\\\/#breadcrumb\"},\"inLanguage\":\"de\",\"potentialAction\":[{\"@type\":\"ReadAction\",\"target\":[\"https:\\\/\\\/keramamueblesdejardin.com\\\/de\\\/zahlungsmethoden\\\/\"]}]},{\"@type\":\"ImageObject\",\"inLanguage\":\"de\",\"@id\":\"https:\\\/\\\/keramamueblesdejardin.com\\\/de\\\/zahlungsmethoden\\\/#primaryimage\",\"url\":\"https:\\\/\\\/keramamueblesdejardin.com\\\/wp-content\\\/uploads\\\/2025\\\/05\\\/logo-kerama.png\",\"contentUrl\":\"https:\\\/\\\/keramamueblesdejardin.com\\\/wp-content\\\/uploads\\\/2025\\\/05\\\/logo-kerama.png\"},{\"@type\":\"BreadcrumbList\",\"@id\":\"https:\\\/\\\/keramamueblesdejardin.com\\\/de\\\/zahlungsmethoden\\\/#breadcrumb\",\"itemListElement\":[{\"@type\":\"ListItem\",\"position\":1,\"name\":\"Home\",\"item\":\"https:\\\/\\\/keramamueblesdejardin.com\\\/de\\\/\"},{\"@type\":\"ListItem\",\"position\":2,\"name\":\"Zahlungsmethoden\"}]},{\"@type\":\"WebSite\",\"@id\":\"https:\\\/\\\/keramamueblesdejardin.com\\\/de\\\/#website\",\"url\":\"https:\\\/\\\/keramamueblesdejardin.com\\\/de\\\/\",\"name\":\"Kerama\",\"description\":\"muebles de jard\u00edn\",\"publisher\":{\"@id\":\"https:\\\/\\\/keramamueblesdejardin.com\\\/de\\\/#organization\"},\"potentialAction\":[{\"@type\":\"SearchAction\",\"target\":{\"@type\":\"EntryPoint\",\"urlTemplate\":\"https:\\\/\\\/keramamueblesdejardin.com\\\/de\\\/?s={search_term_string}\"},\"query-input\":{\"@type\":\"PropertyValueSpecification\",\"valueRequired\":true,\"valueName\":\"search_term_string\"}}],\"inLanguage\":\"de\"},{\"@type\":\"Organization\",\"@id\":\"https:\\\/\\\/keramamueblesdejardin.com\\\/de\\\/#organization\",\"name\":\"kerama\",\"url\":\"https:\\\/\\\/keramamueblesdejardin.com\\\/de\\\/\",\"logo\":{\"@type\":\"ImageObject\",\"inLanguage\":\"de\",\"@id\":\"https:\\\/\\\/keramamueblesdejardin.com\\\/de\\\/#\\\/schema\\\/logo\\\/image\\\/\",\"url\":\"https:\\\/\\\/keramamueblesdejardin.com\\\/wp-content\\\/uploads\\\/2020\\\/12\\\/k.-scaled.jpg\",\"contentUrl\":\"https:\\\/\\\/keramamueblesdejardin.com\\\/wp-content\\\/uploads\\\/2020\\\/12\\\/k.-scaled.jpg\",\"width\":2560,\"height\":551,\"caption\":\"kerama\"},\"image\":{\"@id\":\"https:\\\/\\\/keramamueblesdejardin.com\\\/de\\\/#\\\/schema\\\/logo\\\/image\\\/\"},\"sameAs\":[\"https:\\\/\\\/www.facebook.com\\\/Kerama-Muebles-de-Jard\u00edn-106209328312568\\\/\"]}]}<\/script>\n<!-- \/ Yoast SEO plugin. -->","yoast_head_json":{"title":"Zahlungsmethoden - Kerama","description":"Zahlungsmethoden der Kerama-Website, die auf den Verkauf von Gartenm\u00f6beln f\u00fcr G\u00e4rten, Terrassen und Balkone spezialisiert ist.","robots":{"index":"noindex","follow":"follow"},"og_locale":"de_DE","og_type":"article","og_title":"Zahlungsmethoden - Kerama","og_description":"Zahlungsmethoden der Kerama-Website, die auf den Verkauf von Gartenm\u00f6beln f\u00fcr G\u00e4rten, Terrassen und Balkone spezialisiert ist.","og_url":"https:\/\/keramamueblesdejardin.com\/de\/zahlungsmethoden\/","og_site_name":"Kerama","article_publisher":"https:\/\/www.facebook.com\/Kerama-Muebles-de-Jard%c3%adn-106209328312568\/","article_modified_time":"2026-02-11T13:51:38+00:00","og_image":[{"width":800,"height":174,"url":"https:\/\/keramamueblesdejardin.com\/wp-content\/uploads\/2025\/05\/logo-kerama.png","type":"image\/png"}],"twitter_card":"summary_large_image","twitter_misc":{"Gesch\u00e4tzte Lesezeit":"4\u00a0Minuten"},"schema":{"@context":"https:\/\/schema.org","@graph":[{"@type":"WebPage","@id":"https:\/\/keramamueblesdejardin.com\/de\/zahlungsmethoden\/","url":"https:\/\/keramamueblesdejardin.com\/de\/zahlungsmethoden\/","name":"Zahlungsmethoden - Kerama","isPartOf":{"@id":"https:\/\/keramamueblesdejardin.com\/de\/#website"},"primaryImageOfPage":{"@id":"https:\/\/keramamueblesdejardin.com\/de\/zahlungsmethoden\/#primaryimage"},"image":{"@id":"https:\/\/keramamueblesdejardin.com\/de\/zahlungsmethoden\/#primaryimage"},"thumbnailUrl":"https:\/\/keramamueblesdejardin.com\/wp-content\/uploads\/2025\/05\/logo-kerama.png","datePublished":"2021-01-19T11:37:15+00:00","dateModified":"2026-02-11T13:51:38+00:00","description":"Zahlungsmethoden der Kerama-Website, die auf den Verkauf von Gartenm\u00f6beln f\u00fcr G\u00e4rten, Terrassen und Balkone spezialisiert ist.","breadcrumb":{"@id":"https:\/\/keramamueblesdejardin.com\/de\/zahlungsmethoden\/#breadcrumb"},"inLanguage":"de","potentialAction":[{"@type":"ReadAction","target":["https:\/\/keramamueblesdejardin.com\/de\/zahlungsmethoden\/"]}]},{"@type":"ImageObject","inLanguage":"de","@id":"https:\/\/keramamueblesdejardin.com\/de\/zahlungsmethoden\/#primaryimage","url":"https:\/\/keramamueblesdejardin.com\/wp-content\/uploads\/2025\/05\/logo-kerama.png","contentUrl":"https:\/\/keramamueblesdejardin.com\/wp-content\/uploads\/2025\/05\/logo-kerama.png"},{"@type":"BreadcrumbList","@id":"https:\/\/keramamueblesdejardin.com\/de\/zahlungsmethoden\/#breadcrumb","itemListElement":[{"@type":"ListItem","position":1,"name":"Home","item":"https:\/\/keramamueblesdejardin.com\/de\/"},{"@type":"ListItem","position":2,"name":"Zahlungsmethoden"}]},{"@type":"WebSite","@id":"https:\/\/keramamueblesdejardin.com\/de\/#website","url":"https:\/\/keramamueblesdejardin.com\/de\/","name":"Kerama","description":"muebles de jard\u00edn","publisher":{"@id":"https:\/\/keramamueblesdejardin.com\/de\/#organization"},"potentialAction":[{"@type":"SearchAction","target":{"@type":"EntryPoint","urlTemplate":"https:\/\/keramamueblesdejardin.com\/de\/?s={search_term_string}"},"query-input":{"@type":"PropertyValueSpecification","valueRequired":true,"valueName":"search_term_string"}}],"inLanguage":"de"},{"@type":"Organization","@id":"https:\/\/keramamueblesdejardin.com\/de\/#organization","name":"kerama","url":"https:\/\/keramamueblesdejardin.com\/de\/","logo":{"@type":"ImageObject","inLanguage":"de","@id":"https:\/\/keramamueblesdejardin.com\/de\/#\/schema\/logo\/image\/","url":"https:\/\/keramamueblesdejardin.com\/wp-content\/uploads\/2020\/12\/k.-scaled.jpg","contentUrl":"https:\/\/keramamueblesdejardin.com\/wp-content\/uploads\/2020\/12\/k.-scaled.jpg","width":2560,"height":551,"caption":"kerama"},"image":{"@id":"https:\/\/keramamueblesdejardin.com\/de\/#\/schema\/logo\/image\/"},"sameAs":["https:\/\/www.facebook.com\/Kerama-Muebles-de-Jard\u00edn-106209328312568\/"]}]}},"_links":{"self":[{"href":"https:\/\/keramamueblesdejardin.com\/de\/wp-json\/wp\/v2\/pages\/109815","targetHints":{"allow":["GET"]}}],"collection":[{"href":"https:\/\/keramamueblesdejardin.com\/de\/wp-json\/wp\/v2\/pages"}],"about":[{"href":"https:\/\/keramamueblesdejardin.com\/de\/wp-json\/wp\/v2\/types\/page"}],"author":[{"embeddable":true,"href":"https:\/\/keramamueblesdejardin.com\/de\/wp-json\/wp\/v2\/users\/1"}],"replies":[{"embeddable":true,"href":"https:\/\/keramamueblesdejardin.com\/de\/wp-json\/wp\/v2\/comments?post=109815"}],"version-history":[{"count":4,"href":"https:\/\/keramamueblesdejardin.com\/de\/wp-json\/wp\/v2\/pages\/109815\/revisions"}],"predecessor-version":[{"id":192140,"href":"https:\/\/keramamueblesdejardin.com\/de\/wp-json\/wp\/v2\/pages\/109815\/revisions\/192140"}],"wp:attachment":[{"href":"https:\/\/keramamueblesdejardin.com\/de\/wp-json\/wp\/v2\/media?parent=109815"}],"curies":[{"name":"wp","href":"https:\/\/api.w.org\/{rel}","templated":true}]}}