{"id":109805,"date":"2021-01-19T12:56:35","date_gmt":"2021-01-19T11:56:35","guid":{"rendered":"https:\/\/keramamueblesdejardin.com\/cookie-richtlinie\/"},"modified":"2026-02-11T15:19:54","modified_gmt":"2026-02-11T14:19:54","slug":"cookie-richtlinie","status":"publish","type":"page","link":"https:\/\/keramamueblesdejardin.com\/de\/cookie-richtlinie\/","title":{"rendered":"Cookie-Richtlinie"},"content":{"rendered":"\t\t<div data-elementor-type=\"wp-page\" data-elementor-id=\"109805\" class=\"elementor elementor-109805 elementor-7282\" wpc-filter-elementor-widget=\"1\" data-elementor-post-type=\"page\">\n\t\t\t\t<div class=\"elementor-element elementor-element-ba88bb2 e-flex e-con-boxed e-con e-parent\" data-id=\"ba88bb2\" data-element_type=\"container\" data-e-type=\"container\" data-settings=\"{&quot;background_background&quot;:&quot;classic&quot;}\">\n\t\t\t\t\t<div class=\"e-con-inner\">\n\t\t\t\t<div class=\"elementor-element elementor-element-b505727 elementor-widget elementor-widget-image\" data-id=\"b505727\" data-element_type=\"widget\" data-e-type=\"widget\" data-widget_type=\"image.default\">\n\t\t\t\t<div class=\"elementor-widget-container\">\n\t\t\t\t\t\t\t\t\t\t\t\t\t\t\t<img fetchpriority=\"high\" decoding=\"async\" width=\"800\" height=\"174\" src=\"https:\/\/keramamueblesdejardin.com\/wp-content\/uploads\/2025\/05\/logo-kerama.png\" class=\"attachment-large size-large wp-image-178529\" alt=\"\" srcset=\"https:\/\/keramamueblesdejardin.com\/wp-content\/uploads\/2025\/05\/logo-kerama.png 800w, https:\/\/keramamueblesdejardin.com\/wp-content\/uploads\/2025\/05\/logo-kerama-300x65.png 300w, https:\/\/keramamueblesdejardin.com\/wp-content\/uploads\/2025\/05\/logo-kerama-768x167.png 768w\" sizes=\"(max-width: 800px) 100vw, 800px\" \/>\t\t\t\t\t\t\t\t\t\t\t\t\t\t\t<\/div>\n\t\t\t\t<\/div>\n\t\t\t\t<div class=\"elementor-element elementor-element-d760769 elementor-widget__width-initial elementor-widget elementor-widget-heading\" data-id=\"d760769\" data-element_type=\"widget\" data-e-type=\"widget\" data-widget_type=\"heading.default\">\n\t\t\t\t<div class=\"elementor-widget-container\">\n\t\t\t\t\t<div class=\"elementor-heading-title elementor-size-default\">Cookie-Richtlinie<\/div>\t\t\t\t<\/div>\n\t\t\t\t<\/div>\n\t\t\t\t<div class=\"elementor-element elementor-element-9a5f104 elementor-widget elementor-widget-image\" data-id=\"9a5f104\" data-element_type=\"widget\" data-e-type=\"widget\" data-widget_type=\"image.default\">\n\t\t\t\t<div class=\"elementor-widget-container\">\n\t\t\t\t\t\t\t\t\t\t\t\t\t\t\t<img decoding=\"async\" width=\"48\" height=\"48\" src=\"https:\/\/keramamueblesdejardin.com\/wp-content\/uploads\/2025\/12\/arrow_cool_down.svg\" class=\"attachment-full size-full wp-image-192064\" alt=\"\" \/>\t\t\t\t\t\t\t\t\t\t\t\t\t\t\t<\/div>\n\t\t\t\t<\/div>\n\t\t\t\t\t<\/div>\n\t\t\t\t<\/div>\n\t\t<div class=\"elementor-element elementor-element-41bf18d9 e-flex e-con-boxed e-con e-parent\" data-id=\"41bf18d9\" data-element_type=\"container\" data-e-type=\"container\">\n\t\t\t\t\t<div class=\"e-con-inner\">\n\t\t\t\t<div class=\"elementor-element elementor-element-6e2b7cc9 elementor-widget elementor-widget-text-editor\" data-id=\"6e2b7cc9\" data-element_type=\"widget\" data-e-type=\"widget\" data-widget_type=\"text-editor.default\">\n\t\t\t\t<div class=\"elementor-widget-container\">\n\t\t\t\t\t\t\t\t\t<div class=\"cli_pg_page_contaner\"><h3>\u00dcber die Cookie-Richtlinie<\/h3><div><p>Diese Cookie-Richtlinie erkl\u00e4rt, was Cookies sind und wie wir sie verwenden, welche Arten von Cookies wir verwenden, d. h. welche Informationen wir mithilfe von Cookies sammeln und wie diese Informationen verwendet werden und wie Sie die Cookie-Einstellungen steuern k\u00f6nnen. Weitere Informationen dar\u00fcber, wie wir Ihre personenbezogenen Daten verwenden, speichern und sicher aufbewahren, finden Sie in unserer Datenschutzerkl\u00e4rung.<\/p><p>Sie k\u00f6nnen Ihre Zustimmung zur Cookie-Erkl\u00e4rung auf unserer Website jederzeit \u00e4ndern oder widerrufen.<\/p><p>Erfahren Sie mehr dar\u00fcber, wer wir sind, wie Sie uns kontaktieren k\u00f6nnen und wie wir personenbezogene Daten verarbeiten, in unserer Datenschutzerkl\u00e4rung.<\/p><p>Ihre Zustimmung gilt f\u00fcr die folgenden Domains: keramamueblesdejardin.com<\/p><p>[user_consent_state]<\/p><p>keramamueblesdejardin.com informiert den Nutzer, dass die Verarbeitung aller personenbezogenen Daten gem\u00e4\u00df den Bestimmungen des Organischen Gesetzes 15\/1999 vom 13. Dezember zum Datenschutz und dem K\u00f6niglichen Dekret 1720\/2007 vom 21. Dezember erfolgt, das die Verordnung zur Entwicklung des Organischen Gesetzes 15\/1999 genehmigt,  vom 13. Dezember, zum Schutz personenbezogener Daten.&#8220;<\/p><p>Bei keramamueblesdejardin.com legen wir uns besonders gro\u00dfen Wert auf die Sicherheit und den Datenschutz der Daten unserer Kunden. Wenn sich ein Kunde auf unserem sicheren Server registriert oder eine Bestellung aufgibt, werden seine personenbezogenen Daten, seine Adresse und die Daten zu seiner Zahlungsmethode in unsere Datenbank aufgenommen und nur zur Abwicklung der Bestellung sowie zur Zusendung von Informationen \u00fcber Angebote und Dienstleistungen verwendet, die f\u00fcr ihn von Interesse sein k\u00f6nnten.<\/p><p>keramamueblesdejardin.com gew\u00e4hrleistet die Vertraulichkeit der von unseren Kunden bereitgestellten Daten und garantiert, dass diese unter keinen Umst\u00e4nden an Dritte weitergegeben werden.<\/p><p>In \u00dcbereinstimmung mit den Bestimmungen des Organgesetzes 15\/1999 vom 13. Dezember \u00fcber den Schutz personenbezogener Daten informieren wir Sie, dass alle von Ihnen zur Verf\u00fcgung gestellten personenbezogenen Daten in eine automatisierte Datei mit personenbezogenen Daten aufgenommen werden, die unter der Verantwortung von KERAMA, B67405811 Greenbrownblue SL, erstellt und gepflegt und ordnungsgem\u00e4\u00df bei der spanischen Datenschutzbeh\u00f6rde (AEPD) registriert ist. Der Zweck dieser Datei besteht darin, die Bearbeitung von Bestellungen zu erleichtern und, falls Sie uns im entsprechenden Feld ausdr\u00fccklich autorisiert haben, Ihnen auch kommerzielle Mitteilungen \u00fcber Produkte und Dienstleistungen zu senden, die f\u00fcr Sie von Interesse sein k\u00f6nnten.<\/p><p>Die Kunden von KERAMA k\u00f6nnen jederzeit ihre Rechte auf Zugang, Berichtigung, K\u00fcndigung und Widerspruch aus\u00fcben und sie per E-Mail an hola@keramamueblesdejardin.com oder schriftlich an folgende Postadresse benachrichtigen:<br>KERAMA<br>Passatge De Roma 6, Schiff 17, Pol\u00edgono Industrial Cova Solera, 08191 Rub\u00ed, Barcelona, Spanien<br>In beiden F\u00e4llen werden Name und Nachname, Benutzername und E-Mail-Adresse angegeben, mit denen Sie sich registriert haben.<\/p><p>Die Verwendung von Cookies ist f\u00fcr die Nutzung unserer Website erforderlich. Cookies werden verwendet, um zu analysieren, wie Benutzer die Website nutzen. Wenn Sie m\u00f6chten, k\u00f6nnen Sie Ihren Browser so konfigurieren, dass er auf dem Bildschirm \u00fcber den Empfang von Cookies informiert wird und die Installation von Cookies auf der Festplatte Ihres Computers verhindert. Bitte konsultieren Sie die Anweisungen und Handb\u00fccher Ihres Browsers f\u00fcr weitere Informationen.<\/p><p>Von keramamueblesdejardin.com aus m\u00f6chten wir Sie dar\u00fcber informieren, dass unsere Website Cookies verwendet, um das Surfen der Nutzer zu analysieren und das Nutzererlebnis zu verbessern.<\/p><p>Im Folgenden finden Sie Informationen dar\u00fcber, was &#8222;Cookies&#8220; sind, welche Arten von Cookies diese Website verwendet, wie Sie Cookies in Ihrem Browser deaktivieren k\u00f6nnen und wie Sie die Installation von Cookies von Drittanbietern gezielt deaktivieren k\u00f6nnen. Wenn du die spezifischen Informationen nicht findest, die du suchst, geh bitte zu hola@keramamueblesdejardin.com<\/p><p>Mit der Ver\u00f6ffentlichung des K\u00f6niglichen Gesetzesdekrets 13\/2012 vom 30. M\u00e4rz im Amtsblatt wurde eine Reihe von \u00c4nderungen des Gesetzes \u00fcber Dienstleistungen der Informationsgesellschaft und des elektronischen Gesch\u00e4ftsverkehrs (LSSICE) vorgenommen, die sich unter anderem auf die Verwendung von Cookies und kommerziellen Mailings per E-Mail auswirken. Mit diesem K\u00f6niglichen Dekret, das mehrere europ\u00e4ische Richtlinien umsetzt, passt sich Spanien, wie alle Mitgliedstaaten der Europ\u00e4ischen Union, der europ\u00e4ischen Richtlinie 2009\/136\/EG &#8222;\u00c4nderung der Europ\u00e4ischen Richtlinie \u00fcber die Datenverarbeitung und -speicherung und den Schutz der Privatsph\u00e4re in der elektronischen Kommunikation&#8220; Artikel 22.2 des Gesetzes 34\/2002 an. Diensteanbieter k\u00f6nnen Datenspeicher- und -abrufger\u00e4te in Endger\u00e4ten von Empf\u00e4ngern verwenden, sofern sie ihre Zustimmung erteilt haben, nachdem sie klare und vollst\u00e4ndige Informationen \u00fcber ihre Verwendung, insbesondere \u00fcber die Zwecke der Datenverarbeitung, gem\u00e4\u00df den Bestimmungen des Organgesetzes 15\/1999 erhalten haben.  vom 13. Dezember, Schutz personenbezogener Daten.<\/p><\/div><h3>Was sind Cookies?<\/h3><div>Der Zugriff auf diese Website kann die Verwendung von Cookies beinhalten. Cookies sind kleine Informationseinheiten, die in dem von jedem Benutzer verwendeten Browser gespeichert werden, damit sich der Server an bestimmte Informationen erinnert, die einen schnelleren Zugriff erm\u00f6glichen und Ihre Navigation verbessern. Cookies haben in der Regel eine zeitlich begrenzte Dauer. Kein Cookie erm\u00f6glicht es Ihnen, Ihre E-Mail-Adresse oder andere Kontaktm\u00f6glichkeiten zu kontaktieren (sie handeln anonym).<\/div><div> <\/div><h3>Wie verwenden wir Cookies?<\/h3><div>Wie die meisten Online-Dienste verwendet auch unsere Website Cookies von Erstanbietern und Drittanbietern f\u00fcr verschiedene Zwecke. First-Party-Cookies sind in erster Linie f\u00fcr das ordnungsgem\u00e4\u00dfe Funktionieren der Website erforderlich und sammeln keine Ihrer personenbezogenen Daten.<\/div><div>Die Cookies von Drittanbietern, die auf unserer Website verwendet werden, dienen in erster Linie dazu, zu verstehen, wie die Website funktioniert, wie Sie mit unserer Website interagieren, unsere Dienste sicher zu halten, Werbung bereitzustellen, die f\u00fcr Sie relevant ist, und Ihnen im Allgemeinen einen besseren und verbesserten Benutzer zu bieten. Erleben Sie und helfen Sie mit, Ihre zuk\u00fcnftigen Interaktionen mit unserer Website zu beschleunigen.<\/div><div> <\/div><h3>Welche Arten von Cookies verwenden wir?<\/h3><h3><strong style=\"font-size: 16px;\">Cookies je nach Eigenschaft:<\/strong><\/h3><div><ul><li><strong>Eigene Cookies: <\/strong> Es handelt sich um solche, die von einem Computer oder einer Dom\u00e4ne, die vom Herausgeber selbst verwaltet wird und von der aus der vom Benutzer angeforderte Dienst bereitgestellt wird, an das Endger\u00e4t des Benutzers gesendet werden.<\/li><li><strong>Cookies von Drittanbietern: <\/strong> Es handelt sich um solche, die von einem Computer oder einer Domain an das Endger\u00e4t des Benutzers gesendet werden, die nicht vom Herausgeber verwaltet wird, sondern von einer anderen Stelle, die die durch Cookies erhaltenen Daten verarbeitet.<\/li><\/ul><p><strong>Cookies nach Dauer:<\/strong><\/p><ul><li><strong>Session-Cookies: <\/strong> Es handelt sich um eine Art von Cookies, die dazu dienen, Daten zu sammeln und zu speichern, w\u00e4hrend der Benutzer auf eine Webseite zugreift.<\/li><li><strong>Dauerhafte Cookies: <\/strong> Es handelt sich um eine Art von Cookies, bei denen die Daten noch im Endger\u00e4t gespeichert werden und w\u00e4hrend eines von der f\u00fcr das Cookie verantwortlichen Person festgelegten Zeitraums, der von wenigen Minuten bis zu mehreren Jahren reichen kann, abgerufen und verarbeitet werden k\u00f6nnen.<\/li><\/ul><p><strong>Cookies je nach Typ:<\/strong><\/p><ul><li><strong>Technische und funktionale Cookies: <\/strong>sind f\u00fcr die Nutzung der Website und f\u00fcr die Bereitstellung des Dienstes unbedingt erforderlich (notwendig f\u00fcr das technische Funktionieren der Plattform).<\/li><li><strong>Personalisierungs-Cookies:<\/strong> Sie erm\u00f6glichen es dem Benutzer, das Design, die Sprache oder die Pr\u00e4ferenzen seines Browsers zu konfigurieren.<\/li><li><strong>Analyse-Cookies: <\/strong> Es handelt sich um diejenigen, die von uns oder von Dritten gut behandelt werden, die es uns erm\u00f6glichen, die Anzahl der Benutzer zu quantifizieren und somit die Messung und statistische Analyse der Nutzung des angebotenen Dienstes durch die Benutzer durchzuf\u00fchren. Zu diesem Zweck wird Ihr Surfverhalten auf unserer Website analysiert, um das Angebot der von uns angebotenen Produkte oder Dienstleistungen zu verbessern.<\/li><li><strong>Werbecookies: <\/strong>Sie erm\u00f6glichen es, die Werbefl\u00e4chen auf m\u00f6glichst effektive Weise zu verwalten, die der Verlag, wo angebracht, auf einer Website, Anwendung oder Plattform, von der aus er den angeforderten Service anbietet, basierend auf Kriterien wie den bearbeiteten Inhalt oder der Frequenz der Anzeigen, eingef\u00fcgt hat.<\/li><li><strong>Cookies f\u00fcr verhaltensbasierte Werbung: <\/strong> Sie sind diejenigen, die es erm\u00f6glichen, die Werbefl\u00e4chen, die der Herausgeber gegebenenfalls in eine Webseite, Anwendung oder Plattform aufgenommen hat, von der aus er den angeforderten Dienst erbringt, so effizient wie m\u00f6glich zu verwalten. Diese Cookies speichern Informationen \u00fcber das Verhalten der Nutzer, die durch die kontinuierliche Beobachtung ihrer Surfgewohnheiten gewonnen werden, was es erm\u00f6glicht, ein spezifisches Profil zu entwickeln, um darauf basierende Werbung anzuzeigen.<\/li><\/ul><\/div><div> <\/div><div>Diese Website kann Cookies verwenden, um die Navigation zu erleichtern und die Qualit\u00e4t der Bereitstellung unserer Dienste f\u00fcr den Benutzer anonym zu verbessern. Der Benutzer kann seinen Computer jedoch so konfigurieren, dass er die Cookies, die er erh\u00e4lt, akzeptiert oder ablehnt (Einstellungen oder Datenschutzoptionen seines Browsers).<\/div><div> <\/div><div>[cookie_audit columns=&#8220;cookie,description&#8220; heading=&#8220;La siguiente lista detalla las cookies utilizadas en nuestro sitio web.&#8220;]<\/div><div> <\/div><h3>Wie kann ich meine Cookie-Einstellungen kontrollieren?<\/h3><div>Wenn Sie sich entscheiden, Ihre Einstellungen sp\u00e4ter w\u00e4hrend Ihrer Browsersitzung zu \u00e4ndern, k\u00f6nnen Sie auf die Registerkarte &#8222;Datenschutz und Cookies Richtlinie&#8220; auf Ihrem Bildschirm klicken. Dadurch wird der Einwilligungshinweis erneut angezeigt, sodass Sie Ihre Einstellungen \u00e4ndern oder Ihre Einwilligung ganz widerrufen k\u00f6nnen.<\/div><div>Dar\u00fcber hinaus bieten verschiedene Browser unterschiedliche Methoden zum Blockieren und L\u00f6schen von Cookies, die von Websites verwendet werden. Sie k\u00f6nnen Ihre Browsereinstellungen \u00e4ndern, um Cookies zu blockieren\/zu l\u00f6schen:<\/div><ul><li>Internet Explorer: <a href=\"https:\/\/support.microsoft.com\/es-es\/help\/17442\/windowsinternet-explorer-delete-manage-cookies\">https:\/\/support.microsoft.com\/es-es\/help\/17442\/windowsinternet-explorer-delete-manage-cookies<\/a><\/li><li>Mozilla Firefox: <a href=\"https:\/\/support.mozilla.org\/es\/kb\/cookies-informacion-que-lossitios-web-guardan-en-?redirectlocale=en-US&amp;redirectslug=Cookies\">https:\/\/support.mozilla.org\/es\/kb\/cookies-informacion-que-lossitios-web-guardan-en-?redirectlocale=en-US&amp;redirectslug=Cookies<\/a><\/li><li>Google Chrome: <a href=\"https:\/\/support.google.com\/chrome\/answer\/95647?hl=es\">https:\/\/support.google.com\/chrome\/answer\/95647?hl=es<\/a><\/li><li>Safari: <a href=\"https:\/\/support.apple.com\/kb\/ph21411?locale=es_ES\">https:\/\/support.apple.com\/kb\/ph21411?locale=es_ES<\/a><\/li><\/ul><div>Weitere Informationen \u00fcber Cookies, einschlie\u00dflich der Funktionsweise von Cookies und deren Verwaltung und L\u00f6schung, finden Sie unter www.aboutcookies.org.<\/div><\/div>\t\t\t\t\t\t\t\t<\/div>\n\t\t\t\t<\/div>\n\t\t\t\t\t<\/div>\n\t\t\t\t<\/div>\n\t\t\t\t<\/div>\n\t\t","protected":false},"excerpt":{"rendered":"<p>Cookie-Richtlinie \u00dcber die Cookie-Richtlinie Diese Cookie-Richtlinie erkl\u00e4rt, was Cookies sind und wie wir sie verwenden, welche Arten von Cookies wir verwenden, d. h. welche Informationen wir mithilfe von Cookies sammeln und wie diese Informationen verwendet werden und wie Sie die Cookie-Einstellungen steuern k\u00f6nnen. Weitere Informationen dar\u00fcber, wie wir Ihre personenbezogenen Daten verwenden, speichern und sicher [&hellip;]<\/p>\n","protected":false},"author":1,"featured_media":0,"parent":0,"menu_order":0,"comment_status":"closed","ping_status":"closed","template":"","meta":{"_acf_changed":false,"footnotes":""},"class_list":["post-109805","page","type-page","status-publish","hentry"],"acf":[],"yoast_head":"<!-- This site is optimized with the Yoast SEO plugin v27.4 - https:\/\/yoast.com\/product\/yoast-seo-wordpress\/ -->\n<title>Cookie-Richtlinie - Kerama<\/title>\n<meta name=\"description\" content=\"Cookie-Richtlinie der Kerama-Website, die auf den Verkauf von Gartenm\u00f6beln f\u00fcr G\u00e4rten, Terrassen und Balkone spezialisiert ist.\" \/>\n<meta name=\"robots\" content=\"noindex, follow\" \/>\n<meta property=\"og:locale\" content=\"de_DE\" \/>\n<meta property=\"og:type\" content=\"article\" \/>\n<meta property=\"og:title\" content=\"Cookie-Richtlinie - Kerama\" \/>\n<meta property=\"og:description\" content=\"Cookie-Richtlinie der Kerama-Website, die auf den Verkauf von Gartenm\u00f6beln f\u00fcr G\u00e4rten, Terrassen und Balkone spezialisiert ist.\" \/>\n<meta property=\"og:url\" content=\"https:\/\/keramamueblesdejardin.com\/de\/cookie-richtlinie\/\" \/>\n<meta property=\"og:site_name\" content=\"Kerama\" \/>\n<meta property=\"article:publisher\" content=\"https:\/\/www.facebook.com\/Kerama-Muebles-de-Jard%c3%adn-106209328312568\/\" \/>\n<meta property=\"article:modified_time\" content=\"2026-02-11T14:19:54+00:00\" \/>\n<meta property=\"og:image\" content=\"https:\/\/keramamueblesdejardin.com\/wp-content\/uploads\/2025\/05\/logo-kerama.png\" \/>\n\t<meta property=\"og:image:width\" content=\"800\" \/>\n\t<meta property=\"og:image:height\" content=\"174\" \/>\n\t<meta property=\"og:image:type\" content=\"image\/png\" \/>\n<meta name=\"twitter:card\" content=\"summary_large_image\" \/>\n<meta name=\"twitter:label1\" content=\"Gesch\u00e4tzte Lesezeit\" \/>\n\t<meta name=\"twitter:data1\" content=\"8\u00a0Minuten\" \/>\n<script type=\"application\/ld+json\" class=\"yoast-schema-graph\">{\"@context\":\"https:\\\/\\\/schema.org\",\"@graph\":[{\"@type\":\"WebPage\",\"@id\":\"https:\\\/\\\/keramamueblesdejardin.com\\\/de\\\/cookie-richtlinie\\\/\",\"url\":\"https:\\\/\\\/keramamueblesdejardin.com\\\/de\\\/cookie-richtlinie\\\/\",\"name\":\"Cookie-Richtlinie - Kerama\",\"isPartOf\":{\"@id\":\"https:\\\/\\\/keramamueblesdejardin.com\\\/de\\\/#website\"},\"primaryImageOfPage\":{\"@id\":\"https:\\\/\\\/keramamueblesdejardin.com\\\/de\\\/cookie-richtlinie\\\/#primaryimage\"},\"image\":{\"@id\":\"https:\\\/\\\/keramamueblesdejardin.com\\\/de\\\/cookie-richtlinie\\\/#primaryimage\"},\"thumbnailUrl\":\"https:\\\/\\\/keramamueblesdejardin.com\\\/wp-content\\\/uploads\\\/2025\\\/05\\\/logo-kerama.png\",\"datePublished\":\"2021-01-19T11:56:35+00:00\",\"dateModified\":\"2026-02-11T14:19:54+00:00\",\"description\":\"Cookie-Richtlinie der Kerama-Website, die auf den Verkauf von Gartenm\u00f6beln f\u00fcr G\u00e4rten, Terrassen und Balkone spezialisiert ist.\",\"breadcrumb\":{\"@id\":\"https:\\\/\\\/keramamueblesdejardin.com\\\/de\\\/cookie-richtlinie\\\/#breadcrumb\"},\"inLanguage\":\"de\",\"potentialAction\":[{\"@type\":\"ReadAction\",\"target\":[\"https:\\\/\\\/keramamueblesdejardin.com\\\/de\\\/cookie-richtlinie\\\/\"]}]},{\"@type\":\"ImageObject\",\"inLanguage\":\"de\",\"@id\":\"https:\\\/\\\/keramamueblesdejardin.com\\\/de\\\/cookie-richtlinie\\\/#primaryimage\",\"url\":\"https:\\\/\\\/keramamueblesdejardin.com\\\/wp-content\\\/uploads\\\/2025\\\/05\\\/logo-kerama.png\",\"contentUrl\":\"https:\\\/\\\/keramamueblesdejardin.com\\\/wp-content\\\/uploads\\\/2025\\\/05\\\/logo-kerama.png\"},{\"@type\":\"BreadcrumbList\",\"@id\":\"https:\\\/\\\/keramamueblesdejardin.com\\\/de\\\/cookie-richtlinie\\\/#breadcrumb\",\"itemListElement\":[{\"@type\":\"ListItem\",\"position\":1,\"name\":\"Home\",\"item\":\"https:\\\/\\\/keramamueblesdejardin.com\\\/de\\\/\"},{\"@type\":\"ListItem\",\"position\":2,\"name\":\"Cookie-Richtlinie\"}]},{\"@type\":\"WebSite\",\"@id\":\"https:\\\/\\\/keramamueblesdejardin.com\\\/de\\\/#website\",\"url\":\"https:\\\/\\\/keramamueblesdejardin.com\\\/de\\\/\",\"name\":\"Kerama\",\"description\":\"muebles de jard\u00edn\",\"publisher\":{\"@id\":\"https:\\\/\\\/keramamueblesdejardin.com\\\/de\\\/#organization\"},\"potentialAction\":[{\"@type\":\"SearchAction\",\"target\":{\"@type\":\"EntryPoint\",\"urlTemplate\":\"https:\\\/\\\/keramamueblesdejardin.com\\\/de\\\/?s={search_term_string}\"},\"query-input\":{\"@type\":\"PropertyValueSpecification\",\"valueRequired\":true,\"valueName\":\"search_term_string\"}}],\"inLanguage\":\"de\"},{\"@type\":\"Organization\",\"@id\":\"https:\\\/\\\/keramamueblesdejardin.com\\\/de\\\/#organization\",\"name\":\"kerama\",\"url\":\"https:\\\/\\\/keramamueblesdejardin.com\\\/de\\\/\",\"logo\":{\"@type\":\"ImageObject\",\"inLanguage\":\"de\",\"@id\":\"https:\\\/\\\/keramamueblesdejardin.com\\\/de\\\/#\\\/schema\\\/logo\\\/image\\\/\",\"url\":\"https:\\\/\\\/keramamueblesdejardin.com\\\/wp-content\\\/uploads\\\/2020\\\/12\\\/k.-scaled.jpg\",\"contentUrl\":\"https:\\\/\\\/keramamueblesdejardin.com\\\/wp-content\\\/uploads\\\/2020\\\/12\\\/k.-scaled.jpg\",\"width\":2560,\"height\":551,\"caption\":\"kerama\"},\"image\":{\"@id\":\"https:\\\/\\\/keramamueblesdejardin.com\\\/de\\\/#\\\/schema\\\/logo\\\/image\\\/\"},\"sameAs\":[\"https:\\\/\\\/www.facebook.com\\\/Kerama-Muebles-de-Jard\u00edn-106209328312568\\\/\"]}]}<\/script>\n<!-- \/ Yoast SEO plugin. -->","yoast_head_json":{"title":"Cookie-Richtlinie - Kerama","description":"Cookie-Richtlinie der Kerama-Website, die auf den Verkauf von Gartenm\u00f6beln f\u00fcr G\u00e4rten, Terrassen und Balkone spezialisiert ist.","robots":{"index":"noindex","follow":"follow"},"og_locale":"de_DE","og_type":"article","og_title":"Cookie-Richtlinie - Kerama","og_description":"Cookie-Richtlinie der Kerama-Website, die auf den Verkauf von Gartenm\u00f6beln f\u00fcr G\u00e4rten, Terrassen und Balkone spezialisiert ist.","og_url":"https:\/\/keramamueblesdejardin.com\/de\/cookie-richtlinie\/","og_site_name":"Kerama","article_publisher":"https:\/\/www.facebook.com\/Kerama-Muebles-de-Jard%c3%adn-106209328312568\/","article_modified_time":"2026-02-11T14:19:54+00:00","og_image":[{"width":800,"height":174,"url":"https:\/\/keramamueblesdejardin.com\/wp-content\/uploads\/2025\/05\/logo-kerama.png","type":"image\/png"}],"twitter_card":"summary_large_image","twitter_misc":{"Gesch\u00e4tzte Lesezeit":"8\u00a0Minuten"},"schema":{"@context":"https:\/\/schema.org","@graph":[{"@type":"WebPage","@id":"https:\/\/keramamueblesdejardin.com\/de\/cookie-richtlinie\/","url":"https:\/\/keramamueblesdejardin.com\/de\/cookie-richtlinie\/","name":"Cookie-Richtlinie - Kerama","isPartOf":{"@id":"https:\/\/keramamueblesdejardin.com\/de\/#website"},"primaryImageOfPage":{"@id":"https:\/\/keramamueblesdejardin.com\/de\/cookie-richtlinie\/#primaryimage"},"image":{"@id":"https:\/\/keramamueblesdejardin.com\/de\/cookie-richtlinie\/#primaryimage"},"thumbnailUrl":"https:\/\/keramamueblesdejardin.com\/wp-content\/uploads\/2025\/05\/logo-kerama.png","datePublished":"2021-01-19T11:56:35+00:00","dateModified":"2026-02-11T14:19:54+00:00","description":"Cookie-Richtlinie der Kerama-Website, die auf den Verkauf von Gartenm\u00f6beln f\u00fcr G\u00e4rten, Terrassen und Balkone spezialisiert ist.","breadcrumb":{"@id":"https:\/\/keramamueblesdejardin.com\/de\/cookie-richtlinie\/#breadcrumb"},"inLanguage":"de","potentialAction":[{"@type":"ReadAction","target":["https:\/\/keramamueblesdejardin.com\/de\/cookie-richtlinie\/"]}]},{"@type":"ImageObject","inLanguage":"de","@id":"https:\/\/keramamueblesdejardin.com\/de\/cookie-richtlinie\/#primaryimage","url":"https:\/\/keramamueblesdejardin.com\/wp-content\/uploads\/2025\/05\/logo-kerama.png","contentUrl":"https:\/\/keramamueblesdejardin.com\/wp-content\/uploads\/2025\/05\/logo-kerama.png"},{"@type":"BreadcrumbList","@id":"https:\/\/keramamueblesdejardin.com\/de\/cookie-richtlinie\/#breadcrumb","itemListElement":[{"@type":"ListItem","position":1,"name":"Home","item":"https:\/\/keramamueblesdejardin.com\/de\/"},{"@type":"ListItem","position":2,"name":"Cookie-Richtlinie"}]},{"@type":"WebSite","@id":"https:\/\/keramamueblesdejardin.com\/de\/#website","url":"https:\/\/keramamueblesdejardin.com\/de\/","name":"Kerama","description":"muebles de jard\u00edn","publisher":{"@id":"https:\/\/keramamueblesdejardin.com\/de\/#organization"},"potentialAction":[{"@type":"SearchAction","target":{"@type":"EntryPoint","urlTemplate":"https:\/\/keramamueblesdejardin.com\/de\/?s={search_term_string}"},"query-input":{"@type":"PropertyValueSpecification","valueRequired":true,"valueName":"search_term_string"}}],"inLanguage":"de"},{"@type":"Organization","@id":"https:\/\/keramamueblesdejardin.com\/de\/#organization","name":"kerama","url":"https:\/\/keramamueblesdejardin.com\/de\/","logo":{"@type":"ImageObject","inLanguage":"de","@id":"https:\/\/keramamueblesdejardin.com\/de\/#\/schema\/logo\/image\/","url":"https:\/\/keramamueblesdejardin.com\/wp-content\/uploads\/2020\/12\/k.-scaled.jpg","contentUrl":"https:\/\/keramamueblesdejardin.com\/wp-content\/uploads\/2020\/12\/k.-scaled.jpg","width":2560,"height":551,"caption":"kerama"},"image":{"@id":"https:\/\/keramamueblesdejardin.com\/de\/#\/schema\/logo\/image\/"},"sameAs":["https:\/\/www.facebook.com\/Kerama-Muebles-de-Jard\u00edn-106209328312568\/"]}]}},"_links":{"self":[{"href":"https:\/\/keramamueblesdejardin.com\/de\/wp-json\/wp\/v2\/pages\/109805","targetHints":{"allow":["GET"]}}],"collection":[{"href":"https:\/\/keramamueblesdejardin.com\/de\/wp-json\/wp\/v2\/pages"}],"about":[{"href":"https:\/\/keramamueblesdejardin.com\/de\/wp-json\/wp\/v2\/types\/page"}],"author":[{"embeddable":true,"href":"https:\/\/keramamueblesdejardin.com\/de\/wp-json\/wp\/v2\/users\/1"}],"replies":[{"embeddable":true,"href":"https:\/\/keramamueblesdejardin.com\/de\/wp-json\/wp\/v2\/comments?post=109805"}],"version-history":[{"count":6,"href":"https:\/\/keramamueblesdejardin.com\/de\/wp-json\/wp\/v2\/pages\/109805\/revisions"}],"predecessor-version":[{"id":192158,"href":"https:\/\/keramamueblesdejardin.com\/de\/wp-json\/wp\/v2\/pages\/109805\/revisions\/192158"}],"wp:attachment":[{"href":"https:\/\/keramamueblesdejardin.com\/de\/wp-json\/wp\/v2\/media?parent=109805"}],"curies":[{"name":"wp","href":"https:\/\/api.w.org\/{rel}","templated":true}]}}